{"id":14419,"date":"2024-12-04T12:43:30","date_gmt":"2024-12-04T11:43:30","guid":{"rendered":"https:\/\/www.valaz.es\/?post_type=product&#038;p=14419"},"modified":"2026-02-13T15:09:33","modified_gmt":"2026-02-13T14:09:33","slug":"ducha-empotrada-monomando-a-techo-redonda-cromada-serie-cenia","status":"publish","type":"product","link":"https:\/\/www.valaz.es\/it\/prodotto\/ducha-empotrada-monomando-a-techo-redonda-cromada-serie-cenia\/","title":{"rendered":"Ducha empotrada monomando a techo redonda cromada &#8211; Serie Cenia"},"content":{"rendered":"<p class=\"\" data-start=\"67\" data-end=\"337\">La ducha empotrada monomando a techo redonda de la serie Cenia con acabado cromado es una opci\u00f3n ideal para quienes buscan un dise\u00f1o elegante y funcional en su ba\u00f1o. Con su acabado brillante y materiales de alta calidad, ofrece una experiencia de ducha moderna y c\u00f3moda.<\/p>\n<h5 class=\"\" data-start=\"339\" data-end=\"362\">Especificaciones:<\/h5>\n<ul data-start=\"364\" data-end=\"804\">\n<li class=\"\" data-start=\"364\" data-end=\"579\">\n<p class=\"\" data-start=\"366\" data-end=\"378\"><strong data-start=\"366\" data-end=\"378\">Incluye:<\/strong><\/p>\n<ul data-start=\"381\" data-end=\"579\">\n<li class=\"\" data-start=\"381\" data-end=\"456\">\n<p class=\"\" data-start=\"383\" data-end=\"456\">Rociador redondo disponible en tama\u00f1os 20, 25 y 30 cm con soporte a techo<\/p>\n<\/li>\n<li class=\"\" data-start=\"459\" data-end=\"525\">\n<p class=\"\" data-start=\"461\" data-end=\"525\">Monomando de 2 v\u00edas (rociador efecto lluvia y alcachofa de mano)<\/p>\n<\/li>\n<li class=\"\" data-start=\"528\" data-end=\"545\">\n<p class=\"\" data-start=\"530\" data-end=\"545\">Flexo de 150 cm<\/p>\n<\/li>\n<li class=\"\" data-start=\"548\" data-end=\"579\">\n<p class=\"\" data-start=\"550\" data-end=\"579\">Alcachofa de mano con soporte<\/p>\n<\/li>\n<li data-start=\"548\" data-end=\"579\">Caja box empotrable<\/li>\n<\/ul>\n<\/li>\n<li class=\"\" data-start=\"580\" data-end=\"712\">\n<p class=\"\" data-start=\"582\" data-end=\"597\"><strong data-start=\"582\" data-end=\"597\">Materiales:<\/strong><\/p>\n<ul data-start=\"600\" data-end=\"712\">\n<li class=\"\" data-start=\"600\" data-end=\"630\">\n<p class=\"\" data-start=\"602\" data-end=\"630\">Rociador de acero inoxidable<\/p>\n<\/li>\n<li class=\"\" data-start=\"633\" data-end=\"653\">\n<p class=\"\" data-start=\"635\" data-end=\"653\">Monomando de lat\u00f3n<\/p>\n<\/li>\n<li class=\"\" data-start=\"656\" data-end=\"682\">\n<p class=\"\" data-start=\"658\" data-end=\"682\">Alcachofa de mano de PVC<\/p>\n<\/li>\n<li class=\"\" data-start=\"685\" data-end=\"712\">\n<p class=\"\" data-start=\"687\" data-end=\"712\">Flexo de acero inoxidable<\/p>\n<\/li>\n<\/ul>\n<\/li>\n<li class=\"\" data-start=\"713\" data-end=\"733\">\n<p class=\"\" data-start=\"715\" data-end=\"733\"><strong data-start=\"715\" data-end=\"727\">Acabado:<\/strong> Cromo<\/p>\n<\/li>\n<li class=\"\" data-start=\"734\" data-end=\"804\">\n<p class=\"\" data-start=\"736\" data-end=\"751\"><strong data-start=\"736\" data-end=\"750\">Funciones:<\/strong><\/p>\n<ul data-start=\"754\" data-end=\"804\">\n<li class=\"\" data-start=\"754\" data-end=\"782\">\n<p class=\"\" data-start=\"756\" data-end=\"782\">Efecto lluvia del rociador<\/p>\n<\/li>\n<li class=\"\" data-start=\"785\" data-end=\"804\">\n<p class=\"\" data-start=\"787\" data-end=\"804\">Alcachofa de mano<\/p>\n<\/li>\n<\/ul>\n<\/li>\n<\/ul>\n<p class=\"\" data-start=\"806\" data-end=\"1052\">Con su acabado cromado, esta ducha proporciona un brillo duradero y sofisticado. Las funciones del rociador y la alcachofa de mano permiten una ducha personalizada, adapt\u00e1ndose a tus preferencias para una experiencia de ba\u00f1o relajante y pr\u00e1ctica.<\/p>\n","protected":false},"excerpt":{"rendered":"<p>La ducha empotrada monomando a techo redonda de la serie  [&#8230;]<\/p>\n","protected":false},"featured_media":14423,"template":"","meta":[],"product_brand":[],"product_cat":[57],"product_tag":[],"serie":[399],"manual-de-instalacion":[],"color":[],"class_list":{"0":"post-14419","1":"product","2":"type-product","3":"status-publish","4":"has-post-thumbnail","6":"product_cat-duchas-empotradas","7":"pa_tamano-rociador-20cm","8":"pa_tamano-rociador-25cm","9":"pa_tamano-rociador-30cm","10":"serie-cenia","12":"first","13":"instock","14":"taxable","15":"shipping-taxable","16":"product-type-variable"},"_links":{"self":[{"href":"https:\/\/www.valaz.es\/it\/wp-json\/wp\/v2\/product\/14419","targetHints":{"allow":["GET"]}}],"collection":[{"href":"https:\/\/www.valaz.es\/it\/wp-json\/wp\/v2\/product"}],"about":[{"href":"https:\/\/www.valaz.es\/it\/wp-json\/wp\/v2\/types\/product"}],"wp:featuredmedia":[{"embeddable":true,"href":"https:\/\/www.valaz.es\/it\/wp-json\/wp\/v2\/media\/14423"}],"wp:attachment":[{"href":"https:\/\/www.valaz.es\/it\/wp-json\/wp\/v2\/media?parent=14419"}],"wp:term":[{"taxonomy":"product_brand","embeddable":true,"href":"https:\/\/www.valaz.es\/it\/wp-json\/wp\/v2\/product_brand?post=14419"},{"taxonomy":"product_cat","embeddable":true,"href":"https:\/\/www.valaz.es\/it\/wp-json\/wp\/v2\/product_cat?post=14419"},{"taxonomy":"product_tag","embeddable":true,"href":"https:\/\/www.valaz.es\/it\/wp-json\/wp\/v2\/product_tag?post=14419"},{"taxonomy":"serie","embeddable":true,"href":"https:\/\/www.valaz.es\/it\/wp-json\/wp\/v2\/serie?post=14419"},{"taxonomy":"manual-de-instalacion","embeddable":true,"href":"https:\/\/www.valaz.es\/it\/wp-json\/wp\/v2\/manual-de-instalacion?post=14419"},{"taxonomy":"color","embeddable":true,"href":"https:\/\/www.valaz.es\/it\/wp-json\/wp\/v2\/color?post=14419"}],"curies":[{"name":"wp","href":"https:\/\/api.w.org\/{rel}","templated":true}]}}