{"id":14381,"date":"2025-04-02T13:06:20","date_gmt":"2025-04-02T11:06:20","guid":{"rendered":"https:\/\/www.valaz.es\/?post_type=product&#038;p=14381"},"modified":"2025-06-27T09:15:42","modified_gmt":"2025-06-27T07:15:42","slug":"ducha-empotrada-termostatica-techo-cuadrada-cromada-serie-eresma","status":"publish","type":"product","link":"https:\/\/www.valaz.es\/it\/prodotto\/ducha-empotrada-termostatica-techo-cuadrada-cromada-serie-eresma\/","title":{"rendered":"Ducha empotrada termost\u00e1tica techo cuadrada cromada &#8211; Serie Eresma"},"content":{"rendered":"<p class=\"\" data-start=\"70\" data-end=\"330\">La <strong data-start=\"73\" data-end=\"120\">Ducha empotrada termost\u00e1tica techo cuadrada<\/strong> de la serie Eresma combina dise\u00f1o moderno con funcionalidad. Con un acabado cromado, esta ducha ofrece una experiencia de ba\u00f1o de lujo gracias a su rociador de gran tama\u00f1o y la versatilidad de su termost\u00e1tica.<\/p>\n<h5 class=\"\" data-start=\"332\" data-end=\"355\">Especificaciones:<\/h5>\n<ul data-start=\"357\" data-end=\"814\">\n<li class=\"\" data-start=\"357\" data-end=\"601\">\n<p class=\"\" data-start=\"359\" data-end=\"371\"><strong data-start=\"359\" data-end=\"371\">Incluye:<\/strong><\/p>\n<ul data-start=\"374\" data-end=\"601\">\n<li class=\"\" data-start=\"374\" data-end=\"475\">\n<p class=\"\" data-start=\"376\" data-end=\"475\">Rociador cuadrado disponible en tama\u00f1os 20&#215;20 cm, 25&#215;25 cm, 30&#215;30 cm y 40&#215;40 cm con soporte a techo<\/p>\n<\/li>\n<li class=\"\" data-start=\"478\" data-end=\"547\">\n<p class=\"\" data-start=\"480\" data-end=\"547\">Termost\u00e1tica de 2 v\u00edas (rociador efecto lluvia y alcachofa de mano)<\/p>\n<\/li>\n<li class=\"\" data-start=\"550\" data-end=\"567\">\n<p class=\"\" data-start=\"552\" data-end=\"567\">Flexo de 150 cm<\/p>\n<\/li>\n<li class=\"\" data-start=\"570\" data-end=\"601\">\n<p class=\"\" data-start=\"572\" data-end=\"601\">Alcachofa de mano con soporte<\/p>\n<\/li>\n<li data-start=\"570\" data-end=\"601\">Caja box empotrable<\/li>\n<\/ul>\n<\/li>\n<li class=\"\" data-start=\"602\" data-end=\"721\">\n<p class=\"\" data-start=\"604\" data-end=\"619\"><strong data-start=\"604\" data-end=\"619\">Materiales:<\/strong><\/p>\n<ul data-start=\"622\" data-end=\"721\">\n<li class=\"\" data-start=\"622\" data-end=\"652\">\n<p class=\"\" data-start=\"624\" data-end=\"652\">Rociador de acero inoxidable<\/p>\n<\/li>\n<li class=\"\" data-start=\"655\" data-end=\"675\">\n<p class=\"\" data-start=\"657\" data-end=\"675\">Monomando de lat\u00f3n<\/p>\n<\/li>\n<li class=\"\" data-start=\"678\" data-end=\"704\">\n<p class=\"\" data-start=\"680\" data-end=\"704\">Alcachofa de mano de PVC<\/p>\n<\/li>\n<li class=\"\" data-start=\"707\" data-end=\"721\">\n<p class=\"\" data-start=\"709\" data-end=\"721\">Flexo de acero inoxidable<\/p>\n<\/li>\n<\/ul>\n<\/li>\n<li class=\"\" data-start=\"722\" data-end=\"744\">\n<p class=\"\" data-start=\"724\" data-end=\"744\"><strong data-start=\"724\" data-end=\"736\">Acabado:<\/strong> Cromado<\/p>\n<\/li>\n<li class=\"\" data-start=\"745\" data-end=\"814\">\n<p class=\"\" data-start=\"747\" data-end=\"761\"><strong data-start=\"747\" data-end=\"761\">Funciones:<\/strong><\/p>\n<ul data-start=\"764\" data-end=\"814\">\n<li class=\"\" data-start=\"764\" data-end=\"792\">\n<p class=\"\" data-start=\"766\" data-end=\"792\">Efecto lluvia del rociador<\/p>\n<\/li>\n<li class=\"\" data-start=\"795\" data-end=\"814\">\n<p class=\"\" data-start=\"797\" data-end=\"814\">Alcachofa de mano<\/p>\n<\/li>\n<\/ul>\n<\/li>\n<\/ul>\n<p class=\"\" data-start=\"816\" data-end=\"1117\">Con el termost\u00e1tico, puedes disfrutar de un control preciso de la temperatura, mientras que el rociador de gran tama\u00f1o ofrece una experiencia de lluvia relajante, y la alcachofa de mano agrega funcionalidad extra para un uso c\u00f3modo y flexible. El acabado cromado a\u00f1ade un toque de elegancia a tu ba\u00f1o.<\/p>\n","protected":false},"excerpt":{"rendered":"<p>La Ducha empotrada termost\u00e1tica techo cuadrada de la serie Eresma  [&#8230;]<\/p>\n","protected":false},"featured_media":14377,"template":"","meta":[],"product_brand":[],"product_cat":[57],"product_tag":[],"serie":[45],"manual-de-instalacion":[79],"color":[26],"class_list":{"0":"post-14381","1":"product","2":"type-product","3":"status-publish","4":"has-post-thumbnail","6":"product_cat-duchas-empotradas","7":"pa_tamano-rociador-20cm","8":"pa_tamano-rociador-25cm","9":"pa_tamano-rociador-30cm","10":"pa_tamano-rociador-40cm","11":"serie-eresma","12":"manual-de-instalacion-guia-instalacion-duchas-empotradas-termostaticas","13":"color-cromo","15":"first","16":"instock","17":"taxable","18":"shipping-taxable","19":"product-type-variable"},"_links":{"self":[{"href":"https:\/\/www.valaz.es\/it\/wp-json\/wp\/v2\/product\/14381","targetHints":{"allow":["GET"]}}],"collection":[{"href":"https:\/\/www.valaz.es\/it\/wp-json\/wp\/v2\/product"}],"about":[{"href":"https:\/\/www.valaz.es\/it\/wp-json\/wp\/v2\/types\/product"}],"wp:featuredmedia":[{"embeddable":true,"href":"https:\/\/www.valaz.es\/it\/wp-json\/wp\/v2\/media\/14377"}],"wp:attachment":[{"href":"https:\/\/www.valaz.es\/it\/wp-json\/wp\/v2\/media?parent=14381"}],"wp:term":[{"taxonomy":"product_brand","embeddable":true,"href":"https:\/\/www.valaz.es\/it\/wp-json\/wp\/v2\/product_brand?post=14381"},{"taxonomy":"product_cat","embeddable":true,"href":"https:\/\/www.valaz.es\/it\/wp-json\/wp\/v2\/product_cat?post=14381"},{"taxonomy":"product_tag","embeddable":true,"href":"https:\/\/www.valaz.es\/it\/wp-json\/wp\/v2\/product_tag?post=14381"},{"taxonomy":"serie","embeddable":true,"href":"https:\/\/www.valaz.es\/it\/wp-json\/wp\/v2\/serie?post=14381"},{"taxonomy":"manual-de-instalacion","embeddable":true,"href":"https:\/\/www.valaz.es\/it\/wp-json\/wp\/v2\/manual-de-instalacion?post=14381"},{"taxonomy":"color","embeddable":true,"href":"https:\/\/www.valaz.es\/it\/wp-json\/wp\/v2\/color?post=14381"}],"curies":[{"name":"wp","href":"https:\/\/api.w.org\/{rel}","templated":true}]}}