{"id":14354,"date":"2024-11-29T12:52:37","date_gmt":"2024-11-29T11:52:37","guid":{"rendered":"https:\/\/www.valaz.es\/?post_type=product&#038;p=14354"},"modified":"2025-10-27T10:54:45","modified_gmt":"2025-10-27T09:54:45","slug":"ducha-encastrada-termostatica-a-ras-techo-cuadrada-negro-mate-serie-eresma","status":"publish","type":"product","link":"https:\/\/www.valaz.es\/it\/prodotto\/ducha-encastrada-termostatica-a-ras-techo-cuadrada-negro-mate-serie-eresma\/","title":{"rendered":"Ducha encastrada termost\u00e1tica a ras techo cuadrada negro mate &#8211; Serie Eresma"},"content":{"rendered":"<article class=\"w-full text-token-text-primary\" dir=\"auto\" data-testid=\"conversation-turn-306\" data-scroll-anchor=\"true\">\n<div class=\"text-base my-auto mx-auto py-5 px-6\">\n<div class=\"mx-auto flex flex-1 text-base gap-4 md:gap-5 lg:gap-6 md:max-w-3xl lg:max-w-[40rem] xl:max-w-[48rem] group\/turn-messages focus-visible:outline-none\" tabindex=\"-1\">\n<div class=\"group\/conversation-turn relative flex w-full min-w-0 flex-col agent-turn @xs\/thread:px-0 @sm\/thread:px-1.5 @md\/thread:px-4\">\n<div class=\"relative flex-col gap-1 md:gap-3\">\n<div class=\"flex max-w-full flex-col flex-grow\">\n<div class=\"min-h-8 text-message relative flex w-full flex-col items-end gap-2 whitespace-normal break-words text-start [.text-message+&amp;]:mt-5\" dir=\"auto\" data-message-author-role=\"assistant\" data-message-id=\"ff406073-e3f4-455d-b196-c8ccd672211a\" data-message-model-slug=\"gpt-4o-mini\">\n<div class=\"flex w-full flex-col gap-1 empty:hidden first:pt-[3px]\">\n<div class=\"markdown prose w-full break-words dark:prose-invert light\">\n<p class=\"\" data-start=\"80\" data-end=\"393\">La <strong data-start=\"83\" data-end=\"128\">Ducha encastrada termost\u00e1tica a ras techo<\/strong> de la serie <strong data-start=\"141\" data-end=\"151\">Eresma<\/strong> en <strong data-start=\"155\" data-end=\"169\">negro mate<\/strong> es la opci\u00f3n perfecta para quienes buscan un dise\u00f1o moderno y funcional, con una instalaci\u00f3n discreta y de alta calidad. Esta ducha proporciona una experiencia completa y personalizada con su sistema termost\u00e1tico de 2 v\u00edas.<\/p>\n<h3 class=\"\" data-start=\"395\" data-end=\"407\">Incluye:<\/h3>\n<ul data-start=\"408\" data-end=\"615\">\n<li class=\"\" data-start=\"408\" data-end=\"483\">\n<p class=\"\" data-start=\"410\" data-end=\"483\"><strong data-start=\"410\" data-end=\"422\">Rociador<\/strong> disponible en tama\u00f1os 30&#215;30 y 40&#215;40 con premarco a ras techo<\/p>\n<\/li>\n<li class=\"\" data-start=\"437\" data-end=\"523\">\n<p class=\"\" data-start=\"439\" data-end=\"523\"><strong>Premarco a ras techo<\/strong><\/p>\n<\/li>\n<li class=\"\" data-start=\"484\" data-end=\"557\">\n<p class=\"\" data-start=\"486\" data-end=\"557\"><strong data-start=\"486\" data-end=\"512\">Termost\u00e1tica de 2 v\u00edas<\/strong> (rociador efecto lluvia y alcachofa de mano)<\/p>\n<\/li>\n<li class=\"\" data-start=\"558\" data-end=\"579\">\n<p class=\"\" data-start=\"560\" data-end=\"579\"><strong data-start=\"560\" data-end=\"579\">Flexo de 150 cm<\/strong><\/p>\n<\/li>\n<li class=\"\" data-start=\"580\" data-end=\"615\">\n<p class=\"\" data-start=\"582\" data-end=\"615\"><strong data-start=\"582\" data-end=\"615\">Alcachofa de mano con soporte<\/strong><\/p>\n<\/li>\n<li data-start=\"580\" data-end=\"615\"><strong>Caja box empotrable<\/strong><\/li>\n<\/ul>\n<h3 class=\"\" data-start=\"617\" data-end=\"632\">Materiales:<\/h3>\n<ul data-start=\"633\" data-end=\"742\">\n<li class=\"\" data-start=\"633\" data-end=\"667\">\n<p class=\"\" data-start=\"635\" data-end=\"667\"><strong data-start=\"635\" data-end=\"647\">Rociador<\/strong> de acero inoxidable<\/p>\n<\/li>\n<li class=\"\" data-start=\"668\" data-end=\"692\">\n<p class=\"\" data-start=\"670\" data-end=\"692\"><strong data-start=\"670\" data-end=\"683\">Monomando<\/strong> de lat\u00f3n<\/p>\n<\/li>\n<li class=\"\" data-start=\"693\" data-end=\"723\">\n<p class=\"\" data-start=\"695\" data-end=\"723\"><strong data-start=\"695\" data-end=\"716\">Alcachofa de mano<\/strong> de PVC<\/p>\n<\/li>\n<li class=\"\" data-start=\"724\" data-end=\"742\">\n<p class=\"\" data-start=\"726\" data-end=\"742\"><strong data-start=\"726\" data-end=\"735\">Flexo<\/strong> de PVC<\/p>\n<\/li>\n<\/ul>\n<h3 class=\"\" data-start=\"744\" data-end=\"756\">Acabado:<\/h3>\n<ul data-start=\"757\" data-end=\"773\">\n<li class=\"\" data-start=\"757\" data-end=\"773\">\n<p class=\"\" data-start=\"759\" data-end=\"773\"><strong data-start=\"759\" data-end=\"773\">Negro mate<\/strong><\/p>\n<\/li>\n<\/ul>\n<h3 class=\"\" data-start=\"775\" data-end=\"789\">Funciones:<\/h3>\n<ul data-start=\"790\" data-end=\"923\">\n<li class=\"\" data-start=\"790\" data-end=\"863\">\n<p class=\"\" data-start=\"792\" data-end=\"863\"><strong data-start=\"792\" data-end=\"809\">Efecto lluvia<\/strong> del rociador para una experiencia de ducha envolvente<\/p>\n<\/li>\n<li class=\"\" data-start=\"864\" data-end=\"923\">\n<p class=\"\" data-start=\"866\" data-end=\"923\"><strong data-start=\"866\" data-end=\"887\">Alcachofa de mano<\/strong> para mayor flexibilidad y comodidad<\/p>\n<\/li>\n<\/ul>\n<p class=\"\" data-start=\"925\" data-end=\"1268\">Con su acabado <strong data-start=\"940\" data-end=\"954\">negro mate<\/strong>, esta ducha encastrada aporta elegancia y sofisticaci\u00f3n a cualquier ba\u00f1o. Su sistema termost\u00e1tico garantiza un control preciso de la temperatura, mientras que el dise\u00f1o encastrado proporciona una instalaci\u00f3n limpia y minimalista. Ideal para quienes buscan un estilo contempor\u00e1neo sin comprometer la funcionalidad.<\/p>\n<\/div>\n<\/div>\n<\/div>\n<\/div>\n<\/div>\n<\/div>\n<\/div>\n<\/div>\n<\/article>\n","protected":false},"excerpt":{"rendered":"<p>La Ducha encastrada termost\u00e1tica a ras techo de la serie  [&#8230;]<\/p>\n","protected":false},"featured_media":14332,"template":"","meta":[],"product_brand":[],"product_cat":[57],"product_tag":[],"serie":[45],"manual-de-instalacion":[79],"color":[27],"class_list":{"0":"post-14354","1":"product","2":"type-product","3":"status-publish","4":"has-post-thumbnail","6":"product_cat-duchas-empotradas","7":"pa_tamano-rociador-30cm","8":"pa_tamano-rociador-40cm","9":"serie-eresma","10":"manual-de-instalacion-guia-instalacion-duchas-empotradas-termostaticas","11":"color-negro-mate","13":"first","14":"instock","15":"taxable","16":"shipping-taxable","17":"product-type-variable"},"_links":{"self":[{"href":"https:\/\/www.valaz.es\/it\/wp-json\/wp\/v2\/product\/14354","targetHints":{"allow":["GET"]}}],"collection":[{"href":"https:\/\/www.valaz.es\/it\/wp-json\/wp\/v2\/product"}],"about":[{"href":"https:\/\/www.valaz.es\/it\/wp-json\/wp\/v2\/types\/product"}],"wp:featuredmedia":[{"embeddable":true,"href":"https:\/\/www.valaz.es\/it\/wp-json\/wp\/v2\/media\/14332"}],"wp:attachment":[{"href":"https:\/\/www.valaz.es\/it\/wp-json\/wp\/v2\/media?parent=14354"}],"wp:term":[{"taxonomy":"product_brand","embeddable":true,"href":"https:\/\/www.valaz.es\/it\/wp-json\/wp\/v2\/product_brand?post=14354"},{"taxonomy":"product_cat","embeddable":true,"href":"https:\/\/www.valaz.es\/it\/wp-json\/wp\/v2\/product_cat?post=14354"},{"taxonomy":"product_tag","embeddable":true,"href":"https:\/\/www.valaz.es\/it\/wp-json\/wp\/v2\/product_tag?post=14354"},{"taxonomy":"serie","embeddable":true,"href":"https:\/\/www.valaz.es\/it\/wp-json\/wp\/v2\/serie?post=14354"},{"taxonomy":"manual-de-instalacion","embeddable":true,"href":"https:\/\/www.valaz.es\/it\/wp-json\/wp\/v2\/manual-de-instalacion?post=14354"},{"taxonomy":"color","embeddable":true,"href":"https:\/\/www.valaz.es\/it\/wp-json\/wp\/v2\/color?post=14354"}],"curies":[{"name":"wp","href":"https:\/\/api.w.org\/{rel}","templated":true}]}}