{"id":14349,"date":"2024-11-29T12:52:40","date_gmt":"2024-11-29T11:52:40","guid":{"rendered":"https:\/\/www.valaz.es\/?post_type=product&#038;p=14349"},"modified":"2025-10-27T10:54:53","modified_gmt":"2025-10-27T09:54:53","slug":"ducha-empotrada-termostatica-techo-cuadrada-negro-mate-serie-eresma","status":"publish","type":"product","link":"https:\/\/www.valaz.es\/it\/prodotto\/ducha-empotrada-termostatica-techo-cuadrada-negro-mate-serie-eresma\/","title":{"rendered":"Ducha empotrada termost\u00e1tica techo cuadrada negro mate &#8211; Serie Eresma"},"content":{"rendered":"<p class=\"\" data-start=\"73\" data-end=\"381\">La <strong data-start=\"76\" data-end=\"123\">Ducha empotrada termost\u00e1tica techo cuadrada<\/strong> de la serie <strong data-start=\"136\" data-end=\"146\">Eresma<\/strong> es una opci\u00f3n ideal para un ba\u00f1o moderno y elegante, con un dise\u00f1o en <strong data-start=\"217\" data-end=\"231\">negro mate<\/strong> que le aporta un toque sofisticado y vanguardista. Su tecnolog\u00eda termost\u00e1tica te permitir\u00e1 disfrutar de una experiencia de ducha c\u00f3moda y controlada.<\/p>\n<h3 class=\"\" data-start=\"383\" data-end=\"395\">Incluye:<\/h3>\n<ul data-start=\"396\" data-end=\"605\">\n<li class=\"\" data-start=\"396\" data-end=\"473\">\n<p class=\"\" data-start=\"398\" data-end=\"473\"><strong data-start=\"398\" data-end=\"410\">Rociador<\/strong> disponible en tama\u00f1os 20&#215;20, 25&#215;25 y 30&#215;30 con soporte a techo<\/p>\n<\/li>\n<li class=\"\" data-start=\"474\" data-end=\"547\">\n<p class=\"\" data-start=\"476\" data-end=\"547\"><strong data-start=\"476\" data-end=\"502\">Termost\u00e1tica de 2 v\u00edas<\/strong> (rociador efecto lluvia y alcachofa de mano)<\/p>\n<\/li>\n<li class=\"\" data-start=\"548\" data-end=\"569\">\n<p class=\"\" data-start=\"550\" data-end=\"569\"><strong data-start=\"550\" data-end=\"569\">Flexo de 150 cm<\/strong><\/p>\n<\/li>\n<li data-start=\"548\" data-end=\"569\"><strong>Caja box empotrable<\/strong><\/li>\n<li class=\"\" data-start=\"570\" data-end=\"605\">\n<p class=\"\" data-start=\"572\" data-end=\"605\"><strong data-start=\"572\" data-end=\"605\">Alcachofa de mano con soporte<\/strong><\/p>\n<\/li>\n<\/ul>\n<h3 class=\"\" data-start=\"607\" data-end=\"622\">Materiales:<\/h3>\n<ul data-start=\"623\" data-end=\"732\">\n<li class=\"\" data-start=\"623\" data-end=\"657\">\n<p class=\"\" data-start=\"625\" data-end=\"657\"><strong data-start=\"625\" data-end=\"637\">Rociador<\/strong> de acero inoxidable<\/p>\n<\/li>\n<li class=\"\" data-start=\"658\" data-end=\"682\">\n<p class=\"\" data-start=\"660\" data-end=\"682\"><strong data-start=\"660\" data-end=\"673\">Monomando<\/strong> de lat\u00f3n<\/p>\n<\/li>\n<li class=\"\" data-start=\"683\" data-end=\"713\">\n<p class=\"\" data-start=\"685\" data-end=\"713\"><strong data-start=\"685\" data-end=\"706\">Alcachofa de mano<\/strong> de PVC<\/p>\n<\/li>\n<li class=\"\" data-start=\"714\" data-end=\"732\">\n<p class=\"\" data-start=\"716\" data-end=\"732\"><strong data-start=\"716\" data-end=\"725\">Flexo<\/strong> de PVC<\/p>\n<\/li>\n<\/ul>\n<h3 class=\"\" data-start=\"734\" data-end=\"746\">Acabado:<\/h3>\n<ul data-start=\"747\" data-end=\"763\">\n<li class=\"\" data-start=\"747\" data-end=\"763\">\n<p class=\"\" data-start=\"749\" data-end=\"763\"><strong data-start=\"749\" data-end=\"763\">Negro mate<\/strong><\/p>\n<\/li>\n<\/ul>\n<h3 class=\"\" data-start=\"765\" data-end=\"779\">Funciones:<\/h3>\n<ul data-start=\"780\" data-end=\"908\">\n<li class=\"\" data-start=\"780\" data-end=\"837\">\n<p class=\"\" data-start=\"782\" data-end=\"837\"><strong data-start=\"782\" data-end=\"799\">Efecto lluvia<\/strong> del rociador para una ducha relajante<\/p>\n<\/li>\n<li class=\"\" data-start=\"838\" data-end=\"908\">\n<p class=\"\" data-start=\"840\" data-end=\"908\"><strong data-start=\"840\" data-end=\"861\">Alcachofa de mano<\/strong> para mayor comodidad y flexibilidad en el uso.<\/p>\n<\/li>\n<\/ul>\n<p class=\"\" data-start=\"910\" data-end=\"1204\">El acabado en <strong data-start=\"924\" data-end=\"938\">negro mate<\/strong> le da un estilo moderno y sobrio, y la <strong data-start=\"978\" data-end=\"994\">termost\u00e1tica<\/strong> asegura una regulaci\u00f3n precisa de la temperatura, lo que mejora la experiencia de ducha al eliminar cambios inesperados de calor o fr\u00edo. Perfecta para quienes buscan una opci\u00f3n de dise\u00f1o atractivo y funcional.<\/p>\n","protected":false},"excerpt":{"rendered":"<p>La Ducha empotrada termost\u00e1tica techo cuadrada de la serie Eresma  [&#8230;]<\/p>\n","protected":false},"featured_media":14336,"template":"","meta":[],"product_brand":[],"product_cat":[57],"product_tag":[],"serie":[45],"manual-de-instalacion":[79],"color":[27],"class_list":{"0":"post-14349","1":"product","2":"type-product","3":"status-publish","4":"has-post-thumbnail","6":"product_cat-duchas-empotradas","7":"pa_tamano-rociador-20cm","8":"pa_tamano-rociador-25cm","9":"pa_tamano-rociador-30cm","10":"pa_tamano-rociador-40cm","11":"serie-eresma","12":"manual-de-instalacion-guia-instalacion-duchas-empotradas-termostaticas","13":"color-negro-mate","15":"first","16":"instock","17":"taxable","18":"shipping-taxable","19":"product-type-variable"},"_links":{"self":[{"href":"https:\/\/www.valaz.es\/it\/wp-json\/wp\/v2\/product\/14349","targetHints":{"allow":["GET"]}}],"collection":[{"href":"https:\/\/www.valaz.es\/it\/wp-json\/wp\/v2\/product"}],"about":[{"href":"https:\/\/www.valaz.es\/it\/wp-json\/wp\/v2\/types\/product"}],"wp:featuredmedia":[{"embeddable":true,"href":"https:\/\/www.valaz.es\/it\/wp-json\/wp\/v2\/media\/14336"}],"wp:attachment":[{"href":"https:\/\/www.valaz.es\/it\/wp-json\/wp\/v2\/media?parent=14349"}],"wp:term":[{"taxonomy":"product_brand","embeddable":true,"href":"https:\/\/www.valaz.es\/it\/wp-json\/wp\/v2\/product_brand?post=14349"},{"taxonomy":"product_cat","embeddable":true,"href":"https:\/\/www.valaz.es\/it\/wp-json\/wp\/v2\/product_cat?post=14349"},{"taxonomy":"product_tag","embeddable":true,"href":"https:\/\/www.valaz.es\/it\/wp-json\/wp\/v2\/product_tag?post=14349"},{"taxonomy":"serie","embeddable":true,"href":"https:\/\/www.valaz.es\/it\/wp-json\/wp\/v2\/serie?post=14349"},{"taxonomy":"manual-de-instalacion","embeddable":true,"href":"https:\/\/www.valaz.es\/it\/wp-json\/wp\/v2\/manual-de-instalacion?post=14349"},{"taxonomy":"color","embeddable":true,"href":"https:\/\/www.valaz.es\/it\/wp-json\/wp\/v2\/color?post=14349"}],"curies":[{"name":"wp","href":"https:\/\/api.w.org\/{rel}","templated":true}]}}