{"id":14021,"date":"2024-10-29T15:23:36","date_gmt":"2024-10-29T14:23:36","guid":{"rendered":"https:\/\/www.valaz.es\/?post_type=product&#038;p=14021"},"modified":"2025-04-23T12:03:18","modified_gmt":"2025-04-23T10:03:18","slug":"grifo-de-banera-monomando-gun-metal-serie-jucar","status":"publish","type":"product","link":"https:\/\/www.valaz.es\/it\/prodotto\/grifo-de-banera-monomando-gun-metal-serie-jucar\/","title":{"rendered":"Grifo de ba\u00f1era monomando gun metal &#8211; Serie jucar"},"content":{"rendered":"<p class=\"\" data-start=\"0\" data-end=\"51\">Grifo de ba\u00f1era empotrado con dise\u00f1o moderno en acabado Gun Metal. Este sistema combina funcionalidad y est\u00e9tica, ofreciendo dos salidas de agua: una a trav\u00e9s del ca\u00f1o y otra mediante la alcachofa de mano, perfecta para una experiencia pr\u00e1ctica y vers\u00e1til en la ba\u00f1era.<\/p>\n<h3 class=\"\" data-start=\"53\" data-end=\"65\">Incluye:<\/h3>\n<ul data-start=\"66\" data-end=\"193\">\n<li class=\"\" data-start=\"66\" data-end=\"133\">\n<p class=\"\" data-start=\"68\" data-end=\"133\"><strong data-start=\"68\" data-end=\"91\">Monomando de 2 v\u00edas<\/strong> (alcachofa de mano, ca\u00f1o grifo de 21 cm).<\/p>\n<\/li>\n<li class=\"\" data-start=\"134\" data-end=\"156\">\n<p class=\"\" data-start=\"136\" data-end=\"156\"><strong data-start=\"136\" data-end=\"145\">Flexo<\/strong> de 150 cm.<\/p>\n<\/li>\n<li class=\"\" data-start=\"157\" data-end=\"193\">\n<p class=\"\" data-start=\"159\" data-end=\"193\"><strong data-start=\"159\" data-end=\"180\">Alcachofa de mano<\/strong> con soporte.<\/p>\n<\/li>\n<li data-start=\"157\" data-end=\"193\"><strong>Caja box empotrable<\/strong><\/li>\n<\/ul>\n<h3 class=\"\" data-start=\"195\" data-end=\"210\">Materiales:<\/h3>\n<ul data-start=\"211\" data-end=\"320\">\n<li class=\"\" data-start=\"211\" data-end=\"236\">\n<p class=\"\" data-start=\"213\" data-end=\"236\"><strong data-start=\"213\" data-end=\"226\">Monomando<\/strong> de lat\u00f3n.<\/p>\n<\/li>\n<li class=\"\" data-start=\"237\" data-end=\"268\">\n<p class=\"\" data-start=\"239\" data-end=\"268\"><strong data-start=\"239\" data-end=\"260\">Alcachofa de mano<\/strong> de PVC.<\/p>\n<\/li>\n<li class=\"\" data-start=\"269\" data-end=\"288\">\n<p class=\"\" data-start=\"271\" data-end=\"288\"><strong data-start=\"271\" data-end=\"280\">Flexo<\/strong> de PVC.<\/p>\n<\/li>\n<li class=\"\" data-start=\"289\" data-end=\"320\">\n<p class=\"\" data-start=\"291\" data-end=\"320\"><strong data-start=\"291\" data-end=\"299\">Ca\u00f1o<\/strong> de lat\u00f3n negro mate.<\/p>\n<\/li>\n<\/ul>\n<h3 class=\"\" data-start=\"322\" data-end=\"334\">Acabado:<\/h3>\n<ul data-start=\"335\" data-end=\"351\">\n<li class=\"\" data-start=\"335\" data-end=\"351\">\n<p class=\"\" data-start=\"337\" data-end=\"351\"><strong data-start=\"337\" data-end=\"350\">Gun Metal<\/strong>.<\/p>\n<\/li>\n<\/ul>\n<h3 class=\"\" data-start=\"353\" data-end=\"367\">Funciones:<\/h3>\n<ul data-start=\"368\" data-end=\"425\" data-is-last-node=\"\" data-is-only-node=\"\">\n<li class=\"\" data-start=\"368\" data-end=\"425\">\n<p class=\"\" data-start=\"370\" data-end=\"425\"><strong data-start=\"370\" data-end=\"388\">Salida de agua<\/strong> por alcachofa de mano o ca\u00f1o ba\u00f1era.<\/p>\n<\/li>\n<\/ul>\n","protected":false},"excerpt":{"rendered":"<p>Grifo de ba\u00f1era empotrado con dise\u00f1o moderno en acabado Gun  [&#8230;]<\/p>\n","protected":false},"featured_media":14022,"template":"","meta":[],"product_brand":[],"product_cat":[61],"product_tag":[],"serie":[56],"manual-de-instalacion":[78],"color":[30],"class_list":{"0":"post-14021","1":"product","2":"type-product","3":"status-publish","4":"has-post-thumbnail","6":"product_cat-griferia-de-banera-empotrada","7":"serie-jucar","8":"manual-de-instalacion-guia-instalacion-duchas-empotradas-monomando","9":"color-gun-metal","11":"first","12":"instock","13":"taxable","14":"shipping-taxable","15":"product-type-simple"},"_links":{"self":[{"href":"https:\/\/www.valaz.es\/it\/wp-json\/wp\/v2\/product\/14021","targetHints":{"allow":["GET"]}}],"collection":[{"href":"https:\/\/www.valaz.es\/it\/wp-json\/wp\/v2\/product"}],"about":[{"href":"https:\/\/www.valaz.es\/it\/wp-json\/wp\/v2\/types\/product"}],"wp:featuredmedia":[{"embeddable":true,"href":"https:\/\/www.valaz.es\/it\/wp-json\/wp\/v2\/media\/14022"}],"wp:attachment":[{"href":"https:\/\/www.valaz.es\/it\/wp-json\/wp\/v2\/media?parent=14021"}],"wp:term":[{"taxonomy":"product_brand","embeddable":true,"href":"https:\/\/www.valaz.es\/it\/wp-json\/wp\/v2\/product_brand?post=14021"},{"taxonomy":"product_cat","embeddable":true,"href":"https:\/\/www.valaz.es\/it\/wp-json\/wp\/v2\/product_cat?post=14021"},{"taxonomy":"product_tag","embeddable":true,"href":"https:\/\/www.valaz.es\/it\/wp-json\/wp\/v2\/product_tag?post=14021"},{"taxonomy":"serie","embeddable":true,"href":"https:\/\/www.valaz.es\/it\/wp-json\/wp\/v2\/serie?post=14021"},{"taxonomy":"manual-de-instalacion","embeddable":true,"href":"https:\/\/www.valaz.es\/it\/wp-json\/wp\/v2\/manual-de-instalacion?post=14021"},{"taxonomy":"color","embeddable":true,"href":"https:\/\/www.valaz.es\/it\/wp-json\/wp\/v2\/color?post=14021"}],"curies":[{"name":"wp","href":"https:\/\/api.w.org\/{rel}","templated":true}]}}