{"id":13887,"date":"2024-11-27T11:13:32","date_gmt":"2024-11-27T10:13:32","guid":{"rendered":"https:\/\/www.valaz.es\/?post_type=product&#038;p=13887"},"modified":"2025-09-03T10:54:20","modified_gmt":"2025-09-03T08:54:20","slug":"accesorios-de-bano-adhesivos-pegados-sin-talado-oro-mate-con-proteccion-pvd-cuadrados-toallero-40cm-percha-portarollos","status":"publish","type":"product","link":"https:\/\/www.valaz.es\/it\/prodotto\/accesorios-de-bano-adhesivos-pegados-sin-talado-oro-mate-con-proteccion-pvd-cuadrados-toallero-40cm-percha-portarollos\/","title":{"rendered":"Accesorios de ba\u00f1o adhesivos pegados sin talado oro mate con protecci\u00f3n PVD cuadrados Toallero 40cm+ Percha+ Portarollos"},"content":{"rendered":"<p class=\"\" data-start=\"134\" data-end=\"430\">Transforme su ba\u00f1o con esta elegante y funcional l\u00ednea de <strong data-start=\"192\" data-end=\"224\">accesorios de ba\u00f1o adhesivos<\/strong> en <strong data-start=\"228\" data-end=\"259\">oro mate con protecci\u00f3n PVD<\/strong>. Estos accesorios est\u00e1n dise\u00f1ados para una instalaci\u00f3n f\u00e1cil sin necesidad de taladrar, lo que facilita su colocaci\u00f3n y protege la integridad de las superficies del ba\u00f1o.<\/p>\n<h3 class=\"\" data-start=\"432\" data-end=\"444\">Incluye:<\/h3>\n<ul data-start=\"445\" data-end=\"593\">\n<li class=\"\" data-start=\"445\" data-end=\"510\">\n<p class=\"\" data-start=\"447\" data-end=\"510\"><strong data-start=\"447\" data-end=\"459\">Toallero<\/strong> de 40 cm (medida exterior: 40 cm, interior: 35 cm)<\/p>\n<\/li>\n<li class=\"\" data-start=\"511\" data-end=\"529\">\n<p class=\"\" data-start=\"513\" data-end=\"529\"><strong data-start=\"513\" data-end=\"529\">Portarrollos<\/strong><\/p>\n<\/li>\n<li class=\"\" data-start=\"530\" data-end=\"593\">\n<p class=\"\" data-start=\"532\" data-end=\"593\"><strong data-start=\"532\" data-end=\"542\">Percha<\/strong> (opcional de 1, 2 o 3 unidades, seg\u00fan preferencia)<\/p>\n<\/li>\n<\/ul>\n<h3 class=\"\" data-start=\"595\" data-end=\"610\">Materiales:<\/h3>\n<ul data-start=\"611\" data-end=\"828\">\n<li class=\"\" data-start=\"611\" data-end=\"725\">\n<p class=\"\" data-start=\"613\" data-end=\"725\">Fabricados en <strong data-start=\"627\" data-end=\"654\">acero inoxidable SUS304<\/strong> de alta calidad, garantizando durabilidad y resistencia a la corrosi\u00f3n<\/p>\n<\/li>\n<li class=\"\" data-start=\"726\" data-end=\"828\">\n<p class=\"\" data-start=\"728\" data-end=\"828\"><strong data-start=\"728\" data-end=\"761\">Acabado en oro mate cepillado<\/strong> con protecci\u00f3n PVD, que proporciona un toque sofisticado y moderno<\/p>\n<\/li>\n<\/ul>\n<h3 class=\"\" data-start=\"830\" data-end=\"850\">Caracter\u00edsticas:<\/h3>\n<ul data-start=\"851\" data-end=\"1170\">\n<li class=\"\" data-start=\"851\" data-end=\"954\">\n<p class=\"\" data-start=\"853\" data-end=\"954\"><strong data-start=\"853\" data-end=\"881\">Instalaci\u00f3n sin taladrar<\/strong>, mediante un sistema adhesivo que asegura una sujeci\u00f3n firme y confiable<\/p>\n<\/li>\n<li class=\"\" data-start=\"955\" data-end=\"1099\">\n<p class=\"\" data-start=\"957\" data-end=\"1099\">El <strong data-start=\"960\" data-end=\"981\">toallero de 40 cm<\/strong> es ideal para colgar toallas de tama\u00f1o est\u00e1ndar, mientras que la <strong data-start=\"1047\" data-end=\"1057\">percha<\/strong> es perfecta para colgar accesorios o ropa<\/p>\n<\/li>\n<li class=\"\" data-start=\"1100\" data-end=\"1170\">\n<p class=\"\" data-start=\"1102\" data-end=\"1170\">El <strong data-start=\"1105\" data-end=\"1121\">portarrollos<\/strong> proporciona comodidad y funcionalidad en su ba\u00f1o<\/p>\n<\/li>\n<\/ul>\n<p class=\"\" data-start=\"1172\" data-end=\"1319\">Con estos accesorios de ba\u00f1o, no solo mejora la est\u00e9tica de su espacio, sino que tambi\u00e9n disfruta de una soluci\u00f3n pr\u00e1ctica y sencilla para su ba\u00f1o.<\/p>\n","protected":false},"excerpt":{"rendered":"<p>Transforme su ba\u00f1o con esta elegante y funcional l\u00ednea de  [&#8230;]<\/p>\n","protected":false},"featured_media":14222,"template":"","meta":[],"product_brand":[],"product_cat":[388,70],"product_tag":[],"serie":[],"manual-de-instalacion":[],"color":[350],"class_list":{"0":"post-13887","1":"product","2":"type-product","3":"status-publish","4":"has-post-thumbnail","6":"product_cat-accesorios-2","7":"product_cat-accesorios","8":"color-oro-mate-cepillado","10":"first","11":"instock","12":"taxable","13":"shipping-taxable","14":"product-type-variable"},"_links":{"self":[{"href":"https:\/\/www.valaz.es\/it\/wp-json\/wp\/v2\/product\/13887","targetHints":{"allow":["GET"]}}],"collection":[{"href":"https:\/\/www.valaz.es\/it\/wp-json\/wp\/v2\/product"}],"about":[{"href":"https:\/\/www.valaz.es\/it\/wp-json\/wp\/v2\/types\/product"}],"wp:featuredmedia":[{"embeddable":true,"href":"https:\/\/www.valaz.es\/it\/wp-json\/wp\/v2\/media\/14222"}],"wp:attachment":[{"href":"https:\/\/www.valaz.es\/it\/wp-json\/wp\/v2\/media?parent=13887"}],"wp:term":[{"taxonomy":"product_brand","embeddable":true,"href":"https:\/\/www.valaz.es\/it\/wp-json\/wp\/v2\/product_brand?post=13887"},{"taxonomy":"product_cat","embeddable":true,"href":"https:\/\/www.valaz.es\/it\/wp-json\/wp\/v2\/product_cat?post=13887"},{"taxonomy":"product_tag","embeddable":true,"href":"https:\/\/www.valaz.es\/it\/wp-json\/wp\/v2\/product_tag?post=13887"},{"taxonomy":"serie","embeddable":true,"href":"https:\/\/www.valaz.es\/it\/wp-json\/wp\/v2\/serie?post=13887"},{"taxonomy":"manual-de-instalacion","embeddable":true,"href":"https:\/\/www.valaz.es\/it\/wp-json\/wp\/v2\/manual-de-instalacion?post=13887"},{"taxonomy":"color","embeddable":true,"href":"https:\/\/www.valaz.es\/it\/wp-json\/wp\/v2\/color?post=13887"}],"curies":[{"name":"wp","href":"https:\/\/api.w.org\/{rel}","templated":true}]}}