{"id":13747,"date":"2024-09-27T11:57:21","date_gmt":"2024-09-27T09:57:21","guid":{"rendered":"https:\/\/www.valaz.es\/?post_type=product&#038;p=13747"},"modified":"2026-04-13T11:23:08","modified_gmt":"2026-04-13T09:23:08","slug":"grifo-bide-retro-dorado-envejecido-bimando-serie-adaja","status":"publish","type":"product","link":"https:\/\/www.valaz.es\/it\/prodotto\/grifo-bide-retro-dorado-envejecido-bimando-serie-adaja\/","title":{"rendered":"Grifo bid\u00e9 retro dorado envejecido bimando &#8211; Serie Adaja"},"content":{"rendered":"<p class=\"\" data-start=\"60\" data-end=\"354\">Grifo de bid\u00e9 de dise\u00f1o retro con acabado dorado envejecido, que aporta un toque de elegancia vintage a tu ba\u00f1o. Con sistema bimando para controlar de forma independiente el agua caliente y fr\u00eda, este grifo es perfecto para quienes buscan un estilo cl\u00e1sico con funcionalidad.<\/p>\n<p class=\"\" data-start=\"356\" data-end=\"378\"><strong data-start=\"356\" data-end=\"375\">Caracter\u00edsticas<\/strong>:<\/p>\n<ul data-start=\"379\" data-end=\"746\">\n<li class=\"\" data-start=\"379\" data-end=\"475\">\n<p class=\"\" data-start=\"381\" data-end=\"475\"><strong data-start=\"381\" data-end=\"404\">Tipo de instalaci\u00f3n<\/strong>: Bimando para control independiente de temperatura y caudal de agua.<\/p>\n<\/li>\n<li class=\"\" data-start=\"476\" data-end=\"655\">\n<p class=\"\" data-start=\"478\" data-end=\"495\"><strong data-start=\"478\" data-end=\"492\">Materiales<\/strong>:<\/p>\n<ul data-start=\"498\" data-end=\"655\">\n<li class=\"\" data-start=\"498\" data-end=\"595\">\n<p class=\"\" data-start=\"500\" data-end=\"595\"><strong data-start=\"500\" data-end=\"522\">Cuerpo de grifer\u00eda<\/strong> en lat\u00f3n con acabado dorado envejecido, de alta calidad y resistencia.<\/p>\n<\/li>\n<li class=\"\" data-start=\"598\" data-end=\"655\">\n<p class=\"\" data-start=\"600\" data-end=\"655\"><strong data-start=\"600\" data-end=\"619\">Latiguillos 3\/8<\/strong> incluidos para f\u00e1cil instalaci\u00f3n.<\/p>\n<\/li>\n<\/ul>\n<\/li>\n<li class=\"\" data-start=\"656\" data-end=\"746\">\n<p class=\"\" data-start=\"658\" data-end=\"746\"><strong data-start=\"658\" data-end=\"667\">Color<\/strong>: Dorado envejecido, ideal para darle un toque vintage y sofisticado a tu ba\u00f1o.<\/p>\n<\/li>\n<\/ul>\n<p class=\"\" data-start=\"748\" data-end=\"764\"><strong data-start=\"748\" data-end=\"761\">Funciones<\/strong>:<\/p>\n<ul data-start=\"765\" data-end=\"886\">\n<li class=\"\" data-start=\"765\" data-end=\"886\">\n<p class=\"\" data-start=\"767\" data-end=\"886\">Control total sobre el flujo de agua mediante dos mandos, permitiendo ajustar la temperatura y presi\u00f3n con precisi\u00f3n.<\/p>\n<\/li>\n<\/ul>\n<p class=\"\" data-start=\"888\" data-end=\"990\">Este grifo de bid\u00e9 es perfecto para quienes buscan un dise\u00f1o retro con un toque de lujo y durabilidad.<\/p>\n","protected":false},"excerpt":{"rendered":"<p>Grifo de bid\u00e9 de dise\u00f1o retro con acabado dorado envejecido,  [&#8230;]<\/p>\n","protected":false},"featured_media":20814,"template":"","meta":[],"product_brand":[],"product_cat":[54],"product_tag":[],"serie":[43],"manual-de-instalacion":[83],"color":[29],"class_list":{"0":"post-13747","1":"product","2":"type-product","3":"status-publish","4":"has-post-thumbnail","6":"product_cat-grifos-de-bidet","7":"serie-adaja","8":"manual-de-instalacion-guia-instalacion-grifo-superficie","9":"color-dorado-envejecido","11":"first","12":"instock","13":"taxable","14":"shipping-taxable","15":"product-type-simple"},"_links":{"self":[{"href":"https:\/\/www.valaz.es\/it\/wp-json\/wp\/v2\/product\/13747","targetHints":{"allow":["GET"]}}],"collection":[{"href":"https:\/\/www.valaz.es\/it\/wp-json\/wp\/v2\/product"}],"about":[{"href":"https:\/\/www.valaz.es\/it\/wp-json\/wp\/v2\/types\/product"}],"wp:featuredmedia":[{"embeddable":true,"href":"https:\/\/www.valaz.es\/it\/wp-json\/wp\/v2\/media\/20814"}],"wp:attachment":[{"href":"https:\/\/www.valaz.es\/it\/wp-json\/wp\/v2\/media?parent=13747"}],"wp:term":[{"taxonomy":"product_brand","embeddable":true,"href":"https:\/\/www.valaz.es\/it\/wp-json\/wp\/v2\/product_brand?post=13747"},{"taxonomy":"product_cat","embeddable":true,"href":"https:\/\/www.valaz.es\/it\/wp-json\/wp\/v2\/product_cat?post=13747"},{"taxonomy":"product_tag","embeddable":true,"href":"https:\/\/www.valaz.es\/it\/wp-json\/wp\/v2\/product_tag?post=13747"},{"taxonomy":"serie","embeddable":true,"href":"https:\/\/www.valaz.es\/it\/wp-json\/wp\/v2\/serie?post=13747"},{"taxonomy":"manual-de-instalacion","embeddable":true,"href":"https:\/\/www.valaz.es\/it\/wp-json\/wp\/v2\/manual-de-instalacion?post=13747"},{"taxonomy":"color","embeddable":true,"href":"https:\/\/www.valaz.es\/it\/wp-json\/wp\/v2\/color?post=13747"}],"curies":[{"name":"wp","href":"https:\/\/api.w.org\/{rel}","templated":true}]}}