{"id":13701,"date":"2024-09-25T16:14:20","date_gmt":"2024-09-25T14:14:20","guid":{"rendered":"https:\/\/www.valaz.es\/?post_type=product&#038;p=13701"},"modified":"2025-05-23T12:18:51","modified_gmt":"2025-05-23T10:18:51","slug":"cuerpo-empotrado-termostatico-redondo-dos-vias-oro-mate-con-proteccion-pvdcuerpo-empotrado-termostatico-redondo-dos-vias-oro-mate","status":"publish","type":"product","link":"https:\/\/www.valaz.es\/it\/prodotto\/cuerpo-empotrado-termostatico-redondo-dos-vias-oro-mate-con-proteccion-pvdcuerpo-empotrado-termostatico-redondo-dos-vias-oro-mate\/","title":{"rendered":"Cuerpo empotrado termost\u00e1tico redondo dos v\u00edas oro mate con protecci\u00f3n PVD"},"content":{"rendered":"<p class=\"\" data-start=\"80\" data-end=\"376\">Sistema empotrado termost\u00e1tico de 2 v\u00edas con dise\u00f1o redondo y acabado en oro mate con protecci\u00f3n PVD, que mejora la resistencia al desgaste y la corrosi\u00f3n. Permite controlar la temperatura con precisi\u00f3n y alternar entre dos salidas de agua, como rociador y alcachofa de mano.<\/p>\n<p class=\"\" data-start=\"378\" data-end=\"400\"><strong data-start=\"378\" data-end=\"397\">Caracter\u00edsticas<\/strong>:<\/p>\n<ul data-start=\"401\" data-end=\"715\" data-is-last-node=\"\" data-is-only-node=\"\">\n<li class=\"\" data-start=\"401\" data-end=\"446\">\n<p class=\"\" data-start=\"403\" data-end=\"446\"><strong data-start=\"403\" data-end=\"415\">Material<\/strong>: Cuerpo de lat\u00f3n resistente.<\/p>\n<\/li>\n<li class=\"\" data-start=\"447\" data-end=\"515\">\n<p class=\"\" data-start=\"449\" data-end=\"515\"><strong data-start=\"449\" data-end=\"460\">Control<\/strong>: Regulaci\u00f3n termost\u00e1tica para temperatura constante.<\/p>\n<\/li>\n<li class=\"\" data-start=\"516\" data-end=\"568\">\n<p class=\"\" data-start=\"518\" data-end=\"568\"><strong data-start=\"518\" data-end=\"526\">V\u00edas<\/strong>: 2 v\u00edas (rociador y alcachofa de mano).<\/p>\n<\/li>\n<li class=\"\" data-start=\"569\" data-end=\"640\">\n<p class=\"\" data-start=\"571\" data-end=\"640\"><strong data-start=\"571\" data-end=\"582\">Acabado<\/strong>: Oro mate con recubrimiento PVD para mayor durabilidad.<\/p>\n<\/li>\n<li class=\"\" data-start=\"641\" data-end=\"715\">\n<p class=\"\" data-start=\"643\" data-end=\"715\"><strong data-start=\"643\" data-end=\"658\">Instalaci\u00f3n<\/strong>: Empotrada, ideal para un dise\u00f1o minimalista y elegante.<\/p>\n<\/li>\n<li class=\"\" data-start=\"641\" data-end=\"715\">\n<p class=\"\" data-start=\"643\" data-end=\"715\"><strong>Incluye:<\/strong> Box empotrable<\/p>\n<\/li>\n<\/ul>\n","protected":false},"excerpt":{"rendered":"<p>Sistema empotrado termost\u00e1tico de 2 v\u00edas con dise\u00f1o redondo y  [&#8230;]<\/p>\n","protected":false},"featured_media":17987,"template":"","meta":[],"product_brand":[],"product_cat":[388],"product_tag":[],"serie":[],"manual-de-instalacion":[],"color":[350],"class_list":{"0":"post-13701","1":"product","2":"type-product","3":"status-publish","4":"has-post-thumbnail","6":"product_cat-accesorios-2","7":"color-oro-mate-cepillado","9":"first","10":"outofstock","11":"taxable","12":"shipping-taxable","13":"product-type-simple"},"_links":{"self":[{"href":"https:\/\/www.valaz.es\/it\/wp-json\/wp\/v2\/product\/13701","targetHints":{"allow":["GET"]}}],"collection":[{"href":"https:\/\/www.valaz.es\/it\/wp-json\/wp\/v2\/product"}],"about":[{"href":"https:\/\/www.valaz.es\/it\/wp-json\/wp\/v2\/types\/product"}],"wp:featuredmedia":[{"embeddable":true,"href":"https:\/\/www.valaz.es\/it\/wp-json\/wp\/v2\/media\/17987"}],"wp:attachment":[{"href":"https:\/\/www.valaz.es\/it\/wp-json\/wp\/v2\/media?parent=13701"}],"wp:term":[{"taxonomy":"product_brand","embeddable":true,"href":"https:\/\/www.valaz.es\/it\/wp-json\/wp\/v2\/product_brand?post=13701"},{"taxonomy":"product_cat","embeddable":true,"href":"https:\/\/www.valaz.es\/it\/wp-json\/wp\/v2\/product_cat?post=13701"},{"taxonomy":"product_tag","embeddable":true,"href":"https:\/\/www.valaz.es\/it\/wp-json\/wp\/v2\/product_tag?post=13701"},{"taxonomy":"serie","embeddable":true,"href":"https:\/\/www.valaz.es\/it\/wp-json\/wp\/v2\/serie?post=13701"},{"taxonomy":"manual-de-instalacion","embeddable":true,"href":"https:\/\/www.valaz.es\/it\/wp-json\/wp\/v2\/manual-de-instalacion?post=13701"},{"taxonomy":"color","embeddable":true,"href":"https:\/\/www.valaz.es\/it\/wp-json\/wp\/v2\/color?post=13701"}],"curies":[{"name":"wp","href":"https:\/\/api.w.org\/{rel}","templated":true}]}}