{"id":1363,"date":"2022-12-07T17:21:51","date_gmt":"2022-12-07T16:21:51","guid":{"rendered":"https:\/\/www.valaz.es\/?post_type=product&#038;p=1363"},"modified":"2026-01-22T13:47:05","modified_gmt":"2026-01-22T12:47:05","slug":"ducha-encastrada-monomando-a-ras-techo-cuadrada-dorado-cepillado-serie-mino","status":"publish","type":"product","link":"https:\/\/www.valaz.es\/it\/prodotto\/ducha-encastrada-monomando-a-ras-techo-cuadrada-dorado-cepillado-serie-mino\/","title":{"rendered":"Ducha encastrada monomando a ras techo cuadrada dorado cepillado &#8211; Serie Mi\u00f1o"},"content":{"rendered":"<p class=\"\" data-start=\"82\" data-end=\"442\">Ducha empotrada de dise\u00f1o elegante y moderno con un acabado dorado cepillado, perfecta para aportar un toque de sofisticaci\u00f3n y lujo a tu ba\u00f1o. Este modelo incluye un monomando de 2 v\u00edas, que permite seleccionar entre el rociador de efecto lluvia y la alcachofa de mano. El dise\u00f1o a ras de techo proporciona una est\u00e9tica minimalista y limpia.<\/p>\n<p class=\"\" data-start=\"444\" data-end=\"466\"><strong data-start=\"444\" data-end=\"464\">Especificaciones<\/strong><\/p>\n<ul data-start=\"467\" data-end=\"869\">\n<li class=\"\" data-start=\"467\" data-end=\"701\">\n<p class=\"\" data-start=\"469\" data-end=\"483\"><strong data-start=\"469\" data-end=\"480\">Incluye<\/strong>:<\/p>\n<ul data-start=\"486\" data-end=\"701\">\n<li class=\"\" data-start=\"486\" data-end=\"516\">\n<p class=\"\" data-start=\"488\" data-end=\"516\">Caja box empotrado monomando 2 v\u00edas<\/p>\n<\/li>\n<li class=\"\" data-start=\"486\" data-end=\"516\">\n<p class=\"\" data-start=\"488\" data-end=\"516\">Premarco a ras techo<\/p>\n<\/li>\n<li class=\"\" data-start=\"541\" data-end=\"585\">\n<p class=\"\" data-start=\"543\" data-end=\"585\">Rociador (disponible en tama\u00f1o est\u00e1ndar)<\/p>\n<\/li>\n<li class=\"\" data-start=\"588\" data-end=\"606\">\n<p class=\"\" data-start=\"590\" data-end=\"606\">Salida de agua<\/p>\n<\/li>\n<li class=\"\" data-start=\"609\" data-end=\"643\">\n<p class=\"\" data-start=\"611\" data-end=\"643\">Soporte para alcachofa de mano<\/p>\n<\/li>\n<li class=\"\" data-start=\"646\" data-end=\"665\">\n<p class=\"\" data-start=\"648\" data-end=\"665\">Flexo de 150 cm<\/p>\n<\/li>\n<li class=\"\" data-start=\"668\" data-end=\"701\">\n<p class=\"\" data-start=\"670\" data-end=\"701\">Alcachofa de mano con soporte<\/p>\n<\/li>\n<\/ul>\n<\/li>\n<li class=\"\" data-start=\"702\" data-end=\"835\">\n<p class=\"\" data-start=\"704\" data-end=\"721\"><strong data-start=\"704\" data-end=\"718\">Materiales<\/strong>:<\/p>\n<ul data-start=\"724\" data-end=\"835\">\n<li class=\"\" data-start=\"724\" data-end=\"756\">\n<p class=\"\" data-start=\"726\" data-end=\"756\">Cuerpo de la grifer\u00eda: Lat\u00f3n<\/p>\n<\/li>\n<li class=\"\" data-start=\"759\" data-end=\"789\">\n<p class=\"\" data-start=\"761\" data-end=\"789\">Rociador: Acero inoxidable<\/p>\n<\/li>\n<li class=\"\" data-start=\"792\" data-end=\"818\">\n<p class=\"\" data-start=\"794\" data-end=\"818\">Alcachofa de mano: PVC<\/p>\n<\/li>\n<li class=\"\" data-start=\"821\" data-end=\"835\">\n<p class=\"\" data-start=\"823\" data-end=\"835\">Flexo: PVC<\/p>\n<\/li>\n<\/ul>\n<\/li>\n<li class=\"\" data-start=\"836\" data-end=\"869\">\n<p class=\"\" data-start=\"838\" data-end=\"869\"><strong data-start=\"838\" data-end=\"849\">Acabado<\/strong>: Dorado cepillado<\/p>\n<\/li>\n<\/ul>\n","protected":false},"excerpt":{"rendered":"<p>&nbsp;<\/p>\n<p>Serie Mi\u00f1o con l\u00edneas redondas y acabados rectangulares se diferencia por tu empotrado de cuadrado y rectangular donde queda todo uniforme. Disponemos de acabados en cromado, dorado cepillado, negro mate tanto con soporte a pared como a ras del techo. Nuestro kit de ducha empotrado viene completo con caja box de 2 v\u00edas, marco o soporte a pared, rociador a elegir, salida de agua , soporte de alcachofa de mano y flexo.<\/p>\n<p>La garant\u00eda de todos nuestros productos es de 3 a\u00f1os, para funcionamiento, duraci\u00f3n del esmaltado y anticorrosi\u00f3n.<\/p>\n<p>Recomendamos para un correcto mantenimiento de la grifer\u00eda y evitar el deterioro por el uso. Secar las gotas de agua con un pa\u00f1o suave despu\u00e9s del uso, evitando que se posen en la superficie y deterioran el acabado, no utilizar esponjas que puedan rayar la grifer\u00eda, utilizar limpiadores como vinagre limpieza, agua caliente y jab\u00f3n con ph neutro.<\/p>\n<p>&nbsp;<\/p>\n<p><strong>Nuestro departamento\u00a0t\u00e9cnico\u00a0dispone de\u00a0gu\u00edas\u00a0de todos los\u00a0modelos\u00a0empotrados\u00a0que vendemos<\/strong><strong>,\u00a0si tiene alguna duda con la\u00a0instalaci\u00f3n\u00a0contacte con nosotros mediante\u00a0tel\u00e9fono,\u00a0WhatsApp\u00a0o email dentro del horario laboral indicado en la web.<\/strong><\/p>\n<p><strong>Recuerden que una vez instalado el cuerpo\u00a0empotrado\u00a0de la\u00a0grifer\u00eda\u00a0revisar de su correcto funcionamiento de paso de agua, comprobaci\u00f3n de cartuchos y corte de agua, si detecta alguna\u00a0anomal\u00eda\u00a0informe a nuestro\u00a0departamento\u00a0para darle una\u00a0soluci\u00f3n, no\u00a0contin\u00fae\u00a0con la\u00a0instalaci\u00f3n\u00a0de cerramiento de la pared.<\/strong><\/p>\n","protected":false},"featured_media":1364,"template":"","meta":[],"product_brand":[],"product_cat":[57,47],"product_tag":[],"serie":[67],"manual-de-instalacion":[86],"color":[34],"class_list":{"0":"post-1363","1":"product","2":"type-product","3":"status-publish","4":"has-post-thumbnail","6":"product_cat-duchas-empotradas","7":"product_cat-duchas","8":"pa_tamano-rociador-30cm","9":"pa_tamano-rociador-40cm","10":"serie-mino","11":"manual-de-instalacion-guia-instalacion-ducha-ras","12":"color-dorado-cepillado","14":"first","15":"outofstock","16":"taxable","17":"shipping-taxable","18":"product-type-variable"},"_links":{"self":[{"href":"https:\/\/www.valaz.es\/it\/wp-json\/wp\/v2\/product\/1363","targetHints":{"allow":["GET"]}}],"collection":[{"href":"https:\/\/www.valaz.es\/it\/wp-json\/wp\/v2\/product"}],"about":[{"href":"https:\/\/www.valaz.es\/it\/wp-json\/wp\/v2\/types\/product"}],"wp:featuredmedia":[{"embeddable":true,"href":"https:\/\/www.valaz.es\/it\/wp-json\/wp\/v2\/media\/1364"}],"wp:attachment":[{"href":"https:\/\/www.valaz.es\/it\/wp-json\/wp\/v2\/media?parent=1363"}],"wp:term":[{"taxonomy":"product_brand","embeddable":true,"href":"https:\/\/www.valaz.es\/it\/wp-json\/wp\/v2\/product_brand?post=1363"},{"taxonomy":"product_cat","embeddable":true,"href":"https:\/\/www.valaz.es\/it\/wp-json\/wp\/v2\/product_cat?post=1363"},{"taxonomy":"product_tag","embeddable":true,"href":"https:\/\/www.valaz.es\/it\/wp-json\/wp\/v2\/product_tag?post=1363"},{"taxonomy":"serie","embeddable":true,"href":"https:\/\/www.valaz.es\/it\/wp-json\/wp\/v2\/serie?post=1363"},{"taxonomy":"manual-de-instalacion","embeddable":true,"href":"https:\/\/www.valaz.es\/it\/wp-json\/wp\/v2\/manual-de-instalacion?post=1363"},{"taxonomy":"color","embeddable":true,"href":"https:\/\/www.valaz.es\/it\/wp-json\/wp\/v2\/color?post=1363"}],"curies":[{"name":"wp","href":"https:\/\/api.w.org\/{rel}","templated":true}]}}