{"id":1361,"date":"2022-12-07T17:18:36","date_gmt":"2022-12-07T16:18:36","guid":{"rendered":"https:\/\/www.valaz.es\/?post_type=product&#038;p=1361"},"modified":"2026-03-03T10:45:34","modified_gmt":"2026-03-03T09:45:34","slug":"ducha-encastrada-monomando-a-ras-techo-cuadrada-dorado-cepillado-serie-tajo","status":"publish","type":"product","link":"https:\/\/www.valaz.es\/it\/prodotto\/ducha-encastrada-monomando-a-ras-techo-cuadrada-dorado-cepillado-serie-tajo\/","title":{"rendered":"Ducha encastrada monomando a ras techo cuadrada dorado cepillado &#8211; Serie Tajo"},"content":{"rendered":"<p class=\"\" data-start=\"82\" data-end=\"494\">Esta ducha empotrada de dise\u00f1o elegante y moderno cuenta con un acabado dorado cepillado que le da un toque sofisticado a tu ba\u00f1o. El modelo incluye un rociador de tama\u00f1o 30&#215;30 cm con premarco a techo, junto con un monomando de 2 v\u00edas que permite seleccionar entre el rociador de efecto lluvia y la alcachofa de mano. Su dise\u00f1o empotrado a ras de techo ofrece un aspecto minimalista y ordenado.<\/p>\n<p class=\"\" data-start=\"496\" data-end=\"518\"><strong data-start=\"496\" data-end=\"516\">Especificaciones<\/strong><\/p>\n<ul data-start=\"519\" data-end=\"870\">\n<li class=\"\" data-start=\"519\" data-end=\"714\">\n<p class=\"\" data-start=\"521\" data-end=\"535\"><strong data-start=\"521\" data-end=\"532\">Incluye<\/strong>:<\/p>\n<ul data-start=\"538\" data-end=\"714\">\n<li data-start=\"538\" data-end=\"559\">Caja box empotrable<\/li>\n<li class=\"\" data-start=\"538\" data-end=\"559\">\n<p class=\"\" data-start=\"540\" data-end=\"559\">Rociador 30&#215;30 cm<\/p>\n<\/li>\n<li class=\"\" data-start=\"562\" data-end=\"582\">\n<p class=\"\" data-start=\"564\" data-end=\"582\">Premarco a ras techo<\/p>\n<\/li>\n<li class=\"\" data-start=\"585\" data-end=\"656\">\n<p class=\"\" data-start=\"587\" data-end=\"656\">Monomando de 2 v\u00edas (rociador de efecto lluvia y alcachofa de mano)<\/p>\n<\/li>\n<li class=\"\" data-start=\"659\" data-end=\"678\">\n<p class=\"\" data-start=\"661\" data-end=\"678\">Flexo de 150 cm<\/p>\n<\/li>\n<li class=\"\" data-start=\"681\" data-end=\"714\">\n<p class=\"\" data-start=\"683\" data-end=\"714\">Alcachofa de mano con soporte<\/p>\n<\/li>\n<\/ul>\n<\/li>\n<li class=\"\" data-start=\"715\" data-end=\"836\">\n<p class=\"\" data-start=\"717\" data-end=\"734\"><strong data-start=\"717\" data-end=\"731\">Materiales<\/strong>:<\/p>\n<ul data-start=\"737\" data-end=\"836\">\n<li class=\"\" data-start=\"737\" data-end=\"767\">\n<p class=\"\" data-start=\"739\" data-end=\"767\">Rociador: Acero inoxidable<\/p>\n<\/li>\n<li class=\"\" data-start=\"770\" data-end=\"790\">\n<p class=\"\" data-start=\"772\" data-end=\"790\">Monomando: Lat\u00f3n<\/p>\n<\/li>\n<li class=\"\" data-start=\"793\" data-end=\"819\">\n<p class=\"\" data-start=\"795\" data-end=\"819\">Alcachofa de mano: Lat\u00f3n<\/p>\n<\/li>\n<li class=\"\" data-start=\"822\" data-end=\"836\">\n<p class=\"\" data-start=\"824\" data-end=\"836\">Flexo: PVC<\/p>\n<\/li>\n<\/ul>\n<\/li>\n<li class=\"\" data-start=\"837\" data-end=\"870\">\n<p class=\"\" data-start=\"839\" data-end=\"870\"><strong data-start=\"839\" data-end=\"850\">Acabado<\/strong>: Dorado cepillado<\/p>\n<\/li>\n<\/ul>\n<p class=\"\" data-start=\"872\" data-end=\"887\"><strong data-start=\"872\" data-end=\"885\">Funciones<\/strong><\/p>\n<ul data-start=\"888\" data-end=\"962\">\n<li class=\"\" data-start=\"888\" data-end=\"962\">\n<p class=\"\" data-start=\"890\" data-end=\"906\">Dos funciones:<\/p>\n<ul data-start=\"909\" data-end=\"962\">\n<li class=\"\" data-start=\"909\" data-end=\"938\">\n<p class=\"\" data-start=\"911\" data-end=\"938\">Rociador de efecto lluvia<\/p>\n<\/li>\n<li class=\"\" data-start=\"941\" data-end=\"962\">\n<p class=\"\" data-start=\"943\" data-end=\"962\">Alcachofa de mano<\/p>\n<\/li>\n<\/ul>\n<\/li>\n<\/ul>\n","protected":false},"excerpt":{"rendered":"<p>Serie Tajo l\u00edneas rectas y cuadradas que aportan estilo y dise\u00f1o a cualquier ba\u00f1o. Actualmente disponemos de diferentes acabados cromado, dorado cepillado, negro mate. Tenemos Ducha empotradas cuadrada a techo y pared, grifo empotrado a pared, grifo de bid\u00e9 empotrado.<\/p>\n<p>&nbsp;<\/p>\n<p>La garant\u00eda de todos nuestros productos es de 3 a\u00f1os, para funcionamiento, duraci\u00f3n del esmaltado y anticorrosi\u00f3n.<\/p>\n<p>Recomendamos para un correcto mantenimiento de la grifer\u00eda y evitar el deterioro por el uso. Secar las gotas de agua con un pa\u00f1o suave despu\u00e9s del uso, evitando que se posen en la superficie y deterioran el acabado, no utilizar esponjas que puedan rayar la grifer\u00eda, utilizar limpiadores como vinagre limpieza, agua caliente y jab\u00f3n con ph neutro.<\/p>\n<p>&nbsp;<\/p>\n<p>Nuestro departamento t\u00e9cnico dispone de gu\u00edas de todos los modelos empotrados que vendemos, si tiene alguna duda con la instalaci\u00f3n contacte con nosotros mediante tel\u00e9fono, WhatsApp o email dentro del horario laboral indicado en la web.<\/p>\n<p>Recuerden que una vez instalado el cuerpo empotrado de la grifer\u00eda revisar de su correcto funcionamiento de paso de agua, comprobaci\u00f3n de cartuchos y corte de agua, si detecta alguna anomal\u00eda informe a nuestro departamento para darle una soluci\u00f3n, no contin\u00fae con la instalaci\u00f3n de cerramiento de la pared.<\/p>\n","protected":false},"featured_media":13335,"template":"","meta":[],"product_brand":[],"product_cat":[57,47],"product_tag":[],"serie":[23],"manual-de-instalacion":[86],"color":[34],"class_list":{"0":"post-1361","1":"product","2":"type-product","3":"status-publish","4":"has-post-thumbnail","6":"product_cat-duchas-empotradas","7":"product_cat-duchas","8":"serie-tajo","9":"manual-de-instalacion-guia-instalacion-ducha-ras","10":"color-dorado-cepillado","12":"first","13":"outofstock","14":"taxable","15":"shipping-taxable","16":"product-type-simple"},"_links":{"self":[{"href":"https:\/\/www.valaz.es\/it\/wp-json\/wp\/v2\/product\/1361","targetHints":{"allow":["GET"]}}],"collection":[{"href":"https:\/\/www.valaz.es\/it\/wp-json\/wp\/v2\/product"}],"about":[{"href":"https:\/\/www.valaz.es\/it\/wp-json\/wp\/v2\/types\/product"}],"wp:featuredmedia":[{"embeddable":true,"href":"https:\/\/www.valaz.es\/it\/wp-json\/wp\/v2\/media\/13335"}],"wp:attachment":[{"href":"https:\/\/www.valaz.es\/it\/wp-json\/wp\/v2\/media?parent=1361"}],"wp:term":[{"taxonomy":"product_brand","embeddable":true,"href":"https:\/\/www.valaz.es\/it\/wp-json\/wp\/v2\/product_brand?post=1361"},{"taxonomy":"product_cat","embeddable":true,"href":"https:\/\/www.valaz.es\/it\/wp-json\/wp\/v2\/product_cat?post=1361"},{"taxonomy":"product_tag","embeddable":true,"href":"https:\/\/www.valaz.es\/it\/wp-json\/wp\/v2\/product_tag?post=1361"},{"taxonomy":"serie","embeddable":true,"href":"https:\/\/www.valaz.es\/it\/wp-json\/wp\/v2\/serie?post=1361"},{"taxonomy":"manual-de-instalacion","embeddable":true,"href":"https:\/\/www.valaz.es\/it\/wp-json\/wp\/v2\/manual-de-instalacion?post=1361"},{"taxonomy":"color","embeddable":true,"href":"https:\/\/www.valaz.es\/it\/wp-json\/wp\/v2\/color?post=1361"}],"curies":[{"name":"wp","href":"https:\/\/api.w.org\/{rel}","templated":true}]}}