{"id":13470,"date":"2024-09-19T16:15:03","date_gmt":"2024-09-19T14:15:03","guid":{"rendered":"https:\/\/www.valaz.es\/?post_type=product&#038;p=13470"},"modified":"2026-02-24T10:28:23","modified_gmt":"2026-02-24T09:28:23","slug":"barra-de-ducha-termostatica-cuadrada-ajustable-hasta-120cm-dorado-cepillado-serie-segura","status":"publish","type":"product","link":"https:\/\/www.valaz.es\/it\/prodotto\/barra-de-ducha-termostatica-cuadrada-ajustable-hasta-120cm-dorado-cepillado-serie-segura\/","title":{"rendered":"Barra de ducha termost\u00e1tica cuadrada ajustable hasta 120CM dorado cepillado &#8211; Serie Segura"},"content":{"rendered":"<p class=\"\" data-start=\"74\" data-end=\"410\">Esta barra de ducha termost\u00e1tica cuadrada ofrece un dise\u00f1o elegante en dorado cepillado, proporcionando comodidad y un estilo lujoso en tu ba\u00f1o. El cartucho cer\u00e1mico asegura un control preciso de la temperatura, mientras que la barra extensible y los accesorios incluidos garantizan una experiencia completa de ducha.<\/p>\n<p class=\"\" data-start=\"412\" data-end=\"435\"><strong data-start=\"412\" data-end=\"432\">Especificaciones<\/strong>:<\/p>\n<ul data-start=\"436\" data-end=\"965\" data-is-last-node=\"\" data-is-only-node=\"\">\n<li class=\"\" data-start=\"436\" data-end=\"477\">\n<p class=\"\" data-start=\"438\" data-end=\"477\"><strong data-start=\"438\" data-end=\"446\">Tipo<\/strong>: Barra de ducha termost\u00e1tica<\/p>\n<\/li>\n<li class=\"\" data-start=\"478\" data-end=\"680\">\n<p class=\"\" data-start=\"480\" data-end=\"497\"><strong data-start=\"480\" data-end=\"494\">Materiales<\/strong>:<\/p>\n<ul data-start=\"500\" data-end=\"680\">\n<li class=\"\" data-start=\"500\" data-end=\"528\">\n<p class=\"\" data-start=\"502\" data-end=\"528\">Rociador de acero SUS304<\/p>\n<\/li>\n<li class=\"\" data-start=\"531\" data-end=\"556\">\n<p class=\"\" data-start=\"533\" data-end=\"556\">Barra de acero SUS201<\/p>\n<\/li>\n<li class=\"\" data-start=\"559\" data-end=\"593\">\n<p class=\"\" data-start=\"561\" data-end=\"593\">Cuerpo de la grifer\u00eda de lat\u00f3n<\/p>\n<\/li>\n<li class=\"\" data-start=\"596\" data-end=\"617\">\n<p class=\"\" data-start=\"598\" data-end=\"617\">Cartucho cer\u00e1mico<\/p>\n<\/li>\n<li class=\"\" data-start=\"620\" data-end=\"649\">\n<p class=\"\" data-start=\"622\" data-end=\"649\">Flexo de PVC<\/p>\n<\/li>\n<li class=\"\" data-start=\"652\" data-end=\"680\">\n<p class=\"\" data-start=\"654\" data-end=\"680\">Alcachofa de mano de PVC<\/p>\n<\/li>\n<\/ul>\n<\/li>\n<li class=\"\" data-start=\"681\" data-end=\"714\">\n<p class=\"\" data-start=\"683\" data-end=\"714\"><strong data-start=\"683\" data-end=\"694\">Acabado<\/strong>: Dorado cepillado<\/p>\n<\/li>\n<li class=\"\" data-start=\"715\" data-end=\"770\">\n<p class=\"\" data-start=\"717\" data-end=\"770\"><strong data-start=\"717\" data-end=\"752\">Tama\u00f1os de rociador disponibles<\/strong>: 20, 25 y 30 cm<\/p>\n<\/li>\n<li class=\"\" data-start=\"771\" data-end=\"831\">\n<p class=\"\" data-start=\"773\" data-end=\"831\"><strong data-start=\"773\" data-end=\"793\">Altura ajustable<\/strong>: Barra extensible de 80 cm a 120 cm<\/p>\n<\/li>\n<li class=\"\" data-start=\"832\" data-end=\"936\">\n<p class=\"\" data-start=\"834\" data-end=\"936\"><strong data-start=\"834\" data-end=\"847\">Funciones<\/strong>: Control de temperatura y flujo con maneta cuadrada, rociador fijo y alcachofa de mano<\/p>\n<\/li>\n<li class=\"\" data-start=\"937\" data-end=\"965\">\n<p class=\"\" data-start=\"939\" data-end=\"965\"><strong data-start=\"649\" data-end=\"665\">Instalaci\u00f3n:<\/strong> De pared, con separaci\u00f3n est\u00e1ndar de 15 cm entre tomas<\/p>\n<\/li>\n<\/ul>\n","protected":false},"excerpt":{"rendered":"<p>Esta barra de ducha termost\u00e1tica cuadrada ofrece un dise\u00f1o elegante  [&#8230;]<\/p>\n","protected":false},"featured_media":13710,"template":"","meta":[],"product_brand":[],"product_cat":[55],"product_tag":[],"serie":[32],"manual-de-instalacion":[],"color":[34],"class_list":{"0":"post-13470","1":"product","2":"type-product","3":"status-publish","4":"has-post-thumbnail","6":"product_cat-barras-de-ducha","7":"pa_tamano-rociador-20cm","8":"pa_tamano-rociador-25cm","9":"pa_tamano-rociador-30cm","10":"serie-segura","11":"color-dorado-cepillado","13":"first","14":"instock","15":"taxable","16":"shipping-taxable","17":"product-type-variable"},"_links":{"self":[{"href":"https:\/\/www.valaz.es\/it\/wp-json\/wp\/v2\/product\/13470","targetHints":{"allow":["GET"]}}],"collection":[{"href":"https:\/\/www.valaz.es\/it\/wp-json\/wp\/v2\/product"}],"about":[{"href":"https:\/\/www.valaz.es\/it\/wp-json\/wp\/v2\/types\/product"}],"wp:featuredmedia":[{"embeddable":true,"href":"https:\/\/www.valaz.es\/it\/wp-json\/wp\/v2\/media\/13710"}],"wp:attachment":[{"href":"https:\/\/www.valaz.es\/it\/wp-json\/wp\/v2\/media?parent=13470"}],"wp:term":[{"taxonomy":"product_brand","embeddable":true,"href":"https:\/\/www.valaz.es\/it\/wp-json\/wp\/v2\/product_brand?post=13470"},{"taxonomy":"product_cat","embeddable":true,"href":"https:\/\/www.valaz.es\/it\/wp-json\/wp\/v2\/product_cat?post=13470"},{"taxonomy":"product_tag","embeddable":true,"href":"https:\/\/www.valaz.es\/it\/wp-json\/wp\/v2\/product_tag?post=13470"},{"taxonomy":"serie","embeddable":true,"href":"https:\/\/www.valaz.es\/it\/wp-json\/wp\/v2\/serie?post=13470"},{"taxonomy":"manual-de-instalacion","embeddable":true,"href":"https:\/\/www.valaz.es\/it\/wp-json\/wp\/v2\/manual-de-instalacion?post=13470"},{"taxonomy":"color","embeddable":true,"href":"https:\/\/www.valaz.es\/it\/wp-json\/wp\/v2\/color?post=13470"}],"curies":[{"name":"wp","href":"https:\/\/api.w.org\/{rel}","templated":true}]}}