{"id":13005,"date":"2024-09-06T12:08:42","date_gmt":"2024-09-06T10:08:42","guid":{"rendered":"https:\/\/www.valaz.es\/?post_type=product&#038;p=13005"},"modified":"2026-02-19T08:23:09","modified_gmt":"2026-02-19T07:23:09","slug":"ducha-empotrada-termostatica-pared-redonda-oro-mate-con-proteccion-pvd-serie-jucar","status":"publish","type":"product","link":"https:\/\/www.valaz.es\/it\/prodotto\/ducha-empotrada-termostatica-pared-redonda-oro-mate-con-proteccion-pvd-serie-jucar\/","title":{"rendered":"Ducha empotrada termost\u00e1tica pared redonda oro mate con protecci\u00f3n PVD &#8211; Serie Jucar"},"content":{"rendered":"<p class=\"\" data-start=\"90\" data-end=\"506\">La ducha empotrada termost\u00e1tica de pared redonda en acabado oro mate con protecci\u00f3n PVD ofrece una experiencia de ba\u00f1o superior con un dise\u00f1o elegante y funcional. Su sistema termost\u00e1tico permite un control preciso de la temperatura del agua, mientras que el acabado oro mate con protecci\u00f3n PVD asegura durabilidad y resistencia. Perfecta para quienes buscan un toque de lujo y confort en su ba\u00f1o.<\/p>\n<p class=\"\" data-start=\"508\" data-end=\"531\"><strong data-start=\"508\" data-end=\"529\">Especificaciones:<\/strong><\/p>\n<ul data-start=\"532\" data-end=\"1020\">\n<li class=\"\" data-start=\"532\" data-end=\"584\">\n<p class=\"\" data-start=\"534\" data-end=\"584\"><strong data-start=\"534\" data-end=\"543\">Tipo:<\/strong> Ducha empotrada termost\u00e1tica de pared.<\/p>\n<\/li>\n<li class=\"\" data-start=\"585\" data-end=\"630\">\n<p class=\"\" data-start=\"587\" data-end=\"630\"><strong data-start=\"587\" data-end=\"599\">Acabado:<\/strong> Oro mate con protecci\u00f3n PVD.<\/p>\n<\/li>\n<li class=\"\" data-start=\"631\" data-end=\"790\">\n<p class=\"\" data-start=\"633\" data-end=\"650\"><strong data-start=\"633\" data-end=\"648\">Materiales:<\/strong><\/p>\n<ul data-start=\"653\" data-end=\"790\">\n<li class=\"\" data-start=\"653\" data-end=\"686\">\n<p class=\"\" data-start=\"655\" data-end=\"686\">Rociador de acero inoxidable.<\/p>\n<\/li>\n<li class=\"\" data-start=\"689\" data-end=\"715\">\n<p class=\"\" data-start=\"691\" data-end=\"715\">Termost\u00e1tica de lat\u00f3n.<\/p>\n<\/li>\n<li class=\"\" data-start=\"718\" data-end=\"758\">\n<p class=\"\" data-start=\"720\" data-end=\"758\">Flexo de PVC de 150 cm.<\/p>\n<\/li>\n<li class=\"\" data-start=\"761\" data-end=\"790\">\n<p class=\"\" data-start=\"763\" data-end=\"790\">Alcachofa de mano de PVC.<\/p>\n<\/li>\n<\/ul>\n<\/li>\n<li class=\"\" data-start=\"791\" data-end=\"864\">\n<p class=\"\" data-start=\"793\" data-end=\"809\"><strong data-start=\"793\" data-end=\"807\">Funciones:<\/strong><\/p>\n<ul data-start=\"812\" data-end=\"864\">\n<li class=\"\" data-start=\"812\" data-end=\"839\">\n<p class=\"\" data-start=\"814\" data-end=\"839\">Rociador efecto lluvia.<\/p>\n<\/li>\n<li class=\"\" data-start=\"842\" data-end=\"864\">\n<p class=\"\" data-start=\"844\" data-end=\"864\">Alcachofa de mano.<\/p>\n<\/li>\n<\/ul>\n<\/li>\n<li class=\"\" data-start=\"865\" data-end=\"908\">\n<p class=\"\" data-start=\"867\" data-end=\"908\"><strong data-start=\"867\" data-end=\"883\">Instalaci\u00f3n:<\/strong> Empotrada en la pared.<\/p>\n<\/li>\n<li class=\"\" data-start=\"909\" data-end=\"963\">\n<p class=\"\" data-start=\"911\" data-end=\"963\"><strong data-start=\"911\" data-end=\"931\">Tama\u00f1o rociador:<\/strong> Disponible en 20, 25 y 30 cm.<\/p>\n<\/li>\n<li class=\"\" data-start=\"964\" data-end=\"1020\">\n<p class=\"\" data-start=\"966\" data-end=\"1020\"><strong data-start=\"966\" data-end=\"979\">Conexi\u00f3n:<\/strong> 2 v\u00edas (rociador y alcachofa de mano).<\/p>\n<\/li>\n<\/ul>\n<p class=\"\" data-start=\"1022\" data-end=\"1043\"><strong data-start=\"1022\" data-end=\"1041\">Lo que incluye:<\/strong><\/p>\n<ul data-start=\"1044\" data-end=\"1196\">\n<li class=\"\" data-start=\"1044\" data-end=\"1074\">\n<p class=\"\" data-start=\"1046\" data-end=\"1074\">Rociador (20, 25 o 30 cm).<\/p>\n<\/li>\n<li class=\"\" data-start=\"1075\" data-end=\"1095\">\n<p class=\"\" data-start=\"1077\" data-end=\"1095\">Soporte a pared.<\/p>\n<\/li>\n<li class=\"\" data-start=\"1096\" data-end=\"1140\">\n<p class=\"\" data-start=\"1098\" data-end=\"1140\">Termost\u00e1tica con control de temperatura.<\/p>\n<\/li>\n<li class=\"\" data-start=\"1141\" data-end=\"1161\">\n<p class=\"\" data-start=\"1143\" data-end=\"1161\">Flexo de 150 cm.<\/p>\n<\/li>\n<li class=\"\" data-start=\"1162\" data-end=\"1196\">\n<p class=\"\" data-start=\"1164\" data-end=\"1196\">Alcachofa de mano con soporte.<\/p>\n<\/li>\n<li data-start=\"1162\" data-end=\"1196\">Caja box empotrable<\/li>\n<\/ul>\n<p class=\"\" data-start=\"1198\" data-end=\"1321\">Ideal para aquellos que buscan una ducha con un dise\u00f1o exclusivo y moderno, sin sacrificar la funcionalidad y la comodidad.<\/p>\n","protected":false},"excerpt":{"rendered":"<p>La ducha empotrada termost\u00e1tica de pared redonda en acabado oro  [&#8230;]<\/p>\n","protected":false},"featured_media":13236,"template":"","meta":[],"product_brand":[],"product_cat":[57],"product_tag":[],"serie":[56],"manual-de-instalacion":[79],"color":[350],"class_list":{"0":"post-13005","1":"product","2":"type-product","3":"status-publish","4":"has-post-thumbnail","6":"product_cat-duchas-empotradas","7":"pa_tamano-rociador-20cm","8":"pa_tamano-rociador-25cm","9":"pa_tamano-rociador-30cm","10":"serie-jucar","11":"manual-de-instalacion-guia-instalacion-duchas-empotradas-termostaticas","12":"color-oro-mate-cepillado","14":"first","15":"instock","16":"taxable","17":"shipping-taxable","18":"product-type-variable"},"_links":{"self":[{"href":"https:\/\/www.valaz.es\/it\/wp-json\/wp\/v2\/product\/13005","targetHints":{"allow":["GET"]}}],"collection":[{"href":"https:\/\/www.valaz.es\/it\/wp-json\/wp\/v2\/product"}],"about":[{"href":"https:\/\/www.valaz.es\/it\/wp-json\/wp\/v2\/types\/product"}],"wp:featuredmedia":[{"embeddable":true,"href":"https:\/\/www.valaz.es\/it\/wp-json\/wp\/v2\/media\/13236"}],"wp:attachment":[{"href":"https:\/\/www.valaz.es\/it\/wp-json\/wp\/v2\/media?parent=13005"}],"wp:term":[{"taxonomy":"product_brand","embeddable":true,"href":"https:\/\/www.valaz.es\/it\/wp-json\/wp\/v2\/product_brand?post=13005"},{"taxonomy":"product_cat","embeddable":true,"href":"https:\/\/www.valaz.es\/it\/wp-json\/wp\/v2\/product_cat?post=13005"},{"taxonomy":"product_tag","embeddable":true,"href":"https:\/\/www.valaz.es\/it\/wp-json\/wp\/v2\/product_tag?post=13005"},{"taxonomy":"serie","embeddable":true,"href":"https:\/\/www.valaz.es\/it\/wp-json\/wp\/v2\/serie?post=13005"},{"taxonomy":"manual-de-instalacion","embeddable":true,"href":"https:\/\/www.valaz.es\/it\/wp-json\/wp\/v2\/manual-de-instalacion?post=13005"},{"taxonomy":"color","embeddable":true,"href":"https:\/\/www.valaz.es\/it\/wp-json\/wp\/v2\/color?post=13005"}],"curies":[{"name":"wp","href":"https:\/\/api.w.org\/{rel}","templated":true}]}}