{"id":12898,"date":"2024-09-17T15:35:58","date_gmt":"2024-09-17T13:35:58","guid":{"rendered":"https:\/\/www.valaz.es\/?post_type=product&#038;p=12898"},"modified":"2025-06-27T10:58:13","modified_gmt":"2025-06-27T08:58:13","slug":"ducha-empotrada-monomando-pared-redonda-acabado-maneta-luxury-negro-mate-serie-ofin","status":"publish","type":"product","link":"https:\/\/www.valaz.es\/it\/prodotto\/ducha-empotrada-monomando-pared-redonda-acabado-maneta-luxury-negro-mate-serie-ofin\/","title":{"rendered":"Ducha empotrada monomando redonda acabado maneta luxury negro mate a pared &#8211; Serie Ofin"},"content":{"rendered":"<p class=\"\" data-start=\"91\" data-end=\"444\">Ducha empotrada monomando con un dise\u00f1o elegante y moderno en acabado negro mate. Incluye un rociador de efecto lluvia y alcachofa de mano, ofreciendo dos funciones para una experiencia de ducha vers\u00e1til. El sistema incluye un flexo de 150 cm y soporte para la alcachofa de mano, todo con materiales de alta resistencia y durabilidad.<\/p>\n<p class=\"\" data-start=\"446\" data-end=\"469\"><strong data-start=\"446\" data-end=\"467\">Especificaciones:<\/strong><\/p>\n<ul data-start=\"470\" data-end=\"822\">\n<li class=\"\" data-start=\"470\" data-end=\"556\">\n<p class=\"\" data-start=\"472\" data-end=\"556\"><strong data-start=\"472\" data-end=\"490\">Tipo de grifo:<\/strong> Monomando, 2 v\u00edas (rociador efecto lluvia y alcachofa de mano).<\/p>\n<\/li>\n<li class=\"\" data-start=\"557\" data-end=\"703\">\n<p class=\"\" data-start=\"559\" data-end=\"576\"><strong data-start=\"559\" data-end=\"574\">Materiales:<\/strong><\/p>\n<ul data-start=\"579\" data-end=\"703\">\n<li class=\"\" data-start=\"579\" data-end=\"612\">\n<p class=\"\" data-start=\"581\" data-end=\"612\">Rociador de acero inoxidable.<\/p>\n<\/li>\n<li class=\"\" data-start=\"615\" data-end=\"638\">\n<p class=\"\" data-start=\"617\" data-end=\"638\">Monomando de lat\u00f3n.<\/p>\n<\/li>\n<li class=\"\" data-start=\"641\" data-end=\"670\">\n<p class=\"\" data-start=\"643\" data-end=\"670\">Alcachofa de mano de PVC.<\/p>\n<\/li>\n<li class=\"\" data-start=\"673\" data-end=\"703\">\n<p class=\"\" data-start=\"675\" data-end=\"703\">Flexo de PVC.<\/p>\n<\/li>\n<\/ul>\n<\/li>\n<li class=\"\" data-start=\"704\" data-end=\"750\">\n<p class=\"\" data-start=\"706\" data-end=\"750\"><strong data-start=\"706\" data-end=\"718\">Acabado:<\/strong> Negro mate con maneta luxury.<\/p>\n<\/li>\n<li class=\"\" data-start=\"751\" data-end=\"822\">\n<p class=\"\" data-start=\"753\" data-end=\"769\"><strong data-start=\"753\" data-end=\"767\">Funciones:<\/strong><\/p>\n<ul data-start=\"772\" data-end=\"822\">\n<li class=\"\" data-start=\"772\" data-end=\"799\">\n<p class=\"\" data-start=\"774\" data-end=\"799\">Rociador efecto lluvia.<\/p>\n<\/li>\n<li class=\"\" data-start=\"802\" data-end=\"822\">\n<p class=\"\" data-start=\"804\" data-end=\"822\">Alcachofa de mano.<\/p>\n<\/li>\n<\/ul>\n<\/li>\n<\/ul>\n<p class=\"\" data-start=\"824\" data-end=\"838\"><strong data-start=\"824\" data-end=\"836\">Incluye:<\/strong><\/p>\n<ul data-start=\"839\" data-end=\"1022\">\n<li class=\"\" data-start=\"839\" data-end=\"912\">\n<p class=\"\" data-start=\"841\" data-end=\"912\">Rociador (disponible en tama\u00f1os de 20, 25 y 30 cm) con soporte a pared.<\/p>\n<\/li>\n<li class=\"\" data-start=\"913\" data-end=\"968\">\n<p class=\"\" data-start=\"915\" data-end=\"968\">Monomando de 2 v\u00edas (rociador y alcachofa de mano).<\/p>\n<\/li>\n<li class=\"\" data-start=\"969\" data-end=\"989\">\n<p class=\"\" data-start=\"971\" data-end=\"989\">Flexo de 150 cm.<\/p>\n<\/li>\n<li class=\"\" data-start=\"990\" data-end=\"1022\">\n<p class=\"\" data-start=\"992\" data-end=\"1022\">Alcachofa de mano con soporte.<\/p>\n<\/li>\n<li data-start=\"990\" data-end=\"1022\">Caja box empotrable<\/li>\n<\/ul>\n<p class=\"\" data-start=\"1024\" data-end=\"1126\">Una opci\u00f3n ideal para quienes buscan una ducha funcional con un dise\u00f1o moderno y de f\u00e1cil instalaci\u00f3n.<\/p>\n","protected":false},"excerpt":{"rendered":"<p>Ducha empotrada monomando con un dise\u00f1o elegante y moderno en  [&#8230;]<\/p>\n","protected":false},"featured_media":13212,"template":"","meta":[],"product_brand":[],"product_cat":[57,47],"product_tag":[],"serie":[401],"manual-de-instalacion":[78],"color":[27],"class_list":{"0":"post-12898","1":"product","2":"type-product","3":"status-publish","4":"has-post-thumbnail","6":"product_cat-duchas-empotradas","7":"product_cat-duchas","8":"pa_tamano-rociador-20cm","9":"pa_tamano-rociador-25cm","10":"pa_tamano-rociador-30cm","11":"serie-ofin","12":"manual-de-instalacion-guia-instalacion-duchas-empotradas-monomando","13":"color-negro-mate","15":"first","16":"instock","17":"taxable","18":"shipping-taxable","19":"product-type-variable"},"_links":{"self":[{"href":"https:\/\/www.valaz.es\/it\/wp-json\/wp\/v2\/product\/12898","targetHints":{"allow":["GET"]}}],"collection":[{"href":"https:\/\/www.valaz.es\/it\/wp-json\/wp\/v2\/product"}],"about":[{"href":"https:\/\/www.valaz.es\/it\/wp-json\/wp\/v2\/types\/product"}],"wp:featuredmedia":[{"embeddable":true,"href":"https:\/\/www.valaz.es\/it\/wp-json\/wp\/v2\/media\/13212"}],"wp:attachment":[{"href":"https:\/\/www.valaz.es\/it\/wp-json\/wp\/v2\/media?parent=12898"}],"wp:term":[{"taxonomy":"product_brand","embeddable":true,"href":"https:\/\/www.valaz.es\/it\/wp-json\/wp\/v2\/product_brand?post=12898"},{"taxonomy":"product_cat","embeddable":true,"href":"https:\/\/www.valaz.es\/it\/wp-json\/wp\/v2\/product_cat?post=12898"},{"taxonomy":"product_tag","embeddable":true,"href":"https:\/\/www.valaz.es\/it\/wp-json\/wp\/v2\/product_tag?post=12898"},{"taxonomy":"serie","embeddable":true,"href":"https:\/\/www.valaz.es\/it\/wp-json\/wp\/v2\/serie?post=12898"},{"taxonomy":"manual-de-instalacion","embeddable":true,"href":"https:\/\/www.valaz.es\/it\/wp-json\/wp\/v2\/manual-de-instalacion?post=12898"},{"taxonomy":"color","embeddable":true,"href":"https:\/\/www.valaz.es\/it\/wp-json\/wp\/v2\/color?post=12898"}],"curies":[{"name":"wp","href":"https:\/\/api.w.org\/{rel}","templated":true}]}}