{"id":12889,"date":"2024-09-17T15:35:32","date_gmt":"2024-09-17T13:35:32","guid":{"rendered":"https:\/\/www.valaz.es\/?post_type=product&#038;p=12889"},"modified":"2026-02-14T18:23:09","modified_gmt":"2026-02-14T17:23:09","slug":"ducha-empotrada-monomando-redonda-acabado-maneta-luxury-dorado-cepillado-a-pared-serie-ofin","status":"publish","type":"product","link":"https:\/\/www.valaz.es\/it\/prodotto\/ducha-empotrada-monomando-redonda-acabado-maneta-luxury-dorado-cepillado-a-pared-serie-ofin\/","title":{"rendered":"Ducha empotrada monomando redonda acabado maneta luxury dorado cepillado a pared &#8211; Serie Ofin"},"content":{"rendered":"<p class=\"\" data-start=\"99\" data-end=\"485\">Ducha empotrada monomando con un acabado dorado cepillado que aporta un toque elegante y sofisticado a tu ba\u00f1o. El sistema incluye un rociador de efecto lluvia y alcachofa de mano, brindando dos opciones para disfrutar de una ducha refrescante. Su dise\u00f1o de f\u00e1cil instalaci\u00f3n y materiales duraderos lo convierten en una excelente opci\u00f3n para ba\u00f1os modernos y de lujo.<\/p>\n<p class=\"\" data-start=\"487\" data-end=\"510\"><strong data-start=\"487\" data-end=\"508\">Especificaciones:<\/strong><\/p>\n<ul data-start=\"511\" data-end=\"851\">\n<li class=\"\" data-start=\"511\" data-end=\"597\">\n<p class=\"\" data-start=\"513\" data-end=\"597\"><strong data-start=\"513\" data-end=\"531\">Tipo de grifo:<\/strong> Monomando, 2 v\u00edas (rociador efecto lluvia y alcachofa de mano).<\/p>\n<\/li>\n<li class=\"\" data-start=\"598\" data-end=\"744\">\n<p class=\"\" data-start=\"600\" data-end=\"617\"><strong data-start=\"600\" data-end=\"615\">Materiales:<\/strong><\/p>\n<ul data-start=\"620\" data-end=\"744\">\n<li class=\"\" data-start=\"620\" data-end=\"653\">\n<p class=\"\" data-start=\"622\" data-end=\"653\">Rociador de acero inoxidable.<\/p>\n<\/li>\n<li class=\"\" data-start=\"656\" data-end=\"679\">\n<p class=\"\" data-start=\"658\" data-end=\"679\">Monomando de lat\u00f3n.<\/p>\n<\/li>\n<li class=\"\" data-start=\"682\" data-end=\"711\">\n<p class=\"\" data-start=\"684\" data-end=\"711\">Alcachofa de mano de PVC.<\/p>\n<\/li>\n<li class=\"\" data-start=\"714\" data-end=\"744\">\n<p class=\"\" data-start=\"716\" data-end=\"744\">Flexo de PVC<\/p>\n<\/li>\n<\/ul>\n<\/li>\n<li class=\"\" data-start=\"745\" data-end=\"779\">\n<p class=\"\" data-start=\"747\" data-end=\"779\"><strong data-start=\"747\" data-end=\"759\">Acabado:<\/strong> Dorado cepillado.<\/p>\n<\/li>\n<li class=\"\" data-start=\"780\" data-end=\"851\">\n<p class=\"\" data-start=\"782\" data-end=\"798\"><strong data-start=\"782\" data-end=\"796\">Funciones:<\/strong><\/p>\n<ul data-start=\"801\" data-end=\"851\">\n<li class=\"\" data-start=\"801\" data-end=\"828\">\n<p class=\"\" data-start=\"803\" data-end=\"828\">Rociador efecto lluvia.<\/p>\n<\/li>\n<li class=\"\" data-start=\"831\" data-end=\"851\">\n<p class=\"\" data-start=\"833\" data-end=\"851\">Alcachofa de mano.<\/p>\n<\/li>\n<\/ul>\n<\/li>\n<\/ul>\n<p class=\"\" data-start=\"853\" data-end=\"867\"><strong data-start=\"853\" data-end=\"865\">Incluye:<\/strong><\/p>\n<ul data-start=\"868\" data-end=\"1051\">\n<li class=\"\" data-start=\"868\" data-end=\"941\">\n<p class=\"\" data-start=\"870\" data-end=\"941\">Rociador (disponible en tama\u00f1os de 20, 25 y 30 cm) con soporte a pared.<\/p>\n<\/li>\n<li class=\"\" data-start=\"942\" data-end=\"997\">\n<p class=\"\" data-start=\"944\" data-end=\"997\">Monomando de 2 v\u00edas (rociador y alcachofa de mano).<\/p>\n<\/li>\n<li class=\"\" data-start=\"998\" data-end=\"1018\">\n<p class=\"\" data-start=\"1000\" data-end=\"1018\">Flexo de 150 cm.<\/p>\n<\/li>\n<li class=\"\" data-start=\"1019\" data-end=\"1051\">\n<p class=\"\" data-start=\"1021\" data-end=\"1051\">Alcachofa de mano con soporte.<\/p>\n<\/li>\n<li data-start=\"1019\" data-end=\"1051\">Caja box empotrable<\/li>\n<\/ul>\n","protected":false},"excerpt":{"rendered":"<p>Ducha empotrada monomando con un acabado dorado cepillado que aporta  [&#8230;]<\/p>\n","protected":false},"featured_media":13208,"template":"","meta":[],"product_brand":[],"product_cat":[57],"product_tag":[],"serie":[401],"manual-de-instalacion":[78],"color":[34],"class_list":{"0":"post-12889","1":"product","2":"type-product","3":"status-publish","4":"has-post-thumbnail","6":"product_cat-duchas-empotradas","7":"pa_tamano-rociador-20cm","8":"pa_tamano-rociador-25cm","9":"pa_tamano-rociador-30cm","10":"serie-ofin","11":"manual-de-instalacion-guia-instalacion-duchas-empotradas-monomando","12":"color-dorado-cepillado","14":"first","15":"instock","16":"taxable","17":"shipping-taxable","18":"product-type-variable"},"_links":{"self":[{"href":"https:\/\/www.valaz.es\/it\/wp-json\/wp\/v2\/product\/12889","targetHints":{"allow":["GET"]}}],"collection":[{"href":"https:\/\/www.valaz.es\/it\/wp-json\/wp\/v2\/product"}],"about":[{"href":"https:\/\/www.valaz.es\/it\/wp-json\/wp\/v2\/types\/product"}],"wp:featuredmedia":[{"embeddable":true,"href":"https:\/\/www.valaz.es\/it\/wp-json\/wp\/v2\/media\/13208"}],"wp:attachment":[{"href":"https:\/\/www.valaz.es\/it\/wp-json\/wp\/v2\/media?parent=12889"}],"wp:term":[{"taxonomy":"product_brand","embeddable":true,"href":"https:\/\/www.valaz.es\/it\/wp-json\/wp\/v2\/product_brand?post=12889"},{"taxonomy":"product_cat","embeddable":true,"href":"https:\/\/www.valaz.es\/it\/wp-json\/wp\/v2\/product_cat?post=12889"},{"taxonomy":"product_tag","embeddable":true,"href":"https:\/\/www.valaz.es\/it\/wp-json\/wp\/v2\/product_tag?post=12889"},{"taxonomy":"serie","embeddable":true,"href":"https:\/\/www.valaz.es\/it\/wp-json\/wp\/v2\/serie?post=12889"},{"taxonomy":"manual-de-instalacion","embeddable":true,"href":"https:\/\/www.valaz.es\/it\/wp-json\/wp\/v2\/manual-de-instalacion?post=12889"},{"taxonomy":"color","embeddable":true,"href":"https:\/\/www.valaz.es\/it\/wp-json\/wp\/v2\/color?post=12889"}],"curies":[{"name":"wp","href":"https:\/\/api.w.org\/{rel}","templated":true}]}}