{"id":12849,"date":"2024-09-17T15:37:25","date_gmt":"2024-09-17T13:37:25","guid":{"rendered":"https:\/\/www.valaz.es\/?post_type=product&#038;p=12849"},"modified":"2026-03-09T07:24:43","modified_gmt":"2026-03-09T06:24:43","slug":"grifo-lavabo-empotrado-redondo-monomando-oro-mate-con-proteccion-pvd-con-maneta-luxury-y-cano-de-21cm-serie-torina","status":"publish","type":"product","link":"https:\/\/www.valaz.es\/it\/prodotto\/grifo-lavabo-empotrado-redondo-monomando-oro-mate-con-proteccion-pvd-con-maneta-luxury-y-cano-de-21cm-serie-torina\/","title":{"rendered":"Grifo lavabo empotrado redondo monomando oro mate con protecci\u00f3n PVD con maneta luxury y ca\u00f1o de 21cm &#8211; Serie Torina"},"content":{"rendered":"<p class=\"\" data-start=\"192\" data-end=\"669\">El <strong data-start=\"195\" data-end=\"316\">Grifo lavabo empotrado redondo monomando oro mate con protecci\u00f3n PVD con maneta luxury y ca\u00f1o de 21 cm &#8211; Serie Torina<\/strong> es la elecci\u00f3n perfecta para aquellos que buscan una pieza elegante y resistente para su ba\u00f1o. Con su acabado oro mate con protecci\u00f3n PVD, ofrece una gran durabilidad y resistencia al desgaste. Su cartucho cer\u00e1mico garantiza un control preciso de la temperatura, mientras que el ca\u00f1o de 21 cm y la maneta luxury brindan comodidad y estilo a tu espacio.<\/p>\n<h3 class=\"\" data-start=\"671\" data-end=\"698\"><strong data-start=\"675\" data-end=\"696\">Especificaciones:<\/strong><\/h3>\n<ul data-start=\"699\" data-end=\"962\">\n<li class=\"\" data-start=\"699\" data-end=\"812\">\n<p class=\"\" data-start=\"701\" data-end=\"718\"><strong data-start=\"701\" data-end=\"716\">Materiales:<\/strong><\/p>\n<ul data-start=\"721\" data-end=\"812\">\n<li class=\"\" data-start=\"721\" data-end=\"740\">\n<p class=\"\" data-start=\"723\" data-end=\"740\">Cuerpo de lat\u00f3n<\/p>\n<\/li>\n<li class=\"\" data-start=\"743\" data-end=\"764\">\n<p class=\"\" data-start=\"745\" data-end=\"764\">Cartucho cer\u00e1mico<\/p>\n<\/li>\n<li class=\"\" data-start=\"767\" data-end=\"812\">\n<p class=\"\" data-start=\"769\" data-end=\"812\">Grifo mezclador para agua fr\u00eda y caliente<\/p>\n<\/li>\n<\/ul>\n<\/li>\n<li class=\"\" data-start=\"814\" data-end=\"864\">\n<p class=\"\" data-start=\"816\" data-end=\"830\"><strong data-start=\"816\" data-end=\"828\">Acabado:<\/strong><\/p>\n<ul data-start=\"833\" data-end=\"864\">\n<li class=\"\" data-start=\"833\" data-end=\"864\">\n<p class=\"\" data-start=\"835\" data-end=\"864\">Oro mate con protecci\u00f3n PVD<\/p>\n<\/li>\n<\/ul>\n<\/li>\n<li class=\"\" data-start=\"866\" data-end=\"962\"><strong data-start=\"744\" data-end=\"776\">Instalaci\u00f3n<\/strong>\n<ul data-start=\"699\" data-end=\"962\">\n<li>Empotrado<\/li>\n<\/ul>\n<\/li>\n<\/ul>\n","protected":false},"excerpt":{"rendered":"<p>El Grifo lavabo empotrado redondo monomando oro mate con protecci\u00f3n  [&#8230;]<\/p>\n","protected":false},"featured_media":12913,"template":"","meta":[],"product_brand":[],"product_cat":[58],"product_tag":[],"serie":[397],"manual-de-instalacion":[80],"color":[350],"class_list":{"0":"post-12849","1":"product","2":"type-product","3":"status-publish","4":"has-post-thumbnail","6":"product_cat-grifos-de-lavabo-empotrados","7":"serie-torina","8":"manual-de-instalacion-guia-instalacion-grifo-lavabo-empotrado-con-caja","9":"color-oro-mate-cepillado","11":"first","12":"instock","13":"taxable","14":"shipping-taxable","15":"product-type-simple"},"_links":{"self":[{"href":"https:\/\/www.valaz.es\/it\/wp-json\/wp\/v2\/product\/12849","targetHints":{"allow":["GET"]}}],"collection":[{"href":"https:\/\/www.valaz.es\/it\/wp-json\/wp\/v2\/product"}],"about":[{"href":"https:\/\/www.valaz.es\/it\/wp-json\/wp\/v2\/types\/product"}],"wp:featuredmedia":[{"embeddable":true,"href":"https:\/\/www.valaz.es\/it\/wp-json\/wp\/v2\/media\/12913"}],"wp:attachment":[{"href":"https:\/\/www.valaz.es\/it\/wp-json\/wp\/v2\/media?parent=12849"}],"wp:term":[{"taxonomy":"product_brand","embeddable":true,"href":"https:\/\/www.valaz.es\/it\/wp-json\/wp\/v2\/product_brand?post=12849"},{"taxonomy":"product_cat","embeddable":true,"href":"https:\/\/www.valaz.es\/it\/wp-json\/wp\/v2\/product_cat?post=12849"},{"taxonomy":"product_tag","embeddable":true,"href":"https:\/\/www.valaz.es\/it\/wp-json\/wp\/v2\/product_tag?post=12849"},{"taxonomy":"serie","embeddable":true,"href":"https:\/\/www.valaz.es\/it\/wp-json\/wp\/v2\/serie?post=12849"},{"taxonomy":"manual-de-instalacion","embeddable":true,"href":"https:\/\/www.valaz.es\/it\/wp-json\/wp\/v2\/manual-de-instalacion?post=12849"},{"taxonomy":"color","embeddable":true,"href":"https:\/\/www.valaz.es\/it\/wp-json\/wp\/v2\/color?post=12849"}],"curies":[{"name":"wp","href":"https:\/\/api.w.org\/{rel}","templated":true}]}}