{"id":12786,"date":"2024-08-28T08:55:43","date_gmt":"2024-08-28T06:55:43","guid":{"rendered":"https:\/\/www.valaz.es\/?post_type=product&#038;p=12786"},"modified":"2026-03-20T07:15:27","modified_gmt":"2026-03-20T06:15:27","slug":"grifo-de-lavabo-empotrado-redondo-monomando-de-con-cano-21cm-oro-mate-con-proteccion-pvd-serie-guadiana","status":"publish","type":"product","link":"https:\/\/www.valaz.es\/it\/prodotto\/grifo-de-lavabo-empotrado-redondo-monomando-de-con-cano-21cm-oro-mate-con-proteccion-pvd-serie-guadiana\/","title":{"rendered":"Grifo de lavabo empotrado redondo monomando de con ca\u00f1o 21cm oro mate con protecci\u00f3n PVD &#8211; Serie Guadiana"},"content":{"rendered":"<p class=\"\" data-start=\"178\" data-end=\"558\">Este grifo de lavabo empotrado, de dise\u00f1o redondo y acabado oro mate con protecci\u00f3n PVD, destaca por su elegancia y durabilidad. Su ca\u00f1o de 21 cm proporciona una excelente comodidad de uso, mientras que su tecnolog\u00eda de cartucho cer\u00e1mico asegura un manejo preciso de la temperatura y el flujo de agua. Ideal para quienes buscan un estilo sofisticado en el ba\u00f1o.<\/p>\n<p class=\"\" data-start=\"560\" data-end=\"581\"><strong data-start=\"560\" data-end=\"581\">Especificaciones:<\/strong><\/p>\n<ul data-start=\"583\" data-end=\"887\">\n<li class=\"\" data-start=\"583\" data-end=\"613\">\n<p class=\"\" data-start=\"585\" data-end=\"613\"><strong data-start=\"585\" data-end=\"603\">Tipo de grifo:<\/strong> Monomando<\/p>\n<\/li>\n<li class=\"\" data-start=\"614\" data-end=\"656\">\n<p class=\"\" data-start=\"616\" data-end=\"656\"><strong data-start=\"616\" data-end=\"628\">Acabado:<\/strong> Oro mate con protecci\u00f3n PVD<\/p>\n<\/li>\n<li class=\"\" data-start=\"657\" data-end=\"703\">\n<p class=\"\" data-start=\"659\" data-end=\"703\"><strong data-start=\"659\" data-end=\"672\">Material:<\/strong> Cuerpo de la grifer\u00eda en lat\u00f3n<\/p>\n<\/li>\n<li class=\"\" data-start=\"704\" data-end=\"728\">\n<p class=\"\" data-start=\"706\" data-end=\"728\"><strong data-start=\"706\" data-end=\"719\">Cartucho:<\/strong> Cer\u00e1mico<\/p>\n<\/li>\n<li class=\"\" data-start=\"729\" data-end=\"746\">\n<p class=\"\" data-start=\"731\" data-end=\"746\"><strong data-start=\"731\" data-end=\"740\">Ca\u00f1o:<\/strong> 21 cm<\/p>\n<\/li>\n<li class=\"\" data-start=\"747\" data-end=\"775\">\n<p class=\"\" data-start=\"749\" data-end=\"775\"><strong data-start=\"749\" data-end=\"765\">Instalaci\u00f3n:<\/strong> Empotrado<\/p>\n<\/li>\n<li class=\"\" data-start=\"776\" data-end=\"796\">\n<p class=\"\" data-start=\"778\" data-end=\"796\"><strong data-start=\"778\" data-end=\"791\">Conexi\u00f3n:<\/strong> G1\/2<\/p>\n<\/li>\n<li class=\"\" data-start=\"797\" data-end=\"847\">\n<p class=\"\" data-start=\"799\" data-end=\"847\"><strong data-start=\"799\" data-end=\"816\">Tipo de agua:<\/strong> Mezclador agua fr\u00eda y caliente<\/p>\n<\/li>\n<li class=\"\" data-start=\"848\" data-end=\"887\">\n<p class=\"\" data-start=\"850\" data-end=\"887\"><strong data-start=\"850\" data-end=\"873\">Presi\u00f3n de trabajo:<\/strong> 0.1 &#8211; 1.0 MPa<\/p>\n<\/li>\n<\/ul>\n","protected":false},"excerpt":{"rendered":"<p>Este grifo de lavabo empotrado, de dise\u00f1o redondo y acabado  [&#8230;]<\/p>\n","protected":false},"featured_media":12787,"template":"","meta":[],"product_brand":[],"product_cat":[48,58],"product_tag":[],"serie":[63],"manual-de-instalacion":[81],"color":[350],"class_list":{"0":"post-12786","1":"product","2":"type-product","3":"status-publish","4":"has-post-thumbnail","6":"product_cat-grifos-de-lavabo","7":"product_cat-grifos-de-lavabo-empotrados","8":"serie-guadiana","9":"manual-de-instalacion-guia-instalacion-grifo-lavabo-empotrado-sin-caja","10":"color-oro-mate-cepillado","12":"first","13":"instock","14":"taxable","15":"shipping-taxable","16":"product-type-simple"},"_links":{"self":[{"href":"https:\/\/www.valaz.es\/it\/wp-json\/wp\/v2\/product\/12786","targetHints":{"allow":["GET"]}}],"collection":[{"href":"https:\/\/www.valaz.es\/it\/wp-json\/wp\/v2\/product"}],"about":[{"href":"https:\/\/www.valaz.es\/it\/wp-json\/wp\/v2\/types\/product"}],"wp:featuredmedia":[{"embeddable":true,"href":"https:\/\/www.valaz.es\/it\/wp-json\/wp\/v2\/media\/12787"}],"wp:attachment":[{"href":"https:\/\/www.valaz.es\/it\/wp-json\/wp\/v2\/media?parent=12786"}],"wp:term":[{"taxonomy":"product_brand","embeddable":true,"href":"https:\/\/www.valaz.es\/it\/wp-json\/wp\/v2\/product_brand?post=12786"},{"taxonomy":"product_cat","embeddable":true,"href":"https:\/\/www.valaz.es\/it\/wp-json\/wp\/v2\/product_cat?post=12786"},{"taxonomy":"product_tag","embeddable":true,"href":"https:\/\/www.valaz.es\/it\/wp-json\/wp\/v2\/product_tag?post=12786"},{"taxonomy":"serie","embeddable":true,"href":"https:\/\/www.valaz.es\/it\/wp-json\/wp\/v2\/serie?post=12786"},{"taxonomy":"manual-de-instalacion","embeddable":true,"href":"https:\/\/www.valaz.es\/it\/wp-json\/wp\/v2\/manual-de-instalacion?post=12786"},{"taxonomy":"color","embeddable":true,"href":"https:\/\/www.valaz.es\/it\/wp-json\/wp\/v2\/color?post=12786"}],"curies":[{"name":"wp","href":"https:\/\/api.w.org\/{rel}","templated":true}]}}