{"id":12621,"date":"2024-08-23T12:33:23","date_gmt":"2024-08-23T10:33:23","guid":{"rendered":"https:\/\/www.valaz.es\/?post_type=product&#038;p=12621"},"modified":"2026-03-23T07:19:00","modified_gmt":"2026-03-23T06:19:00","slug":"grifo-de-bidet-empotrado-agua-fria-y-caliente-redondo-2-vias-oro-mate-con-proteccion-pvd-serie-guadiana","status":"publish","type":"product","link":"https:\/\/www.valaz.es\/it\/prodotto\/grifo-de-bidet-empotrado-agua-fria-y-caliente-redondo-2-vias-oro-mate-con-proteccion-pvd-serie-guadiana\/","title":{"rendered":"Grifo de bidet empotrado agua fria y caliente redondo 2 vias oro mate con protecci\u00f3n PVD &#8211; Serie Guadiana"},"content":{"rendered":"<p class=\"\" data-start=\"282\" data-end=\"675\">El grifo de bidet empotrado redondo de la serie Guadiana en acabado oro mate con protecci\u00f3n PVD es ideal para quienes buscan un dise\u00f1o elegante y funcional. Con dos v\u00edas para agua fr\u00eda y caliente, ofrece un control total de la temperatura. Este grifo est\u00e1 fabricado con materiales de alta resistencia y cuenta con un acabado en oro mate que proporciona durabilidad y estilo.<\/p>\n<p class=\"\" data-start=\"677\" data-end=\"700\"><strong data-start=\"677\" data-end=\"698\">Especificaciones:<\/strong><\/p>\n<ul data-start=\"701\" data-end=\"979\">\n<li class=\"\" data-start=\"701\" data-end=\"772\">\n<p class=\"\" data-start=\"703\" data-end=\"772\"><strong data-start=\"703\" data-end=\"712\">Tipo:<\/strong> Grifo de bidet empotrado de 2 v\u00edas (agua fr\u00eda y caliente)<\/p>\n<\/li>\n<li class=\"\" data-start=\"773\" data-end=\"795\">\n<p class=\"\" data-start=\"775\" data-end=\"795\"><strong data-start=\"775\" data-end=\"788\">Conexi\u00f3n:<\/strong> G1\/2<\/p>\n<\/li>\n<li class=\"\" data-start=\"796\" data-end=\"905\">\n<p class=\"\" data-start=\"798\" data-end=\"815\"><strong data-start=\"798\" data-end=\"813\">Materiales:<\/strong><\/p>\n<ul data-start=\"818\" data-end=\"905\">\n<li class=\"\" data-start=\"818\" data-end=\"839\">\n<p class=\"\" data-start=\"820\" data-end=\"839\">Cartucho cer\u00e1mico<\/p>\n<\/li>\n<li class=\"\" data-start=\"842\" data-end=\"876\">\n<p class=\"\" data-start=\"844\" data-end=\"876\">Cuerpo de la grifer\u00eda de lat\u00f3n<\/p>\n<\/li>\n<li class=\"\" data-start=\"879\" data-end=\"905\">\n<p class=\"\" data-start=\"881\" data-end=\"905\">Flexo de PVC de 120 cm<\/p>\n<\/li>\n<\/ul>\n<\/li>\n<li class=\"\" data-start=\"906\" data-end=\"934\">\n<p class=\"\" data-start=\"908\" data-end=\"934\"><strong data-start=\"908\" data-end=\"920\">Presi\u00f3n:<\/strong> 0.1-1.0 Mpa<\/p>\n<\/li>\n<li class=\"\" data-start=\"935\" data-end=\"979\">\n<p class=\"\" data-start=\"937\" data-end=\"979\"><strong data-start=\"937\" data-end=\"949\">Acabado:<\/strong> Oro mate con protecci\u00f3n PVD<\/p>\n<\/li>\n<li data-start=\"935\" data-end=\"979\"><strong>Incluye:<\/strong> Cuerpo empotrable<\/li>\n<\/ul>\n","protected":false},"excerpt":{"rendered":"<p>Serie Guadiana con l\u00edneas curvas y redondas, destacada por su sencillez y elegancia, una de nuestras series m\u00e1s minimalista y moderna. Disponemos de ducha empotrada tanto a pared como a techo, grifo de lavabo empotrado, grifo de bid\u00e9 empotrado. Es una de las series m\u00e1s completas en cuanto a productos con la mejor relaci\u00f3n calidad precio y unos acabados en cromado, dorado cepillado, negro mate, acero cepillado, Gun metal, dorado envejecido, blanco.<\/p>\n<p>La garant\u00eda de todos nuestros productos es de 3 a\u00f1os, para funcionamiento, duraci\u00f3n del esmaltado y anticorrosi\u00f3n.<\/p>\n<p>Recomendamos para un correcto mantenimiento de la grifer\u00eda y evitar el deterioro por el uso. Secar las gotas de agua con un pa\u00f1o suave despu\u00e9s del uso, evitando que se posen en la superficie y deterioran el acabado, no utilizar esponjas que puedan rayar la grifer\u00eda, utilizar limpiadores como vinagre limpieza, agua caliente y jab\u00f3n con pH neutro.<\/p>\n<p>&nbsp;<\/p>\n<p><strong>Nuestro departamento\u00a0t\u00e9cnico\u00a0dispone de\u00a0gu\u00edas\u00a0de todos los\u00a0modelos\u00a0empotrados\u00a0que vendemos<\/strong><strong>,\u00a0si tiene alguna duda con la\u00a0instalaci\u00f3n\u00a0contacte con nosotros mediante\u00a0tel\u00e9fono,\u00a0WhatsApp\u00a0o email dentro del horario laboral indicado en la web.<\/strong><\/p>\n<p><strong>Recuerden que una vez instalado el cuerpo\u00a0empotrado\u00a0de la\u00a0grifer\u00eda\u00a0revisar de su correcto funcionamiento de paso de agua, comprobaci\u00f3n de cartuchos y corte de agua, si detecta alguna\u00a0anomal\u00eda\u00a0informe a nuestro\u00a0departamento\u00a0para darle una\u00a0soluci\u00f3n, no\u00a0contin\u00fae\u00a0con la\u00a0instalaci\u00f3n\u00a0de cerramiento de la pared.<\/strong><\/p>\n","protected":false},"featured_media":11801,"template":"","meta":[],"product_brand":[],"product_cat":[54,59],"product_tag":[],"serie":[63],"manual-de-instalacion":[88],"color":[350],"class_list":{"0":"post-12621","1":"product","2":"type-product","3":"status-publish","4":"has-post-thumbnail","6":"product_cat-grifos-de-bidet","7":"product_cat-grifos-de-bidet-empotrados","8":"serie-guadiana","9":"manual-de-instalacion-guia-instalacion-bide-empotrado","10":"color-oro-mate-cepillado","12":"first","13":"instock","14":"taxable","15":"shipping-taxable","16":"product-type-simple"},"_links":{"self":[{"href":"https:\/\/www.valaz.es\/it\/wp-json\/wp\/v2\/product\/12621","targetHints":{"allow":["GET"]}}],"collection":[{"href":"https:\/\/www.valaz.es\/it\/wp-json\/wp\/v2\/product"}],"about":[{"href":"https:\/\/www.valaz.es\/it\/wp-json\/wp\/v2\/types\/product"}],"wp:featuredmedia":[{"embeddable":true,"href":"https:\/\/www.valaz.es\/it\/wp-json\/wp\/v2\/media\/11801"}],"wp:attachment":[{"href":"https:\/\/www.valaz.es\/it\/wp-json\/wp\/v2\/media?parent=12621"}],"wp:term":[{"taxonomy":"product_brand","embeddable":true,"href":"https:\/\/www.valaz.es\/it\/wp-json\/wp\/v2\/product_brand?post=12621"},{"taxonomy":"product_cat","embeddable":true,"href":"https:\/\/www.valaz.es\/it\/wp-json\/wp\/v2\/product_cat?post=12621"},{"taxonomy":"product_tag","embeddable":true,"href":"https:\/\/www.valaz.es\/it\/wp-json\/wp\/v2\/product_tag?post=12621"},{"taxonomy":"serie","embeddable":true,"href":"https:\/\/www.valaz.es\/it\/wp-json\/wp\/v2\/serie?post=12621"},{"taxonomy":"manual-de-instalacion","embeddable":true,"href":"https:\/\/www.valaz.es\/it\/wp-json\/wp\/v2\/manual-de-instalacion?post=12621"},{"taxonomy":"color","embeddable":true,"href":"https:\/\/www.valaz.es\/it\/wp-json\/wp\/v2\/color?post=12621"}],"curies":[{"name":"wp","href":"https:\/\/api.w.org\/{rel}","templated":true}]}}