{"id":12500,"date":"2024-09-17T15:37:40","date_gmt":"2024-09-17T13:37:40","guid":{"rendered":"https:\/\/www.valaz.es\/?post_type=product&#038;p=12500"},"modified":"2025-06-27T10:57:07","modified_gmt":"2025-06-27T08:57:07","slug":"ducha-empotrada-monomando-pared-redonda-acabado-maneta-luxury-negro-mate-serie-torina","status":"publish","type":"product","link":"https:\/\/www.valaz.es\/it\/prodotto\/ducha-empotrada-monomando-pared-redonda-acabado-maneta-luxury-negro-mate-serie-torina\/","title":{"rendered":"Ducha empotrada monomando pared redonda acabado maneta luxury negro mate &#8211; Serie Torina"},"content":{"rendered":"<p class=\"\" data-start=\"142\" data-end=\"608\">La <strong data-start=\"145\" data-end=\"230\">Ducha empotrada monomando redonda acabado maneta luxury negro mate &#8211; Serie Torina<\/strong> es una opci\u00f3n moderna y elegante para tu ba\u00f1o. Con un dise\u00f1o funcional y estilizado, ofrece dos modos de salida de agua: un rociador de efecto lluvia y una alcachofa de mano, lo que proporciona una experiencia de ducha completa. Su acabado negro mate le otorga un toque sofisticado y contempor\u00e1neo, mientras que la calidad de sus materiales asegura durabilidad y rendimiento.<\/p>\n<h3 class=\"\" data-start=\"610\" data-end=\"637\"><strong data-start=\"614\" data-end=\"635\">Especificaciones:<\/strong><\/h3>\n<ul data-start=\"638\" data-end=\"1033\">\n<li class=\"\" data-start=\"638\" data-end=\"780\">\n<p class=\"\" data-start=\"640\" data-end=\"657\"><strong data-start=\"640\" data-end=\"655\">Materiales:<\/strong><\/p>\n<ul data-start=\"660\" data-end=\"780\">\n<li class=\"\" data-start=\"660\" data-end=\"692\">\n<p class=\"\" data-start=\"662\" data-end=\"692\">Rociador de acero inoxidable<\/p>\n<\/li>\n<li class=\"\" data-start=\"695\" data-end=\"717\">\n<p class=\"\" data-start=\"697\" data-end=\"717\">Monomando de lat\u00f3n<\/p>\n<\/li>\n<li class=\"\" data-start=\"720\" data-end=\"748\">\n<p class=\"\" data-start=\"722\" data-end=\"748\">Alcachofa de mano de PVC<\/p>\n<\/li>\n<li class=\"\" data-start=\"751\" data-end=\"780\">\n<p class=\"\" data-start=\"753\" data-end=\"780\">Flexo de PVC<\/p>\n<\/li>\n<\/ul>\n<\/li>\n<li class=\"\" data-start=\"782\" data-end=\"815\">\n<p class=\"\" data-start=\"784\" data-end=\"798\"><strong data-start=\"784\" data-end=\"796\">Acabado:<\/strong><\/p>\n<ul data-start=\"801\" data-end=\"815\">\n<li class=\"\" data-start=\"801\" data-end=\"815\">\n<p class=\"\" data-start=\"803\" data-end=\"815\">Negro mate<\/p>\n<\/li>\n<\/ul>\n<\/li>\n<li class=\"\" data-start=\"817\" data-end=\"902\">\n<p class=\"\" data-start=\"819\" data-end=\"835\"><strong data-start=\"819\" data-end=\"833\">Funciones:<\/strong><\/p>\n<ul data-start=\"838\" data-end=\"902\">\n<li class=\"\" data-start=\"838\" data-end=\"902\">\n<p class=\"\" data-start=\"840\" data-end=\"902\">Dos funciones: rociador de efecto lluvia y alcachofa de mano<\/p>\n<\/li>\n<\/ul>\n<\/li>\n<li class=\"\" data-start=\"904\" data-end=\"1033\">\n<p class=\"\" data-start=\"906\" data-end=\"940\"><strong data-start=\"906\" data-end=\"938\">Medida est\u00e1ndar entre tomas:<\/strong><\/p>\n<ul data-start=\"943\" data-end=\"1033\">\n<li class=\"\" data-start=\"943\" data-end=\"1033\">\n<p class=\"\" data-start=\"945\" data-end=\"1033\">15 cm entre tomas (para la instalaci\u00f3n de rociador y alcachofa de mano, si es necesario)<\/p>\n<\/li>\n<\/ul>\n<\/li>\n<\/ul>\n<h3 class=\"\" data-start=\"1035\" data-end=\"1060\"><strong data-start=\"1039\" data-end=\"1058\">Lo que incluye:<\/strong><\/h3>\n<ul data-start=\"1061\" data-end=\"1254\">\n<li class=\"\" data-start=\"1061\" data-end=\"1133\">\n<p class=\"\" data-start=\"1063\" data-end=\"1133\">Rociador disponible en tama\u00f1os de 20, 25 y 30 cm con soporte a pared<\/p>\n<\/li>\n<li class=\"\" data-start=\"1134\" data-end=\"1202\">\n<p class=\"\" data-start=\"1136\" data-end=\"1202\">Monomando de 2 v\u00edas (rociador efecto lluvia y alcachofa de mano)<\/p>\n<\/li>\n<li class=\"\" data-start=\"1203\" data-end=\"1222\">\n<p class=\"\" data-start=\"1205\" data-end=\"1222\">Flexo de 150 cm<\/p>\n<\/li>\n<li class=\"\" data-start=\"1223\" data-end=\"1254\">\n<p class=\"\" data-start=\"1225\" data-end=\"1254\">Alcachofa de mano con soporte<\/p>\n<\/li>\n<li data-start=\"1223\" data-end=\"1254\">Caja box empotrable<\/li>\n<\/ul>\n","protected":false},"excerpt":{"rendered":"<p>La Ducha empotrada monomando redonda acabado maneta luxury negro mate  [&#8230;]<\/p>\n","protected":false},"featured_media":12921,"template":"","meta":[],"product_brand":[],"product_cat":[57],"product_tag":[],"serie":[397],"manual-de-instalacion":[78],"color":[27],"class_list":{"0":"post-12500","1":"product","2":"type-product","3":"status-publish","4":"has-post-thumbnail","6":"product_cat-duchas-empotradas","7":"pa_tamano-rociador-20cm","8":"pa_tamano-rociador-25cm","9":"pa_tamano-rociador-30cm","10":"serie-torina","11":"manual-de-instalacion-guia-instalacion-duchas-empotradas-monomando","12":"color-negro-mate","14":"first","15":"instock","16":"taxable","17":"shipping-taxable","18":"product-type-variable"},"_links":{"self":[{"href":"https:\/\/www.valaz.es\/it\/wp-json\/wp\/v2\/product\/12500","targetHints":{"allow":["GET"]}}],"collection":[{"href":"https:\/\/www.valaz.es\/it\/wp-json\/wp\/v2\/product"}],"about":[{"href":"https:\/\/www.valaz.es\/it\/wp-json\/wp\/v2\/types\/product"}],"wp:featuredmedia":[{"embeddable":true,"href":"https:\/\/www.valaz.es\/it\/wp-json\/wp\/v2\/media\/12921"}],"wp:attachment":[{"href":"https:\/\/www.valaz.es\/it\/wp-json\/wp\/v2\/media?parent=12500"}],"wp:term":[{"taxonomy":"product_brand","embeddable":true,"href":"https:\/\/www.valaz.es\/it\/wp-json\/wp\/v2\/product_brand?post=12500"},{"taxonomy":"product_cat","embeddable":true,"href":"https:\/\/www.valaz.es\/it\/wp-json\/wp\/v2\/product_cat?post=12500"},{"taxonomy":"product_tag","embeddable":true,"href":"https:\/\/www.valaz.es\/it\/wp-json\/wp\/v2\/product_tag?post=12500"},{"taxonomy":"serie","embeddable":true,"href":"https:\/\/www.valaz.es\/it\/wp-json\/wp\/v2\/serie?post=12500"},{"taxonomy":"manual-de-instalacion","embeddable":true,"href":"https:\/\/www.valaz.es\/it\/wp-json\/wp\/v2\/manual-de-instalacion?post=12500"},{"taxonomy":"color","embeddable":true,"href":"https:\/\/www.valaz.es\/it\/wp-json\/wp\/v2\/color?post=12500"}],"curies":[{"name":"wp","href":"https:\/\/api.w.org\/{rel}","templated":true}]}}