{"id":12494,"date":"2024-08-09T13:48:44","date_gmt":"2024-08-09T11:48:44","guid":{"rendered":"https:\/\/www.valaz.es\/?post_type=product&#038;p=12494"},"modified":"2026-03-26T19:23:15","modified_gmt":"2026-03-26T18:23:15","slug":"grifo-de-bide-monomando-acabado-maneta-luxury-dorado-cepillado-serie-oda","status":"publish","type":"product","link":"https:\/\/www.valaz.es\/it\/prodotto\/grifo-de-bide-monomando-acabado-maneta-luxury-dorado-cepillado-serie-oda\/","title":{"rendered":"Grifo de bid\u00e9 monomando acabado maneta luxury dorado cepillado &#8211; Serie Oda"},"content":{"rendered":"<p class=\"\" data-start=\"220\" data-end=\"586\">Este grifo de bid\u00e9 monomando de la serie Oda combina elegancia y funcionalidad con su acabado en dorado cepillado. Su dise\u00f1o con maneta luxury proporciona un control preciso y suave del agua. Equipado con un cartucho cer\u00e1mico de 35 mm, garantiza una larga durabilidad y un rendimiento excelente. Ideal para quienes buscan sofisticaci\u00f3n en su ba\u00f1o.<\/p>\n<p class=\"\" data-start=\"588\" data-end=\"611\"><strong data-start=\"588\" data-end=\"609\">Especificaciones:<\/strong><\/p>\n<ul data-start=\"612\" data-end=\"887\">\n<li class=\"\" data-start=\"612\" data-end=\"649\">\n<p class=\"\" data-start=\"614\" data-end=\"649\"><strong data-start=\"614\" data-end=\"623\">Tipo:<\/strong> Grifo de bid\u00e9 monomando<\/p>\n<\/li>\n<li class=\"\" data-start=\"650\" data-end=\"683\">\n<p class=\"\" data-start=\"652\" data-end=\"683\"><strong data-start=\"652\" data-end=\"664\">Acabado:<\/strong> Dorado cepillado<\/p>\n<\/li>\n<li class=\"\" data-start=\"684\" data-end=\"781\">\n<p class=\"\" data-start=\"686\" data-end=\"703\"><strong data-start=\"686\" data-end=\"701\">Materiales:<\/strong><\/p>\n<ul data-start=\"706\" data-end=\"781\">\n<li class=\"\" data-start=\"706\" data-end=\"748\">\n<p class=\"\" data-start=\"708\" data-end=\"748\">Cuerpo de grifer\u00eda en dorado cepillado<\/p>\n<\/li>\n<li class=\"\" data-start=\"751\" data-end=\"781\">\n<p class=\"\" data-start=\"753\" data-end=\"781\">Cartucho cer\u00e1mico de 35 mm<\/p>\n<\/li>\n<\/ul>\n<\/li>\n<li class=\"\" data-start=\"782\" data-end=\"820\">\n<p class=\"\" data-start=\"784\" data-end=\"798\"><strong data-start=\"784\" data-end=\"796\">Incluye:<\/strong><\/p>\n<ul data-start=\"801\" data-end=\"820\">\n<li class=\"\" data-start=\"801\" data-end=\"820\">\n<p class=\"\" data-start=\"803\" data-end=\"820\">Latiguillos 3\/8<\/p>\n<\/li>\n<\/ul>\n<\/li>\n<li class=\"\" data-start=\"821\" data-end=\"887\">\n<p class=\"\" data-start=\"823\" data-end=\"887\"><strong data-start=\"823\" data-end=\"839\">Instalaci\u00f3n:<\/strong> Compatible con sistemas de instalaci\u00f3n est\u00e1ndar<\/p>\n<\/li>\n<\/ul>\n","protected":false},"excerpt":{"rendered":"<p>Este grifo de bid\u00e9 monomando de la serie Oda combina  [&#8230;]<\/p>\n","protected":false},"featured_media":12382,"template":"","meta":[],"product_brand":[],"product_cat":[54],"product_tag":[],"serie":[400],"manual-de-instalacion":[83],"color":[34],"class_list":{"0":"post-12494","1":"product","2":"type-product","3":"status-publish","4":"has-post-thumbnail","6":"product_cat-grifos-de-bidet","7":"serie-oda","8":"manual-de-instalacion-guia-instalacion-grifo-superficie","9":"color-dorado-cepillado","11":"first","12":"instock","13":"taxable","14":"shipping-taxable","15":"product-type-simple"},"_links":{"self":[{"href":"https:\/\/www.valaz.es\/it\/wp-json\/wp\/v2\/product\/12494","targetHints":{"allow":["GET"]}}],"collection":[{"href":"https:\/\/www.valaz.es\/it\/wp-json\/wp\/v2\/product"}],"about":[{"href":"https:\/\/www.valaz.es\/it\/wp-json\/wp\/v2\/types\/product"}],"wp:featuredmedia":[{"embeddable":true,"href":"https:\/\/www.valaz.es\/it\/wp-json\/wp\/v2\/media\/12382"}],"wp:attachment":[{"href":"https:\/\/www.valaz.es\/it\/wp-json\/wp\/v2\/media?parent=12494"}],"wp:term":[{"taxonomy":"product_brand","embeddable":true,"href":"https:\/\/www.valaz.es\/it\/wp-json\/wp\/v2\/product_brand?post=12494"},{"taxonomy":"product_cat","embeddable":true,"href":"https:\/\/www.valaz.es\/it\/wp-json\/wp\/v2\/product_cat?post=12494"},{"taxonomy":"product_tag","embeddable":true,"href":"https:\/\/www.valaz.es\/it\/wp-json\/wp\/v2\/product_tag?post=12494"},{"taxonomy":"serie","embeddable":true,"href":"https:\/\/www.valaz.es\/it\/wp-json\/wp\/v2\/serie?post=12494"},{"taxonomy":"manual-de-instalacion","embeddable":true,"href":"https:\/\/www.valaz.es\/it\/wp-json\/wp\/v2\/manual-de-instalacion?post=12494"},{"taxonomy":"color","embeddable":true,"href":"https:\/\/www.valaz.es\/it\/wp-json\/wp\/v2\/color?post=12494"}],"curies":[{"name":"wp","href":"https:\/\/api.w.org\/{rel}","templated":true}]}}