{"id":12492,"date":"2024-08-09T13:45:41","date_gmt":"2024-08-09T11:45:41","guid":{"rendered":"https:\/\/www.valaz.es\/?post_type=product&#038;p=12492"},"modified":"2025-09-02T17:16:34","modified_gmt":"2025-09-02T15:16:34","slug":"grifo-de-bide-monomando-acabado-maneta-luxury-cromado-serie-oda","status":"publish","type":"product","link":"https:\/\/www.valaz.es\/it\/prodotto\/grifo-de-bide-monomando-acabado-maneta-luxury-cromado-serie-oda\/","title":{"rendered":"Grifo de bid\u00e9 monomando acabado maneta luxury cromado &#8211; Serie Oda"},"content":{"rendered":"<p class=\"\" data-start=\"202\" data-end=\"600\">Este grifo de bid\u00e9 monomando de la serie Oda, con su elegante acabado cromado, se adapta perfectamente a cualquier ba\u00f1o de estilo moderno. La maneta luxury proporciona un control c\u00f3modo y preciso del flujo de agua. Equipado con un cartucho cer\u00e1mico de 35 mm, garantiza un rendimiento duradero y sin fugas. Ideal para quienes buscan un dise\u00f1o sofisticado y funcional para su bid\u00e9.<\/p>\n<p class=\"\" data-start=\"602\" data-end=\"625\"><strong data-start=\"602\" data-end=\"623\">Especificaciones:<\/strong><\/p>\n<ul data-start=\"626\" data-end=\"883\">\n<li class=\"\" data-start=\"626\" data-end=\"663\">\n<p class=\"\" data-start=\"628\" data-end=\"663\"><strong data-start=\"628\" data-end=\"637\">Tipo:<\/strong> Grifo de bid\u00e9 monomando<\/p>\n<\/li>\n<li class=\"\" data-start=\"664\" data-end=\"688\">\n<p class=\"\" data-start=\"666\" data-end=\"688\"><strong data-start=\"666\" data-end=\"678\">Acabado:<\/strong> Cromado<\/p>\n<\/li>\n<li class=\"\" data-start=\"689\" data-end=\"777\">\n<p class=\"\" data-start=\"691\" data-end=\"708\"><strong data-start=\"691\" data-end=\"706\">Materiales:<\/strong><\/p>\n<ul data-start=\"711\" data-end=\"777\">\n<li class=\"\" data-start=\"711\" data-end=\"744\">\n<p class=\"\" data-start=\"713\" data-end=\"744\">Cuerpo de grifer\u00eda en cromado<\/p>\n<\/li>\n<li class=\"\" data-start=\"747\" data-end=\"777\">\n<p class=\"\" data-start=\"749\" data-end=\"777\">Cartucho cer\u00e1mico de 35 mm<\/p>\n<\/li>\n<\/ul>\n<\/li>\n<li class=\"\" data-start=\"778\" data-end=\"816\">\n<p class=\"\" data-start=\"780\" data-end=\"794\"><strong data-start=\"780\" data-end=\"792\">Incluye:<\/strong><\/p>\n<ul data-start=\"797\" data-end=\"816\">\n<li class=\"\" data-start=\"797\" data-end=\"816\">\n<p class=\"\" data-start=\"799\" data-end=\"816\">Latiguillos 3\/8<\/p>\n<\/li>\n<\/ul>\n<\/li>\n<li class=\"\" data-start=\"817\" data-end=\"883\">\n<p class=\"\" data-start=\"819\" data-end=\"883\"><strong data-start=\"819\" data-end=\"835\">Instalaci\u00f3n:<\/strong> Compatible con sistemas de instalaci\u00f3n est\u00e1ndar<\/p>\n<\/li>\n<\/ul>\n","protected":false},"excerpt":{"rendered":"<p>Este grifo de bid\u00e9 monomando de la serie Oda, con  [&#8230;]<\/p>\n","protected":false},"featured_media":12390,"template":"","meta":[],"product_brand":[],"product_cat":[54],"product_tag":[],"serie":[400],"manual-de-instalacion":[83],"color":[26],"class_list":{"0":"post-12492","1":"product","2":"type-product","3":"status-publish","4":"has-post-thumbnail","6":"product_cat-grifos-de-bidet","7":"serie-oda","8":"manual-de-instalacion-guia-instalacion-grifo-superficie","9":"color-cromo","11":"first","12":"instock","13":"taxable","14":"shipping-taxable","15":"product-type-simple"},"_links":{"self":[{"href":"https:\/\/www.valaz.es\/it\/wp-json\/wp\/v2\/product\/12492","targetHints":{"allow":["GET"]}}],"collection":[{"href":"https:\/\/www.valaz.es\/it\/wp-json\/wp\/v2\/product"}],"about":[{"href":"https:\/\/www.valaz.es\/it\/wp-json\/wp\/v2\/types\/product"}],"wp:featuredmedia":[{"embeddable":true,"href":"https:\/\/www.valaz.es\/it\/wp-json\/wp\/v2\/media\/12390"}],"wp:attachment":[{"href":"https:\/\/www.valaz.es\/it\/wp-json\/wp\/v2\/media?parent=12492"}],"wp:term":[{"taxonomy":"product_brand","embeddable":true,"href":"https:\/\/www.valaz.es\/it\/wp-json\/wp\/v2\/product_brand?post=12492"},{"taxonomy":"product_cat","embeddable":true,"href":"https:\/\/www.valaz.es\/it\/wp-json\/wp\/v2\/product_cat?post=12492"},{"taxonomy":"product_tag","embeddable":true,"href":"https:\/\/www.valaz.es\/it\/wp-json\/wp\/v2\/product_tag?post=12492"},{"taxonomy":"serie","embeddable":true,"href":"https:\/\/www.valaz.es\/it\/wp-json\/wp\/v2\/serie?post=12492"},{"taxonomy":"manual-de-instalacion","embeddable":true,"href":"https:\/\/www.valaz.es\/it\/wp-json\/wp\/v2\/manual-de-instalacion?post=12492"},{"taxonomy":"color","embeddable":true,"href":"https:\/\/www.valaz.es\/it\/wp-json\/wp\/v2\/color?post=12492"}],"curies":[{"name":"wp","href":"https:\/\/api.w.org\/{rel}","templated":true}]}}