{"id":12358,"date":"2024-12-17T16:40:20","date_gmt":"2024-12-17T15:40:20","guid":{"rendered":"https:\/\/www.valaz.es\/?post_type=product&#038;p=12358"},"modified":"2025-09-23T11:48:30","modified_gmt":"2025-09-23T09:48:30","slug":"ducha-de-exterior-para-jardin-piscina-18l-con-tubo-curvo-solar-agua-fria-y-caliente","status":"publish","type":"product","link":"https:\/\/www.valaz.es\/it\/prodotto\/ducha-de-exterior-para-jardin-piscina-18l-con-tubo-curvo-solar-agua-fria-y-caliente\/","title":{"rendered":"Ducha de exterior para jard\u00edn\/piscina 18L con tubo curvo solar \u2013 Agua fr\u00eda y caliente"},"content":{"rendered":"<p class=\"\" data-start=\"93\" data-end=\"280\">Ducha solar de exterior con dep\u00f3sito de 18 litros que se calienta de manera natural gracias al sol. Permite disfrutar de agua fr\u00eda y caliente para un ba\u00f1o c\u00f3modo en tu jard\u00edn o piscina.<\/p>\n<h5 class=\"\" data-start=\"282\" data-end=\"307\">Especificaciones:<\/h5>\n<ul data-start=\"308\" data-end=\"619\" data-is-last-node=\"\" data-is-only-node=\"\">\n<li class=\"\" data-start=\"308\" data-end=\"349\">\n<p class=\"\" data-start=\"310\" data-end=\"349\"><strong data-start=\"310\" data-end=\"337\">Capacidad del dep\u00f3sito:<\/strong> 18 litros<\/p>\n<\/li>\n<li class=\"\" data-start=\"350\" data-end=\"414\">\n<p class=\"\" data-start=\"352\" data-end=\"414\"><strong data-start=\"352\" data-end=\"365\">Material:<\/strong> Cilindro negro de PVC, cabezal de ducha de ABS<\/p>\n<\/li>\n<li class=\"\" data-start=\"415\" data-end=\"443\">\n<p class=\"\" data-start=\"417\" data-end=\"443\"><strong data-start=\"417\" data-end=\"434\">Altura total:<\/strong> 2.16 m<\/p>\n<\/li>\n<li class=\"\" data-start=\"444\" data-end=\"467\">\n<p class=\"\" data-start=\"446\" data-end=\"467\"><strong data-start=\"446\" data-end=\"459\">Di\u00e1metro:<\/strong> 12 cm<\/p>\n<\/li>\n<li class=\"\" data-start=\"468\" data-end=\"512\">\n<p class=\"\" data-start=\"470\" data-end=\"512\"><strong data-start=\"470\" data-end=\"503\">Altura de la salida del agua:<\/strong> 1.91 m<\/p>\n<\/li>\n<li class=\"\" data-start=\"513\" data-end=\"547\">\n<p class=\"\" data-start=\"515\" data-end=\"547\"><strong data-start=\"515\" data-end=\"539\">Altura de la maneta:<\/strong> 98 cm<\/p>\n<\/li>\n<li class=\"\" data-start=\"548\" data-end=\"577\">\n<p class=\"\" data-start=\"550\" data-end=\"577\"><strong data-start=\"550\" data-end=\"569\">Presi\u00f3n m\u00e1xima:<\/strong> 4 bar<\/p>\n<\/li>\n<li class=\"\" data-start=\"578\" data-end=\"619\">\n<p class=\"\" data-start=\"580\" data-end=\"619\"><strong data-start=\"580\" data-end=\"612\">Temperatura m\u00e1xima del agua:<\/strong> 60\u00baC<\/p>\n<\/li>\n<\/ul>\n","protected":false},"excerpt":{"rendered":"<p>Ducha solar de exterior con dep\u00f3sito de 18 litros que  [&#8230;]<\/p>\n","protected":false},"featured_media":14815,"template":"","meta":[],"product_brand":[],"product_cat":[403],"product_tag":[],"serie":[],"manual-de-instalacion":[],"color":[27],"class_list":{"0":"post-12358","1":"product","2":"type-product","3":"status-publish","4":"has-post-thumbnail","6":"product_cat-ducha-piscina","7":"color-negro-mate","9":"first","10":"outofstock","11":"taxable","12":"shipping-taxable","13":"product-type-simple"},"_links":{"self":[{"href":"https:\/\/www.valaz.es\/it\/wp-json\/wp\/v2\/product\/12358","targetHints":{"allow":["GET"]}}],"collection":[{"href":"https:\/\/www.valaz.es\/it\/wp-json\/wp\/v2\/product"}],"about":[{"href":"https:\/\/www.valaz.es\/it\/wp-json\/wp\/v2\/types\/product"}],"wp:featuredmedia":[{"embeddable":true,"href":"https:\/\/www.valaz.es\/it\/wp-json\/wp\/v2\/media\/14815"}],"wp:attachment":[{"href":"https:\/\/www.valaz.es\/it\/wp-json\/wp\/v2\/media?parent=12358"}],"wp:term":[{"taxonomy":"product_brand","embeddable":true,"href":"https:\/\/www.valaz.es\/it\/wp-json\/wp\/v2\/product_brand?post=12358"},{"taxonomy":"product_cat","embeddable":true,"href":"https:\/\/www.valaz.es\/it\/wp-json\/wp\/v2\/product_cat?post=12358"},{"taxonomy":"product_tag","embeddable":true,"href":"https:\/\/www.valaz.es\/it\/wp-json\/wp\/v2\/product_tag?post=12358"},{"taxonomy":"serie","embeddable":true,"href":"https:\/\/www.valaz.es\/it\/wp-json\/wp\/v2\/serie?post=12358"},{"taxonomy":"manual-de-instalacion","embeddable":true,"href":"https:\/\/www.valaz.es\/it\/wp-json\/wp\/v2\/manual-de-instalacion?post=12358"},{"taxonomy":"color","embeddable":true,"href":"https:\/\/www.valaz.es\/it\/wp-json\/wp\/v2\/color?post=12358"}],"curies":[{"name":"wp","href":"https:\/\/api.w.org\/{rel}","templated":true}]}}