{"id":11906,"date":"2024-09-06T09:27:36","date_gmt":"2024-09-06T07:27:36","guid":{"rendered":"https:\/\/www.valaz.es\/?post_type=product&#038;p=11906"},"modified":"2026-03-12T14:53:09","modified_gmt":"2026-03-12T13:53:09","slug":"sifon-de-lavabo-visto-redondo-oro-mate-con-proteccion-pvd","status":"publish","type":"product","link":"https:\/\/www.valaz.es\/it\/prodotto\/sifon-de-lavabo-visto-redondo-oro-mate-con-proteccion-pvd\/","title":{"rendered":"Sif\u00f3n de lavabo visto redondo oro mate con protecci\u00f3n PVD"},"content":{"rendered":"<p class=\"\" data-start=\"63\" data-end=\"469\">Este sif\u00f3n de lavabo visto redondo en acabado oro mate con protecci\u00f3n PVD es ideal para quienes buscan un componente funcional y elegante para su ba\u00f1o. Su dise\u00f1o moderno y su acabado en oro mate aportan un toque de lujo y distinci\u00f3n. Adem\u00e1s, la protecci\u00f3n PVD garantiza una mayor durabilidad y resistencia al desgaste, manteniendo el sif\u00f3n con un aspecto impecable a lo largo del tiempo.<\/p>\n<p class=\"\" data-start=\"471\" data-end=\"494\"><strong data-start=\"471\" data-end=\"492\">Especificaciones:<\/strong><\/p>\n<ul data-start=\"495\" data-end=\"832\">\n<li class=\"\" data-start=\"495\" data-end=\"539\">\n<p class=\"\" data-start=\"497\" data-end=\"539\"><strong data-start=\"497\" data-end=\"506\">Tipo:<\/strong> Sif\u00f3n de lavabo visto redondo.<\/p>\n<\/li>\n<li class=\"\" data-start=\"540\" data-end=\"585\">\n<p class=\"\" data-start=\"542\" data-end=\"585\"><strong data-start=\"542\" data-end=\"554\">Acabado:<\/strong> Oro mate con protecci\u00f3n PVD.<\/p>\n<\/li>\n<li class=\"\" data-start=\"586\" data-end=\"659\">\n<p class=\"\" data-start=\"588\" data-end=\"659\"><strong data-start=\"588\" data-end=\"601\">Material:<\/strong> Acero inoxidable de alta calidad con recubrimiento PVD.<\/p>\n<\/li>\n<li class=\"\" data-start=\"660\" data-end=\"694\">\n<p class=\"\" data-start=\"662\" data-end=\"694\"><strong data-start=\"662\" data-end=\"673\">Dise\u00f1o:<\/strong> Redondo y visible.<\/p>\n<\/li>\n<li class=\"\" data-start=\"695\" data-end=\"736\">\n<p class=\"\" data-start=\"697\" data-end=\"736\"><strong data-start=\"697\" data-end=\"713\">Instalaci\u00f3n:<\/strong> Visible (no oculto).<\/p>\n<\/li>\n<li class=\"\" data-start=\"737\" data-end=\"832\">\n<p class=\"\" data-start=\"739\" data-end=\"832\"><strong data-start=\"739\" data-end=\"755\">Resistencia:<\/strong> Alta resistencia a la corrosi\u00f3n y al desgaste gracias a la protecci\u00f3n PVD.<\/p>\n<\/li>\n<\/ul>\n<p class=\"\" data-start=\"834\" data-end=\"855\"><strong data-start=\"834\" data-end=\"853\">Lo que incluye:<\/strong><\/p>\n<ul data-start=\"856\" data-end=\"890\">\n<li class=\"\" data-start=\"856\" data-end=\"890\">\n<p class=\"\" data-start=\"858\" data-end=\"890\">Sif\u00f3n de lavabo visto redondo.<\/p>\n<\/li>\n<\/ul>\n<p class=\"\" data-start=\"892\" data-end=\"1004\">Ideal para quienes buscan un sif\u00f3n de dise\u00f1o moderno y duradero que combine est\u00e9tica y funcionalidad en su ba\u00f1o.<\/p>\n","protected":false},"excerpt":{"rendered":"<p>Este sif\u00f3n de lavabo visto redondo en acabado oro mate  [&#8230;]<\/p>\n","protected":false},"featured_media":12999,"template":"","meta":[],"product_brand":[],"product_cat":[70,387],"product_tag":[],"serie":[],"manual-de-instalacion":[],"color":[350],"class_list":{"0":"post-11906","1":"product","2":"type-product","3":"status-publish","4":"has-post-thumbnail","6":"product_cat-accesorios","7":"product_cat-valvulas-y-sifones","8":"color-oro-mate-cepillado","10":"first","11":"outofstock","12":"taxable","13":"shipping-taxable","14":"product-type-simple"},"_links":{"self":[{"href":"https:\/\/www.valaz.es\/it\/wp-json\/wp\/v2\/product\/11906","targetHints":{"allow":["GET"]}}],"collection":[{"href":"https:\/\/www.valaz.es\/it\/wp-json\/wp\/v2\/product"}],"about":[{"href":"https:\/\/www.valaz.es\/it\/wp-json\/wp\/v2\/types\/product"}],"wp:featuredmedia":[{"embeddable":true,"href":"https:\/\/www.valaz.es\/it\/wp-json\/wp\/v2\/media\/12999"}],"wp:attachment":[{"href":"https:\/\/www.valaz.es\/it\/wp-json\/wp\/v2\/media?parent=11906"}],"wp:term":[{"taxonomy":"product_brand","embeddable":true,"href":"https:\/\/www.valaz.es\/it\/wp-json\/wp\/v2\/product_brand?post=11906"},{"taxonomy":"product_cat","embeddable":true,"href":"https:\/\/www.valaz.es\/it\/wp-json\/wp\/v2\/product_cat?post=11906"},{"taxonomy":"product_tag","embeddable":true,"href":"https:\/\/www.valaz.es\/it\/wp-json\/wp\/v2\/product_tag?post=11906"},{"taxonomy":"serie","embeddable":true,"href":"https:\/\/www.valaz.es\/it\/wp-json\/wp\/v2\/serie?post=11906"},{"taxonomy":"manual-de-instalacion","embeddable":true,"href":"https:\/\/www.valaz.es\/it\/wp-json\/wp\/v2\/manual-de-instalacion?post=11906"},{"taxonomy":"color","embeddable":true,"href":"https:\/\/www.valaz.es\/it\/wp-json\/wp\/v2\/color?post=11906"}],"curies":[{"name":"wp","href":"https:\/\/api.w.org\/{rel}","templated":true}]}}