{"id":11899,"date":"2024-06-28T12:37:58","date_gmt":"2024-06-28T10:37:58","guid":{"rendered":"https:\/\/www.valaz.es\/?post_type=product&#038;p=11899"},"modified":"2025-11-07T10:54:32","modified_gmt":"2025-11-07T09:54:32","slug":"grifo-de-lavabo-monomando-cano-recto-acabado-maneta-luxury-negro-mate-serie-casares","status":"publish","type":"product","link":"https:\/\/www.valaz.es\/it\/prodotto\/grifo-de-lavabo-monomando-cano-recto-acabado-maneta-luxury-negro-mate-serie-casares\/","title":{"rendered":"Grifo de lavabo monomando ca\u00f1o recto acabado maneta luxury negro mate &#8211; Serie Casares"},"content":{"rendered":"<p class=\"\" data-start=\"91\" data-end=\"386\">El <strong data-start=\"113\" data-end=\"142\">grifo de lavabo monomando<\/strong> de la <strong data-start=\"149\" data-end=\"166\">Serie Casares<\/strong> en <strong data-start=\"170\" data-end=\"192\">acabado negro mate<\/strong> cuenta con un dise\u00f1o moderno y sofisticado. Con un <strong data-start=\"244\" data-end=\"258\">ca\u00f1o recto<\/strong> y una <strong data-start=\"265\" data-end=\"282\" data-is-only-node=\"\">maneta luxury<\/strong>, este grifo proporciona un manejo c\u00f3modo y preciso, ideal para a\u00f1adir un toque contempor\u00e1neo a tu ba\u00f1o.<\/p>\n<p class=\"\" data-start=\"388\" data-end=\"411\"><strong data-start=\"388\" data-end=\"409\">Especificaciones:<\/strong><\/p>\n<ul data-start=\"412\" data-end=\"658\">\n<li class=\"\" data-start=\"412\" data-end=\"472\">\n<p class=\"\" data-start=\"414\" data-end=\"472\"><strong data-start=\"414\" data-end=\"427\">Material:<\/strong> Cuerpo de grifer\u00eda en <strong data-start=\"450\" data-end=\"470\">lat\u00f3n negro mate<\/strong><\/p>\n<\/li>\n<li class=\"\" data-start=\"473\" data-end=\"521\">\n<p class=\"\" data-start=\"475\" data-end=\"521\"><strong data-start=\"475\" data-end=\"488\">Cartucho:<\/strong> Cartucho cer\u00e1mico de <strong data-start=\"510\" data-end=\"519\">35 mm<\/strong><\/p>\n<\/li>\n<li class=\"\" data-start=\"522\" data-end=\"569\">\n<p class=\"\" data-start=\"524\" data-end=\"569\"><strong data-start=\"524\" data-end=\"537\">Conexi\u00f3n:<\/strong> Latiguillos <strong data-start=\"550\" data-end=\"557\">3\/8<\/strong> incluidos<\/p>\n<\/li>\n<li class=\"\" data-start=\"570\" data-end=\"658\">\n<p class=\"\" data-start=\"572\" data-end=\"658\"><strong data-start=\"572\" data-end=\"583\">Dise\u00f1o:<\/strong> Ca\u00f1o recto con maneta luxury para un control eficiente del flujo de agua<\/p>\n<\/li>\n<\/ul>\n","protected":false},"excerpt":{"rendered":"<p>El grifo de lavabo monomando de la Serie Casares en  [&#8230;]<\/p>\n","protected":false},"featured_media":12097,"template":"","meta":[],"product_brand":[],"product_cat":[48],"product_tag":[],"serie":[398],"manual-de-instalacion":[83],"color":[27],"class_list":{"0":"post-11899","1":"product","2":"type-product","3":"status-publish","4":"has-post-thumbnail","6":"product_cat-grifos-de-lavabo","7":"serie-casares","8":"manual-de-instalacion-guia-instalacion-grifo-superficie","9":"color-negro-mate","11":"first","12":"instock","13":"taxable","14":"shipping-taxable","15":"product-type-simple"},"_links":{"self":[{"href":"https:\/\/www.valaz.es\/it\/wp-json\/wp\/v2\/product\/11899","targetHints":{"allow":["GET"]}}],"collection":[{"href":"https:\/\/www.valaz.es\/it\/wp-json\/wp\/v2\/product"}],"about":[{"href":"https:\/\/www.valaz.es\/it\/wp-json\/wp\/v2\/types\/product"}],"wp:featuredmedia":[{"embeddable":true,"href":"https:\/\/www.valaz.es\/it\/wp-json\/wp\/v2\/media\/12097"}],"wp:attachment":[{"href":"https:\/\/www.valaz.es\/it\/wp-json\/wp\/v2\/media?parent=11899"}],"wp:term":[{"taxonomy":"product_brand","embeddable":true,"href":"https:\/\/www.valaz.es\/it\/wp-json\/wp\/v2\/product_brand?post=11899"},{"taxonomy":"product_cat","embeddable":true,"href":"https:\/\/www.valaz.es\/it\/wp-json\/wp\/v2\/product_cat?post=11899"},{"taxonomy":"product_tag","embeddable":true,"href":"https:\/\/www.valaz.es\/it\/wp-json\/wp\/v2\/product_tag?post=11899"},{"taxonomy":"serie","embeddable":true,"href":"https:\/\/www.valaz.es\/it\/wp-json\/wp\/v2\/serie?post=11899"},{"taxonomy":"manual-de-instalacion","embeddable":true,"href":"https:\/\/www.valaz.es\/it\/wp-json\/wp\/v2\/manual-de-instalacion?post=11899"},{"taxonomy":"color","embeddable":true,"href":"https:\/\/www.valaz.es\/it\/wp-json\/wp\/v2\/color?post=11899"}],"curies":[{"name":"wp","href":"https:\/\/api.w.org\/{rel}","templated":true}]}}