{"id":11375,"date":"2024-03-22T13:56:02","date_gmt":"2024-03-22T12:56:02","guid":{"rendered":"https:\/\/www.valaz.es\/?post_type=product&#038;p=11375"},"modified":"2025-07-03T17:18:33","modified_gmt":"2025-07-03T15:18:33","slug":"griferia-para-banera-empotrada-cuadrada-monomando-con-cascada-negro-mate-serie-tajo","status":"publish","type":"product","link":"https:\/\/www.valaz.es\/it\/prodotto\/griferia-para-banera-empotrada-cuadrada-monomando-con-cascada-negro-mate-serie-tajo\/","title":{"rendered":"Griferia para ba\u00f1era empotrada cuadrada monomando con cascada negro mate &#8211; Serie Tajo"},"content":{"rendered":"<div class=\"descripcion\">\n<p class=\"\" data-start=\"91\" data-end=\"462\">La <strong data-start=\"113\" data-end=\"156\">grifer\u00eda para ba\u00f1era empotrada cuadrada<\/strong> de la <strong data-start=\"163\" data-end=\"177\">Serie Tajo<\/strong> con <strong data-start=\"182\" data-end=\"205\">monomando de 2 v\u00edas<\/strong> en <strong data-start=\"209\" data-end=\"223\">negro mate<\/strong> ofrece un dise\u00f1o moderno y elegante, ideal para quienes buscan un toque sofisticado en su ba\u00f1o. Su monomando permite un control f\u00e1cil y preciso del agua, mientras que el ca\u00f1o de cascada proporciona una experiencia \u00fanica de ducha y ba\u00f1era.<\/p>\n<p class=\"\" data-start=\"464\" data-end=\"487\"><strong data-start=\"464\" data-end=\"485\">Especificaciones:<\/strong><\/p>\n<ul data-start=\"488\" data-end=\"666\">\n<li class=\"\" data-start=\"488\" data-end=\"604\">\n<p class=\"\" data-start=\"490\" data-end=\"516\"><strong data-start=\"490\" data-end=\"513\">Monomando de 2 v\u00edas<\/strong>:<\/p>\n<ul data-start=\"519\" data-end=\"604\">\n<li class=\"\" data-start=\"519\" data-end=\"555\">\n<p class=\"\" data-start=\"521\" data-end=\"555\">Salida por <strong data-start=\"532\" data-end=\"553\">alcachofa de mano<\/strong><\/p>\n<\/li>\n<li class=\"\" data-start=\"558\" data-end=\"604\">\n<p class=\"\" data-start=\"560\" data-end=\"604\"><strong data-start=\"560\" data-end=\"574\">Ca\u00f1o grifo<\/strong> de 21 cm con efecto cascada<\/p>\n<\/li>\n<\/ul>\n<\/li>\n<li class=\"\" data-start=\"605\" data-end=\"628\">\n<p class=\"\" data-start=\"607\" data-end=\"628\"><strong data-start=\"607\" data-end=\"616\">Flexo<\/strong> de PVC de 150 cm<\/p>\n<\/li>\n<li class=\"\" data-start=\"629\" data-end=\"666\">\n<p class=\"\" data-start=\"631\" data-end=\"666\"><strong data-start=\"631\" data-end=\"652\">Alcachofa de mano<\/strong> de lat\u00f3n con soporte<\/p>\n<\/li>\n<\/ul>\n<p class=\"\" data-start=\"668\" data-end=\"682\"><strong data-start=\"668\" data-end=\"680\">Acabado:<\/strong><\/p>\n<ul data-start=\"683\" data-end=\"763\">\n<li class=\"\" data-start=\"683\" data-end=\"763\">\n<p class=\"\" data-start=\"685\" data-end=\"763\"><strong data-start=\"685\" data-end=\"699\">Negro mate<\/strong>, ideal para crear un ambiente moderno y minimalista en el ba\u00f1o.<\/p>\n<\/li>\n<\/ul>\n<p class=\"\" data-start=\"765\" data-end=\"781\"><strong data-start=\"765\" data-end=\"779\">Funciones:<\/strong><\/p>\n<ul data-start=\"782\" data-end=\"948\">\n<li class=\"\" data-start=\"782\" data-end=\"948\">\n<p class=\"\" data-start=\"784\" data-end=\"948\">Con esta grifer\u00eda podr\u00e1s disfrutar de la opci\u00f3n de <strong data-start=\"835\" data-end=\"856\">alcachofa de mano<\/strong> o <strong data-start=\"859\" data-end=\"885\">ca\u00f1o grifo con cascada<\/strong>, adapt\u00e1ndose a tus preferencias y necesidades en cada momento.<\/p>\n<\/li>\n<\/ul>\n<p class=\"\" data-start=\"784\" data-end=\"948\"><strong>Incluye:<\/strong><\/p>\n<ul>\n<li data-start=\"784\" data-end=\"948\">Caja box empotrable<\/li>\n<\/ul>\n<\/div>\n","protected":false},"excerpt":{"rendered":"<p>La grifer\u00eda para ba\u00f1era empotrada cuadrada de la Serie Tajo  [&#8230;]<\/p>\n","protected":false},"featured_media":11361,"template":"","meta":[],"product_brand":[],"product_cat":[61],"product_tag":[],"serie":[23],"manual-de-instalacion":[78],"color":[],"class_list":{"0":"post-11375","1":"product","2":"type-product","3":"status-publish","4":"has-post-thumbnail","6":"product_cat-griferia-de-banera-empotrada","7":"serie-tajo","8":"manual-de-instalacion-guia-instalacion-duchas-empotradas-monomando","10":"first","11":"instock","12":"taxable","13":"shipping-taxable","14":"product-type-simple"},"_links":{"self":[{"href":"https:\/\/www.valaz.es\/it\/wp-json\/wp\/v2\/product\/11375","targetHints":{"allow":["GET"]}}],"collection":[{"href":"https:\/\/www.valaz.es\/it\/wp-json\/wp\/v2\/product"}],"about":[{"href":"https:\/\/www.valaz.es\/it\/wp-json\/wp\/v2\/types\/product"}],"wp:featuredmedia":[{"embeddable":true,"href":"https:\/\/www.valaz.es\/it\/wp-json\/wp\/v2\/media\/11361"}],"wp:attachment":[{"href":"https:\/\/www.valaz.es\/it\/wp-json\/wp\/v2\/media?parent=11375"}],"wp:term":[{"taxonomy":"product_brand","embeddable":true,"href":"https:\/\/www.valaz.es\/it\/wp-json\/wp\/v2\/product_brand?post=11375"},{"taxonomy":"product_cat","embeddable":true,"href":"https:\/\/www.valaz.es\/it\/wp-json\/wp\/v2\/product_cat?post=11375"},{"taxonomy":"product_tag","embeddable":true,"href":"https:\/\/www.valaz.es\/it\/wp-json\/wp\/v2\/product_tag?post=11375"},{"taxonomy":"serie","embeddable":true,"href":"https:\/\/www.valaz.es\/it\/wp-json\/wp\/v2\/serie?post=11375"},{"taxonomy":"manual-de-instalacion","embeddable":true,"href":"https:\/\/www.valaz.es\/it\/wp-json\/wp\/v2\/manual-de-instalacion?post=11375"},{"taxonomy":"color","embeddable":true,"href":"https:\/\/www.valaz.es\/it\/wp-json\/wp\/v2\/color?post=11375"}],"curies":[{"name":"wp","href":"https:\/\/api.w.org\/{rel}","templated":true}]}}