{"id":11373,"date":"2024-03-22T13:55:57","date_gmt":"2024-03-22T12:55:57","guid":{"rendered":"https:\/\/www.valaz.es\/?post_type=product&#038;p=11373"},"modified":"2025-07-03T17:22:05","modified_gmt":"2025-07-03T15:22:05","slug":"grifo-cuadrado-empotrado-monomando-para-banera-con-cascada-cromado-serie-tajo-2","status":"publish","type":"product","link":"https:\/\/www.valaz.es\/it\/prodotto\/grifo-cuadrado-empotrado-monomando-para-banera-con-cascada-cromado-serie-tajo-2\/","title":{"rendered":"Grifo cuadrado empotrado monomando para ba\u00f1era con cascada cromado &#8211; Serie Tajo"},"content":{"rendered":"<p class=\"\" data-start=\"85\" data-end=\"449\">El <strong data-start=\"107\" data-end=\"145\">grifo cuadrado empotrado monomando<\/strong> de la <strong data-start=\"152\" data-end=\"166\">Serie Tajo<\/strong> en <strong data-start=\"170\" data-end=\"181\">cromado<\/strong> es la opci\u00f3n perfecta para quienes buscan un dise\u00f1o moderno y elegante en su ba\u00f1o. Este modelo ofrece un <strong data-start=\"287\" data-end=\"310\">monomando de 2 v\u00edas<\/strong>, permitiendo alternar entre la <strong data-start=\"342\" data-end=\"363\">alcachofa de mano<\/strong> y el <strong data-start=\"369\" data-end=\"395\">ca\u00f1o grifo con cascada<\/strong>, brindando una experiencia de ba\u00f1o \u00fanica y relajante.<\/p>\n<p class=\"\" data-start=\"451\" data-end=\"474\"><strong data-start=\"451\" data-end=\"472\">Especificaciones:<\/strong><\/p>\n<ul data-start=\"475\" data-end=\"626\">\n<li class=\"\" data-start=\"475\" data-end=\"564\">\n<p class=\"\" data-start=\"477\" data-end=\"503\"><strong data-start=\"477\" data-end=\"500\">Monomando de 2 v\u00edas<\/strong>:<\/p>\n<ul data-start=\"506\" data-end=\"564\">\n<li class=\"\" data-start=\"506\" data-end=\"531\">\n<p class=\"\" data-start=\"508\" data-end=\"531\"><strong data-start=\"508\" data-end=\"529\">Alcachofa de mano<\/strong><\/p>\n<\/li>\n<li class=\"\" data-start=\"534\" data-end=\"564\">\n<p class=\"\" data-start=\"536\" data-end=\"564\"><strong data-start=\"536\" data-end=\"562\">Ca\u00f1o grifo con cascada<\/strong><\/p>\n<\/li>\n<\/ul>\n<\/li>\n<li class=\"\" data-start=\"565\" data-end=\"588\">\n<p class=\"\" data-start=\"567\" data-end=\"588\"><strong data-start=\"567\" data-end=\"576\">Flexo<\/strong> de PVC de 150 cm<\/p>\n<\/li>\n<li class=\"\" data-start=\"589\" data-end=\"626\">\n<p class=\"\" data-start=\"591\" data-end=\"626\"><strong data-start=\"591\" data-end=\"612\">Alcachofa de mano <\/strong>\u00a0de lat\u00f3n con soporte<\/p>\n<\/li>\n<\/ul>\n<p class=\"\" data-start=\"628\" data-end=\"642\"><strong data-start=\"628\" data-end=\"640\">Acabado:<\/strong><\/p>\n<ul data-start=\"643\" data-end=\"739\">\n<li class=\"\" data-start=\"643\" data-end=\"739\">\n<p class=\"\" data-start=\"645\" data-end=\"739\"><strong data-start=\"645\" data-end=\"656\">Cromado<\/strong>, un acabado resistente y brillante que aporta un toque de sofisticaci\u00f3n a tu ba\u00f1o.<\/p>\n<\/li>\n<\/ul>\n<p class=\"\" data-start=\"741\" data-end=\"757\"><strong data-start=\"741\" data-end=\"755\">Funciones:<\/strong><\/p>\n<ul data-start=\"758\" data-end=\"884\">\n<li class=\"\" data-start=\"758\" data-end=\"884\">\n<p class=\"\" data-start=\"760\" data-end=\"884\">Esta grifer\u00eda proporciona dos funciones: la opci\u00f3n de disfrutar de la <strong data-start=\"830\" data-end=\"851\">alcachofa de mano<\/strong> o el <strong data-start=\"857\" data-end=\"883\">ca\u00f1o grifo con cascada<\/strong>.<\/p>\n<\/li>\n<\/ul>\n<p class=\"\" data-start=\"784\" data-end=\"948\"><strong>Incluye:<\/strong><\/p>\n<ul>\n<li data-start=\"784\" data-end=\"948\">Caja box empotrable<\/li>\n<\/ul>\n","protected":false},"excerpt":{"rendered":"<p>El grifo cuadrado empotrado monomando de la Serie Tajo en  [&#8230;]<\/p>\n","protected":false},"featured_media":11369,"template":"","meta":[],"product_brand":[],"product_cat":[61],"product_tag":[],"serie":[23],"manual-de-instalacion":[],"color":[27],"class_list":{"0":"post-11373","1":"product","2":"type-product","3":"status-publish","4":"has-post-thumbnail","6":"product_cat-griferia-de-banera-empotrada","7":"serie-tajo","8":"color-negro-mate","10":"first","11":"instock","12":"taxable","13":"shipping-taxable","14":"product-type-simple"},"_links":{"self":[{"href":"https:\/\/www.valaz.es\/it\/wp-json\/wp\/v2\/product\/11373","targetHints":{"allow":["GET"]}}],"collection":[{"href":"https:\/\/www.valaz.es\/it\/wp-json\/wp\/v2\/product"}],"about":[{"href":"https:\/\/www.valaz.es\/it\/wp-json\/wp\/v2\/types\/product"}],"wp:featuredmedia":[{"embeddable":true,"href":"https:\/\/www.valaz.es\/it\/wp-json\/wp\/v2\/media\/11369"}],"wp:attachment":[{"href":"https:\/\/www.valaz.es\/it\/wp-json\/wp\/v2\/media?parent=11373"}],"wp:term":[{"taxonomy":"product_brand","embeddable":true,"href":"https:\/\/www.valaz.es\/it\/wp-json\/wp\/v2\/product_brand?post=11373"},{"taxonomy":"product_cat","embeddable":true,"href":"https:\/\/www.valaz.es\/it\/wp-json\/wp\/v2\/product_cat?post=11373"},{"taxonomy":"product_tag","embeddable":true,"href":"https:\/\/www.valaz.es\/it\/wp-json\/wp\/v2\/product_tag?post=11373"},{"taxonomy":"serie","embeddable":true,"href":"https:\/\/www.valaz.es\/it\/wp-json\/wp\/v2\/serie?post=11373"},{"taxonomy":"manual-de-instalacion","embeddable":true,"href":"https:\/\/www.valaz.es\/it\/wp-json\/wp\/v2\/manual-de-instalacion?post=11373"},{"taxonomy":"color","embeddable":true,"href":"https:\/\/www.valaz.es\/it\/wp-json\/wp\/v2\/color?post=11373"}],"curies":[{"name":"wp","href":"https:\/\/api.w.org\/{rel}","templated":true}]}}