{"id":11002,"date":"2024-02-29T09:30:51","date_gmt":"2024-02-29T08:30:51","guid":{"rendered":"https:\/\/www.valaz.es\/?post_type=product&#038;p=11002"},"modified":"2025-06-27T11:41:19","modified_gmt":"2025-06-27T09:41:19","slug":"ducha-empotrada-monomando-ovalada-y-rociador-redondo-a-techo-negro-mate-serie-duero","status":"publish","type":"product","link":"https:\/\/www.valaz.es\/it\/prodotto\/ducha-empotrada-monomando-ovalada-y-rociador-redondo-a-techo-negro-mate-serie-duero\/","title":{"rendered":"Ducha empotrada monomando ovalada y rociador redondo a techo negro mate &#8211; Serie Duero"},"content":{"rendered":"<p class=\"\" data-start=\"91\" data-end=\"523\">La <strong data-start=\"113\" data-end=\"150\">ducha empotrada monomando ovalada<\/strong> con <strong data-start=\"155\" data-end=\"183\">rociador redondo a techo<\/strong> de la <strong data-start=\"190\" data-end=\"205\">Serie Duero<\/strong> combina un dise\u00f1o moderno y elegante con funcionalidad. El rociador, disponible en tama\u00f1os <strong data-start=\"297\" data-end=\"315\">20, 25 y 30 cm<\/strong>, ofrece un efecto lluvia envolvente, y el monomando de 2 v\u00edas permite seleccionar entre el rociador y la alcachofa de mano. Su acabado en <strong data-start=\"454\" data-end=\"468\">negro mate<\/strong> aporta un toque sofisticado y contempor\u00e1neo a tu ba\u00f1o.<\/p>\n<p class=\"\" data-start=\"525\" data-end=\"539\"><strong data-start=\"525\" data-end=\"537\">Incluye:<\/strong><\/p>\n<ul data-start=\"540\" data-end=\"762\">\n<li class=\"\" data-start=\"540\" data-end=\"629\">\n<p class=\"\" data-start=\"542\" data-end=\"629\"><strong data-start=\"542\" data-end=\"563\">Rociador de techo<\/strong> disponible en tama\u00f1os de <strong data-start=\"589\" data-end=\"607\">20, 25 y 30 cm<\/strong> con soporte a techo<\/p>\n<\/li>\n<li class=\"\" data-start=\"630\" data-end=\"702\">\n<p class=\"\" data-start=\"632\" data-end=\"702\"><strong data-start=\"632\" data-end=\"655\">Monomando de 2 v\u00edas<\/strong> (rociador efecto lluvia y alcachofa de mano)<\/p>\n<\/li>\n<li class=\"\" data-start=\"703\" data-end=\"726\">\n<p class=\"\" data-start=\"705\" data-end=\"726\"><strong data-start=\"705\" data-end=\"724\">Flexo de 150 cm<\/strong><\/p>\n<\/li>\n<li class=\"\" data-start=\"727\" data-end=\"762\">\n<p class=\"\" data-start=\"729\" data-end=\"762\"><strong data-start=\"729\" data-end=\"750\">Alcachofa de mano<\/strong> con soporte<\/p>\n<\/li>\n<li><strong>Caja box empotrable<\/strong><\/li>\n<\/ul>\n<p class=\"\" data-start=\"764\" data-end=\"781\"><strong data-start=\"764\" data-end=\"779\">Materiales:<\/strong><\/p>\n<ul data-start=\"782\" data-end=\"889\">\n<li class=\"\" data-start=\"782\" data-end=\"816\">\n<p class=\"\" data-start=\"784\" data-end=\"816\"><strong data-start=\"784\" data-end=\"797\">Rociador:<\/strong> Acero inoxidable<\/p>\n<\/li>\n<li class=\"\" data-start=\"817\" data-end=\"852\">\n<p class=\"\" data-start=\"819\" data-end=\"852\"><strong data-start=\"819\" data-end=\"833\">Monomando:<\/strong> Lat\u00f3n negro mate<\/p>\n<\/li>\n<li class=\"\" data-start=\"853\" data-end=\"889\">\n<p class=\"\" data-start=\"855\" data-end=\"889\"><strong data-start=\"855\" data-end=\"885\">Alcachofa de mano y flexo:<\/strong> PVC<\/p>\n<\/li>\n<\/ul>\n<p class=\"\" data-start=\"891\" data-end=\"905\"><strong data-start=\"891\" data-end=\"903\">Acabado:<\/strong><\/p>\n<ul data-start=\"906\" data-end=\"1002\">\n<li class=\"\" data-start=\"906\" data-end=\"1002\">\n<p class=\"\" data-start=\"908\" data-end=\"1002\"><strong data-start=\"908\" data-end=\"922\">Negro mate<\/strong>, que aporta un estilo moderno y f\u00e1cil de combinar con diversos dise\u00f1os de ba\u00f1o.<\/p>\n<\/li>\n<\/ul>\n<p class=\"\" data-start=\"1004\" data-end=\"1020\"><strong data-start=\"1004\" data-end=\"1018\">Funciones:<\/strong><\/p>\n<ul data-start=\"1021\" data-end=\"1148\">\n<li class=\"\" data-start=\"1021\" data-end=\"1083\">\n<p class=\"\" data-start=\"1023\" data-end=\"1083\"><strong data-start=\"1023\" data-end=\"1049\">Rociador efecto lluvia<\/strong> para una experiencia envolvente<\/p>\n<\/li>\n<li class=\"\" data-start=\"1084\" data-end=\"1148\">\n<p class=\"\" data-start=\"1086\" data-end=\"1148\"><strong data-start=\"1086\" data-end=\"1107\">Alcachofa de mano<\/strong> que ofrece versatilidad en el uso diario<\/p>\n<\/li>\n<\/ul>\n","protected":false},"excerpt":{"rendered":"<p>La ducha empotrada monomando ovalada con rociador redondo a techo  [&#8230;]<\/p>\n","protected":false},"featured_media":10991,"template":"","meta":[],"product_brand":[],"product_cat":[57],"product_tag":[],"serie":[66],"manual-de-instalacion":[78],"color":[27],"class_list":{"0":"post-11002","1":"product","2":"type-product","3":"status-publish","4":"has-post-thumbnail","6":"product_cat-duchas-empotradas","7":"pa_tamano-rociador-20cm","8":"pa_tamano-rociador-25cm","9":"pa_tamano-rociador-30cm","10":"serie-duero","11":"manual-de-instalacion-guia-instalacion-duchas-empotradas-monomando","12":"color-negro-mate","14":"first","15":"instock","16":"taxable","17":"shipping-taxable","18":"product-type-variable"},"_links":{"self":[{"href":"https:\/\/www.valaz.es\/it\/wp-json\/wp\/v2\/product\/11002","targetHints":{"allow":["GET"]}}],"collection":[{"href":"https:\/\/www.valaz.es\/it\/wp-json\/wp\/v2\/product"}],"about":[{"href":"https:\/\/www.valaz.es\/it\/wp-json\/wp\/v2\/types\/product"}],"wp:featuredmedia":[{"embeddable":true,"href":"https:\/\/www.valaz.es\/it\/wp-json\/wp\/v2\/media\/10991"}],"wp:attachment":[{"href":"https:\/\/www.valaz.es\/it\/wp-json\/wp\/v2\/media?parent=11002"}],"wp:term":[{"taxonomy":"product_brand","embeddable":true,"href":"https:\/\/www.valaz.es\/it\/wp-json\/wp\/v2\/product_brand?post=11002"},{"taxonomy":"product_cat","embeddable":true,"href":"https:\/\/www.valaz.es\/it\/wp-json\/wp\/v2\/product_cat?post=11002"},{"taxonomy":"product_tag","embeddable":true,"href":"https:\/\/www.valaz.es\/it\/wp-json\/wp\/v2\/product_tag?post=11002"},{"taxonomy":"serie","embeddable":true,"href":"https:\/\/www.valaz.es\/it\/wp-json\/wp\/v2\/serie?post=11002"},{"taxonomy":"manual-de-instalacion","embeddable":true,"href":"https:\/\/www.valaz.es\/it\/wp-json\/wp\/v2\/manual-de-instalacion?post=11002"},{"taxonomy":"color","embeddable":true,"href":"https:\/\/www.valaz.es\/it\/wp-json\/wp\/v2\/color?post=11002"}],"curies":[{"name":"wp","href":"https:\/\/api.w.org\/{rel}","templated":true}]}}