{"id":10982,"date":"2024-02-29T09:27:17","date_gmt":"2024-02-29T08:27:17","guid":{"rendered":"https:\/\/www.valaz.es\/?post_type=product&#038;p=10982"},"modified":"2025-12-12T18:56:36","modified_gmt":"2025-12-12T17:56:36","slug":"ducha-empotrada-monomando-ovalada-y-rociador-redondo-a-techo-dorado-cepillado-serie-duero","status":"publish","type":"product","link":"https:\/\/www.valaz.es\/it\/prodotto\/ducha-empotrada-monomando-ovalada-y-rociador-redondo-a-techo-dorado-cepillado-serie-duero\/","title":{"rendered":"Ducha empotrada monomando ovalada y rociador redondo a techo dorado cepillado &#8211; Serie Duero"},"content":{"rendered":"<p class=\"\" data-start=\"97\" data-end=\"620\">La <strong data-start=\"119\" data-end=\"156\">ducha empotrada monomando ovalada<\/strong> con <strong data-start=\"161\" data-end=\"189\">rociador redondo a techo<\/strong> de la <strong data-start=\"196\" data-end=\"211\">Serie Duero<\/strong> en <strong data-start=\"215\" data-end=\"235\">dorado cepillado<\/strong> es la opci\u00f3n perfecta para quienes desean a\u00f1adir un toque de lujo y sofisticaci\u00f3n a su ba\u00f1o. Con un dise\u00f1o moderno y elegante, esta ducha incluye un rociador de tama\u00f1o ajustable (20, 25 y 30 cm) y un monomando de 2 v\u00edas que permite disfrutar de un c\u00f3modo y relajante efecto lluvia o utilizar la alcachofa de mano. Su acabado en dorado cepillado resalta por su brillo sutil y elegante.<\/p>\n<p class=\"\" data-start=\"622\" data-end=\"636\"><strong data-start=\"622\" data-end=\"634\">Incluye:<\/strong><\/p>\n<ul data-start=\"637\" data-end=\"859\">\n<li class=\"\" data-start=\"637\" data-end=\"726\">\n<p class=\"\" data-start=\"639\" data-end=\"726\"><strong data-start=\"639\" data-end=\"660\">Rociador de techo<\/strong> disponible en tama\u00f1os de <strong data-start=\"686\" data-end=\"704\">20, 25 y 30 cm<\/strong> con soporte a techo<\/p>\n<\/li>\n<li class=\"\" data-start=\"727\" data-end=\"799\">\n<p class=\"\" data-start=\"729\" data-end=\"799\"><strong data-start=\"729\" data-end=\"752\">Monomando de 2 v\u00edas<\/strong> (rociador efecto lluvia y alcachofa de mano)<\/p>\n<\/li>\n<li class=\"\" data-start=\"800\" data-end=\"823\">\n<p class=\"\" data-start=\"802\" data-end=\"823\"><strong data-start=\"802\" data-end=\"821\">Flexo de 150 cm<\/strong><\/p>\n<\/li>\n<li class=\"\" data-start=\"824\" data-end=\"859\">\n<p class=\"\" data-start=\"826\" data-end=\"859\"><strong data-start=\"826\" data-end=\"847\">Alcachofa de mano<\/strong> con soporte<\/p>\n<\/li>\n<li><strong>Caja box empotrable<\/strong><\/li>\n<\/ul>\n<p class=\"\" data-start=\"861\" data-end=\"878\"><strong data-start=\"861\" data-end=\"876\">Materiales:<\/strong><\/p>\n<ul data-start=\"879\" data-end=\"992\">\n<li class=\"\" data-start=\"879\" data-end=\"913\">\n<p class=\"\" data-start=\"881\" data-end=\"913\"><strong data-start=\"881\" data-end=\"894\">Rociador:<\/strong> Acero inoxidable<\/p>\n<\/li>\n<li class=\"\" data-start=\"914\" data-end=\"955\">\n<p class=\"\" data-start=\"916\" data-end=\"955\"><strong data-start=\"916\" data-end=\"930\">Monomando:<\/strong> Lat\u00f3n dorado cepillado<\/p>\n<\/li>\n<li class=\"\" data-start=\"956\" data-end=\"992\">\n<p class=\"\" data-start=\"958\" data-end=\"992\"><strong data-start=\"958\" data-end=\"988\">Alcachofa de mano y flexo:<\/strong> PVC<\/p>\n<\/li>\n<\/ul>\n<p class=\"\" data-start=\"994\" data-end=\"1008\"><strong data-start=\"994\" data-end=\"1006\">Acabado:<\/strong><\/p>\n<ul data-start=\"1009\" data-end=\"1119\">\n<li class=\"\" data-start=\"1009\" data-end=\"1119\">\n<p class=\"\" data-start=\"1011\" data-end=\"1119\"><strong data-start=\"1011\" data-end=\"1031\">Dorado cepillado<\/strong>, perfecto para un ba\u00f1o de estilo elegante y moderno, que destaca en cualquier ambiente.<\/p>\n<\/li>\n<\/ul>\n<p class=\"\" data-start=\"1121\" data-end=\"1137\"><strong data-start=\"1121\" data-end=\"1135\">Funciones:<\/strong><\/p>\n<ul data-start=\"1138\" data-end=\"1280\">\n<li class=\"\" data-start=\"1138\" data-end=\"1213\">\n<p class=\"\" data-start=\"1140\" data-end=\"1213\"><strong data-start=\"1140\" data-end=\"1166\">Rociador efecto lluvia<\/strong> para una experiencia envolvente y placentera<\/p>\n<\/li>\n<li class=\"\" data-start=\"1214\" data-end=\"1280\">\n<p class=\"\" data-start=\"1216\" data-end=\"1280\"><strong data-start=\"1216\" data-end=\"1237\">Alcachofa de mano<\/strong> que ofrece flexibilidad y facilidad de uso<\/p>\n<\/li>\n<\/ul>\n","protected":false},"excerpt":{"rendered":"<p>La ducha empotrada monomando ovalada con rociador redondo a techo  [&#8230;]<\/p>\n","protected":false},"featured_media":13270,"template":"","meta":[],"product_brand":[],"product_cat":[57],"product_tag":[],"serie":[66],"manual-de-instalacion":[78],"color":[34],"class_list":{"0":"post-10982","1":"product","2":"type-product","3":"status-publish","4":"has-post-thumbnail","6":"product_cat-duchas-empotradas","7":"pa_tamano-rociador-20cm","8":"pa_tamano-rociador-25cm","9":"pa_tamano-rociador-30cm","10":"serie-duero","11":"manual-de-instalacion-guia-instalacion-duchas-empotradas-monomando","12":"color-dorado-cepillado","14":"first","15":"instock","16":"taxable","17":"shipping-taxable","18":"product-type-variable"},"_links":{"self":[{"href":"https:\/\/www.valaz.es\/it\/wp-json\/wp\/v2\/product\/10982","targetHints":{"allow":["GET"]}}],"collection":[{"href":"https:\/\/www.valaz.es\/it\/wp-json\/wp\/v2\/product"}],"about":[{"href":"https:\/\/www.valaz.es\/it\/wp-json\/wp\/v2\/types\/product"}],"wp:featuredmedia":[{"embeddable":true,"href":"https:\/\/www.valaz.es\/it\/wp-json\/wp\/v2\/media\/13270"}],"wp:attachment":[{"href":"https:\/\/www.valaz.es\/it\/wp-json\/wp\/v2\/media?parent=10982"}],"wp:term":[{"taxonomy":"product_brand","embeddable":true,"href":"https:\/\/www.valaz.es\/it\/wp-json\/wp\/v2\/product_brand?post=10982"},{"taxonomy":"product_cat","embeddable":true,"href":"https:\/\/www.valaz.es\/it\/wp-json\/wp\/v2\/product_cat?post=10982"},{"taxonomy":"product_tag","embeddable":true,"href":"https:\/\/www.valaz.es\/it\/wp-json\/wp\/v2\/product_tag?post=10982"},{"taxonomy":"serie","embeddable":true,"href":"https:\/\/www.valaz.es\/it\/wp-json\/wp\/v2\/serie?post=10982"},{"taxonomy":"manual-de-instalacion","embeddable":true,"href":"https:\/\/www.valaz.es\/it\/wp-json\/wp\/v2\/manual-de-instalacion?post=10982"},{"taxonomy":"color","embeddable":true,"href":"https:\/\/www.valaz.es\/it\/wp-json\/wp\/v2\/color?post=10982"}],"curies":[{"name":"wp","href":"https:\/\/api.w.org\/{rel}","templated":true}]}}