{"id":10010,"date":"2023-12-28T16:53:05","date_gmt":"2023-12-28T15:53:05","guid":{"rendered":"https:\/\/www.valaz.es\/?post_type=product&#038;p=10010"},"modified":"2025-07-02T16:29:47","modified_gmt":"2025-07-02T14:29:47","slug":"grifo-de-banera-ducha-monomando-cromado-serie-pisuerga","status":"publish","type":"product","link":"https:\/\/www.valaz.es\/it\/prodotto\/grifo-de-banera-ducha-monomando-cromado-serie-pisuerga\/","title":{"rendered":"Grifo de ba\u00f1era\/ducha monomando cromado &#8211; Serie Pisuerga"},"content":{"rendered":"<p class=\"\" data-start=\"66\" data-end=\"476\">Este grifo monomando de ba\u00f1era\/ducha cromado de la Serie Pisuerga es ideal para quienes buscan una opci\u00f3n funcional y elegante para su ba\u00f1o. Su dise\u00f1o moderno y acabado cromado aporta un toque de brillo y sofisticaci\u00f3n a tu espacio. El sistema monomando facilita la regulaci\u00f3n de la temperatura y el flujo de agua con un solo movimiento, lo que lo convierte en una opci\u00f3n c\u00f3moda y eficiente para el uso diario.<\/p>\n<p class=\"\" data-start=\"478\" data-end=\"493\"><strong data-start=\"478\" data-end=\"493\">Materiales:<\/strong><\/p>\n<ul data-start=\"495\" data-end=\"567\">\n<li class=\"\" data-start=\"495\" data-end=\"535\">\n<p class=\"\" data-start=\"497\" data-end=\"535\"><strong data-start=\"497\" data-end=\"520\">Cuerpo de grifer\u00eda:<\/strong> Lat\u00f3n cromado.<\/p>\n<\/li>\n<li data-start=\"495\" data-end=\"535\"><strong>Flexo:<\/strong> Acero inoxidable<\/li>\n<li class=\"\" data-start=\"536\" data-end=\"567\">\n<p class=\"\" data-start=\"538\" data-end=\"567\"><strong data-start=\"538\" data-end=\"560\">Cartucho cer\u00e1mico:<\/strong> 35 mm.<\/p>\n<\/li>\n<li data-start=\"536\" data-end=\"567\"><strong>Alcachofa de mano:<\/strong> PVC<\/li>\n<\/ul>\n<p class=\"\" data-start=\"569\" data-end=\"590\"><strong data-start=\"569\" data-end=\"590\">Especificaciones:<\/strong><\/p>\n<ul data-start=\"592\" data-end=\"738\">\n<li class=\"\" data-start=\"592\" data-end=\"623\">\n<p class=\"\" data-start=\"594\" data-end=\"623\"><strong data-start=\"594\" data-end=\"612\">Tipo de grifo:<\/strong> Monomando.<\/p>\n<\/li>\n<li class=\"\" data-start=\"624\" data-end=\"647\">\n<p class=\"\" data-start=\"626\" data-end=\"647\"><strong data-start=\"626\" data-end=\"638\">Acabado:<\/strong> Cromado.<\/p>\n<\/li>\n<li class=\"\" data-start=\"648\" data-end=\"682\">\n<p class=\"\" data-start=\"650\" data-end=\"682\"><strong data-start=\"650\" data-end=\"663\">Cartucho:<\/strong> Cer\u00e1mico de 35 mm.<\/p>\n<\/li>\n<li class=\"\" data-start=\"683\" data-end=\"704\">\n<p class=\"\" data-start=\"685\" data-end=\"704\"><strong data-start=\"685\" data-end=\"698\">Conexi\u00f3n:<\/strong> 1\/2&#8243;.<\/p>\n<\/li>\n<li class=\"\" data-start=\"705\" data-end=\"738\">\n<p class=\"\" data-start=\"707\" data-end=\"738\"><strong data-start=\"707\" data-end=\"723\">Latiguillos:<\/strong> 3\/8 incluidos.<\/p>\n<\/li>\n<\/ul>\n<p class=\"\" data-start=\"740\" data-end=\"884\"><strong data-start=\"740\" data-end=\"756\">Instalaci\u00f3n:<\/strong> Este grifo de ba\u00f1era\/ducha no es empotrado, por lo que se debe instalar respetando una distancia est\u00e1ndar de 15 cm entre tomas.<\/p>\n","protected":false},"excerpt":{"rendered":"<p>Este grifo monomando de ba\u00f1era\/ducha cromado de la Serie Pisuerga  [&#8230;]<\/p>\n","protected":false},"featured_media":12287,"template":"","meta":[],"product_brand":[],"product_cat":[338],"product_tag":[],"serie":[382],"manual-de-instalacion":[],"color":[26],"class_list":{"0":"post-10010","1":"product","2":"type-product","3":"status-publish","4":"has-post-thumbnail","6":"product_cat-grifos-de-ducha-banera","7":"serie-pisuerga","8":"color-cromo","10":"first","11":"instock","12":"taxable","13":"shipping-taxable","14":"product-type-simple"},"_links":{"self":[{"href":"https:\/\/www.valaz.es\/it\/wp-json\/wp\/v2\/product\/10010","targetHints":{"allow":["GET"]}}],"collection":[{"href":"https:\/\/www.valaz.es\/it\/wp-json\/wp\/v2\/product"}],"about":[{"href":"https:\/\/www.valaz.es\/it\/wp-json\/wp\/v2\/types\/product"}],"wp:featuredmedia":[{"embeddable":true,"href":"https:\/\/www.valaz.es\/it\/wp-json\/wp\/v2\/media\/12287"}],"wp:attachment":[{"href":"https:\/\/www.valaz.es\/it\/wp-json\/wp\/v2\/media?parent=10010"}],"wp:term":[{"taxonomy":"product_brand","embeddable":true,"href":"https:\/\/www.valaz.es\/it\/wp-json\/wp\/v2\/product_brand?post=10010"},{"taxonomy":"product_cat","embeddable":true,"href":"https:\/\/www.valaz.es\/it\/wp-json\/wp\/v2\/product_cat?post=10010"},{"taxonomy":"product_tag","embeddable":true,"href":"https:\/\/www.valaz.es\/it\/wp-json\/wp\/v2\/product_tag?post=10010"},{"taxonomy":"serie","embeddable":true,"href":"https:\/\/www.valaz.es\/it\/wp-json\/wp\/v2\/serie?post=10010"},{"taxonomy":"manual-de-instalacion","embeddable":true,"href":"https:\/\/www.valaz.es\/it\/wp-json\/wp\/v2\/manual-de-instalacion?post=10010"},{"taxonomy":"color","embeddable":true,"href":"https:\/\/www.valaz.es\/it\/wp-json\/wp\/v2\/color?post=10010"}],"curies":[{"name":"wp","href":"https:\/\/api.w.org\/{rel}","templated":true}]}}