{"id":9974,"date":"2023-12-28T16:52:01","date_gmt":"2023-12-28T15:52:01","guid":{"rendered":"https:\/\/www.valaz.es\/?post_type=product&#038;p=9974"},"modified":"2026-03-23T13:32:05","modified_gmt":"2026-03-23T12:32:05","slug":"grifo-de-banera-ducha-redondo-monomando-cromado-serie-viar","status":"publish","type":"product","link":"https:\/\/www.valaz.es\/fr\/produit\/grifo-de-banera-ducha-redondo-monomando-cromado-serie-viar\/","title":{"rendered":"Grifo de ba\u00f1era\/ducha redondo monomando cromado &#8211; Serie Viar"},"content":{"rendered":"<p class=\"\" data-start=\"0\" data-end=\"435\">Este grifo monomando de ba\u00f1era\/ducha cromado de la Serie Viar es una opci\u00f3n funcional y est\u00e9tica ideal para quienes buscan un toque moderno y elegante en su ba\u00f1o. Su dise\u00f1o redondo y acabado cromado ofrecen una combinaci\u00f3n de sofisticaci\u00f3n y durabilidad, mientras que el sistema monomando permite una regulaci\u00f3n sencilla de la temperatura y el flujo de agua con un solo movimiento, garantizando comodidad y eficiencia en el uso diario.<\/p>\n<p class=\"\" data-start=\"437\" data-end=\"452\"><strong data-start=\"437\" data-end=\"452\">Materiales:<\/strong><\/p>\n<ul data-start=\"454\" data-end=\"522\">\n<li class=\"\" data-start=\"454\" data-end=\"492\">\n<p class=\"\" data-start=\"456\" data-end=\"492\">Cuerpo de grifer\u00eda de lat\u00f3n cromado.<\/p>\n<\/li>\n<li data-start=\"495\" data-end=\"535\">Alcachofa de mano: PVC.<\/li>\n<li class=\"\" data-start=\"493\" data-end=\"522\">\n<p class=\"\" data-start=\"495\" data-end=\"522\">Cartucho cer\u00e1mico de 35 mm.<\/p>\n<\/li>\n<li data-start=\"495\" data-end=\"535\">Flexo: Acero inoxidable<\/li>\n<\/ul>\n<p class=\"\" data-start=\"524\" data-end=\"545\"><strong data-start=\"524\" data-end=\"545\">Especificaciones:<\/strong><\/p>\n<ul data-start=\"547\" data-end=\"672\">\n<li class=\"\" data-start=\"547\" data-end=\"574\">\n<p class=\"\" data-start=\"549\" data-end=\"574\">Tipo de grifo: Monomando.<\/p>\n<\/li>\n<li class=\"\" data-start=\"575\" data-end=\"594\">\n<p class=\"\" data-start=\"577\" data-end=\"594\">Acabado: Cromado.<\/p>\n<\/li>\n<li class=\"\" data-start=\"595\" data-end=\"625\">\n<p class=\"\" data-start=\"597\" data-end=\"625\">Cartucho: Cer\u00e1mico de 35 mm.<\/p>\n<\/li>\n<li class=\"\" data-start=\"626\" data-end=\"643\">\n<p class=\"\" data-start=\"628\" data-end=\"643\">Conexi\u00f3n: 1\/2&#8243;.<\/p>\n<\/li>\n<li class=\"\" data-start=\"644\" data-end=\"672\">\n<p class=\"\" data-start=\"646\" data-end=\"672\">Latiguillos 3\/8 incluidos.<\/p>\n<\/li>\n<\/ul>\n<p class=\"\" data-start=\"674\" data-end=\"690\"><strong data-start=\"674\" data-end=\"690\">Instalaci\u00f3n:<\/strong><\/p>\n<p class=\"\" data-start=\"692\" data-end=\"819\">Este grifo de ba\u00f1era\/ducha no es empotrado, por lo que se debe instalar respetando una distancia est\u00e1ndar de 15 cm entre tomas.<\/p>\n","protected":false},"excerpt":{"rendered":"<p>Este grifo monomando de ba\u00f1era\/ducha cromado de la Serie Viar  [&#8230;]<\/p>\n","protected":false},"featured_media":11109,"template":"","meta":[],"product_brand":[],"product_cat":[338],"product_tag":[],"serie":[381],"manual-de-instalacion":[],"color":[26],"class_list":{"0":"post-9974","1":"product","2":"type-product","3":"status-publish","4":"has-post-thumbnail","6":"product_cat-grifos-de-ducha-banera","7":"serie-viar","8":"color-cromo","10":"first","11":"instock","12":"taxable","13":"shipping-taxable","14":"product-type-simple"},"_links":{"self":[{"href":"https:\/\/www.valaz.es\/fr\/wp-json\/wp\/v2\/product\/9974","targetHints":{"allow":["GET"]}}],"collection":[{"href":"https:\/\/www.valaz.es\/fr\/wp-json\/wp\/v2\/product"}],"about":[{"href":"https:\/\/www.valaz.es\/fr\/wp-json\/wp\/v2\/types\/product"}],"wp:featuredmedia":[{"embeddable":true,"href":"https:\/\/www.valaz.es\/fr\/wp-json\/wp\/v2\/media\/11109"}],"wp:attachment":[{"href":"https:\/\/www.valaz.es\/fr\/wp-json\/wp\/v2\/media?parent=9974"}],"wp:term":[{"taxonomy":"product_brand","embeddable":true,"href":"https:\/\/www.valaz.es\/fr\/wp-json\/wp\/v2\/product_brand?post=9974"},{"taxonomy":"product_cat","embeddable":true,"href":"https:\/\/www.valaz.es\/fr\/wp-json\/wp\/v2\/product_cat?post=9974"},{"taxonomy":"product_tag","embeddable":true,"href":"https:\/\/www.valaz.es\/fr\/wp-json\/wp\/v2\/product_tag?post=9974"},{"taxonomy":"serie","embeddable":true,"href":"https:\/\/www.valaz.es\/fr\/wp-json\/wp\/v2\/serie?post=9974"},{"taxonomy":"manual-de-instalacion","embeddable":true,"href":"https:\/\/www.valaz.es\/fr\/wp-json\/wp\/v2\/manual-de-instalacion?post=9974"},{"taxonomy":"color","embeddable":true,"href":"https:\/\/www.valaz.es\/fr\/wp-json\/wp\/v2\/color?post=9974"}],"curies":[{"name":"wp","href":"https:\/\/api.w.org\/{rel}","templated":true}]}}