{"id":9973,"date":"2023-12-28T16:51:54","date_gmt":"2023-12-28T15:51:54","guid":{"rendered":"https:\/\/www.valaz.es\/?post_type=product&#038;p=9973"},"modified":"2026-03-23T13:32:05","modified_gmt":"2026-03-23T12:32:05","slug":"grifo-de-ducha-redondo-monomando-cromado-serie-viar","status":"publish","type":"product","link":"https:\/\/www.valaz.es\/fr\/produit\/grifo-de-ducha-redondo-monomando-cromado-serie-viar\/","title":{"rendered":"Grifo de ducha redondo monomando cromado &#8211; Serie Viar"},"content":{"rendered":"<p class=\"\" data-start=\"0\" data-end=\"346\">Este grifo de ducha redondo monomando cromado de la Serie Viar es una excelente opci\u00f3n para quienes buscan una grifer\u00eda funcional y con un dise\u00f1o moderno para su ba\u00f1o. Su acabado cromado y su sistema monomando facilitan la regulaci\u00f3n de la temperatura y el flujo de agua con un solo movimiento, brindando comodidad y practicidad en el uso diario.<\/p>\n<p class=\"\" data-start=\"348\" data-end=\"363\"><strong data-start=\"348\" data-end=\"363\">Materiales:<\/strong><\/p>\n<ul data-start=\"365\" data-end=\"433\">\n<li class=\"\" data-start=\"365\" data-end=\"403\">\n<p class=\"\" data-start=\"367\" data-end=\"403\">Cuerpo de grifer\u00eda de lat\u00f3n cromado.<\/p>\n<\/li>\n<li data-start=\"495\" data-end=\"535\">Alcachofa de mano: PVC.<\/li>\n<li class=\"\" data-start=\"493\" data-end=\"522\">\n<p class=\"\" data-start=\"495\" data-end=\"522\">Cartucho cer\u00e1mico de 35 mm.<\/p>\n<\/li>\n<li data-start=\"495\" data-end=\"535\">Flexo: Acero inoxidable<\/li>\n<\/ul>\n<p class=\"\" data-start=\"435\" data-end=\"456\"><strong data-start=\"435\" data-end=\"456\">Especificaciones:<\/strong><\/p>\n<ul data-start=\"458\" data-end=\"583\">\n<li class=\"\" data-start=\"458\" data-end=\"485\">\n<p class=\"\" data-start=\"460\" data-end=\"485\">Tipo de grifo: Monomando.<\/p>\n<\/li>\n<li class=\"\" data-start=\"486\" data-end=\"505\">\n<p class=\"\" data-start=\"488\" data-end=\"505\">Acabado: Cromado.<\/p>\n<\/li>\n<li class=\"\" data-start=\"506\" data-end=\"536\">\n<p class=\"\" data-start=\"508\" data-end=\"536\">Cartucho: Cer\u00e1mico de 35 mm.<\/p>\n<\/li>\n<li class=\"\" data-start=\"537\" data-end=\"554\">\n<p class=\"\" data-start=\"539\" data-end=\"554\">Conexi\u00f3n: 1\/2&#8243;.<\/p>\n<\/li>\n<li class=\"\" data-start=\"555\" data-end=\"583\">\n<p class=\"\" data-start=\"557\" data-end=\"583\">Latiguillos 3\/8 incluidos.<\/p>\n<\/li>\n<\/ul>\n<p class=\"\" data-start=\"585\" data-end=\"601\"><strong data-start=\"585\" data-end=\"601\">Instalaci\u00f3n:<\/strong><\/p>\n<p class=\"\" data-start=\"603\" data-end=\"723\">Este grifo de ducha no es empotrado, por lo que se debe instalar respetando una distancia est\u00e1ndar de 15 cm entre tomas.<\/p>\n","protected":false},"excerpt":{"rendered":"<p>Este grifo de ducha redondo monomando cromado de la Serie  [&#8230;]<\/p>\n","protected":false},"featured_media":11105,"template":"","meta":[],"product_brand":[],"product_cat":[405],"product_tag":[],"serie":[381],"manual-de-instalacion":[],"color":[26],"class_list":{"0":"post-9973","1":"product","2":"type-product","3":"status-publish","4":"has-post-thumbnail","6":"product_cat-grifos-de-ducha","7":"serie-viar","8":"color-cromo","10":"first","11":"instock","12":"taxable","13":"shipping-taxable","14":"product-type-simple"},"_links":{"self":[{"href":"https:\/\/www.valaz.es\/fr\/wp-json\/wp\/v2\/product\/9973","targetHints":{"allow":["GET"]}}],"collection":[{"href":"https:\/\/www.valaz.es\/fr\/wp-json\/wp\/v2\/product"}],"about":[{"href":"https:\/\/www.valaz.es\/fr\/wp-json\/wp\/v2\/types\/product"}],"wp:featuredmedia":[{"embeddable":true,"href":"https:\/\/www.valaz.es\/fr\/wp-json\/wp\/v2\/media\/11105"}],"wp:attachment":[{"href":"https:\/\/www.valaz.es\/fr\/wp-json\/wp\/v2\/media?parent=9973"}],"wp:term":[{"taxonomy":"product_brand","embeddable":true,"href":"https:\/\/www.valaz.es\/fr\/wp-json\/wp\/v2\/product_brand?post=9973"},{"taxonomy":"product_cat","embeddable":true,"href":"https:\/\/www.valaz.es\/fr\/wp-json\/wp\/v2\/product_cat?post=9973"},{"taxonomy":"product_tag","embeddable":true,"href":"https:\/\/www.valaz.es\/fr\/wp-json\/wp\/v2\/product_tag?post=9973"},{"taxonomy":"serie","embeddable":true,"href":"https:\/\/www.valaz.es\/fr\/wp-json\/wp\/v2\/serie?post=9973"},{"taxonomy":"manual-de-instalacion","embeddable":true,"href":"https:\/\/www.valaz.es\/fr\/wp-json\/wp\/v2\/manual-de-instalacion?post=9973"},{"taxonomy":"color","embeddable":true,"href":"https:\/\/www.valaz.es\/fr\/wp-json\/wp\/v2\/color?post=9973"}],"curies":[{"name":"wp","href":"https:\/\/api.w.org\/{rel}","templated":true}]}}