{"id":9835,"date":"2023-12-28T16:16:31","date_gmt":"2023-12-28T15:16:31","guid":{"rendered":"https:\/\/www.valaz.es\/?post_type=product&#038;p=9835"},"modified":"2025-09-15T14:54:39","modified_gmt":"2025-09-15T12:54:39","slug":"grifo-de-banera-ducha-monomando-cromado-serie-tera","status":"publish","type":"product","link":"https:\/\/www.valaz.es\/fr\/produit\/grifo-de-banera-ducha-monomando-cromado-serie-tera\/","title":{"rendered":"Grifo de ba\u00f1era\/ducha monomando cromado &#8211; Serie Tera"},"content":{"rendered":"<p class=\"\" data-start=\"0\" data-end=\"377\">Este grifo monomando para ba\u00f1era\/ducha cromado de la Serie Tera es la opci\u00f3n perfecta para quienes buscan un dise\u00f1o funcional y elegante para su ba\u00f1o. Su acabado cromado aporta un toque brillante y moderno, mientras que el sistema monomando permite un control preciso de la temperatura y el flujo de agua con un solo movimiento, garantizando comodidad y eficiencia en cada uso.<\/p>\n<p class=\"\" data-start=\"379\" data-end=\"394\"><strong data-start=\"379\" data-end=\"394\">Materiales:<\/strong><\/p>\n<ul data-start=\"395\" data-end=\"463\">\n<li class=\"\" data-start=\"395\" data-end=\"433\">\n<p class=\"\" data-start=\"397\" data-end=\"433\">Cuerpo de grifer\u00eda de lat\u00f3n cromado.<\/p>\n<\/li>\n<li data-start=\"495\" data-end=\"535\">Alcachofa de mano: PVC.<\/li>\n<li class=\"\" data-start=\"493\" data-end=\"522\">\n<p class=\"\" data-start=\"495\" data-end=\"522\">Cartucho cer\u00e1mico de 35 mm.<\/p>\n<\/li>\n<li data-start=\"495\" data-end=\"535\">Flexo: Acero inoxidable<\/li>\n<\/ul>\n<p class=\"\" data-start=\"465\" data-end=\"486\"><strong data-start=\"465\" data-end=\"486\">Especificaciones:<\/strong><\/p>\n<ul data-start=\"487\" data-end=\"612\">\n<li class=\"\" data-start=\"487\" data-end=\"514\">\n<p class=\"\" data-start=\"489\" data-end=\"514\">Tipo de grifo: Monomando.<\/p>\n<\/li>\n<li class=\"\" data-start=\"515\" data-end=\"534\">\n<p class=\"\" data-start=\"517\" data-end=\"534\">Acabado: Cromado.<\/p>\n<\/li>\n<li class=\"\" data-start=\"535\" data-end=\"565\">\n<p class=\"\" data-start=\"537\" data-end=\"565\">Cartucho: Cer\u00e1mico de 35 mm.<\/p>\n<\/li>\n<li class=\"\" data-start=\"566\" data-end=\"583\">\n<p class=\"\" data-start=\"568\" data-end=\"583\">Conexi\u00f3n: 1\/2&#8243;.<\/p>\n<\/li>\n<li class=\"\" data-start=\"584\" data-end=\"612\">\n<p class=\"\" data-start=\"586\" data-end=\"612\">Latiguillos 3\/8 incluidos.<\/p>\n<\/li>\n<\/ul>\n<p class=\"\" data-start=\"614\" data-end=\"692\"><strong data-start=\"614\" data-end=\"630\">Instalaci\u00f3n:<\/strong> Este grifo tiene una distancia est\u00e1ndar de 15 cm entre tomas.<\/p>\n","protected":false},"excerpt":{"rendered":"<p>Este grifo monomando para ba\u00f1era\/ducha cromado de la Serie Tera  [&#8230;]<\/p>\n","protected":false},"featured_media":11133,"template":"","meta":[],"product_brand":[],"product_cat":[60,338],"product_tag":[],"serie":[384],"manual-de-instalacion":[],"color":[26],"class_list":{"0":"post-9835","1":"product","2":"type-product","3":"status-publish","4":"has-post-thumbnail","6":"product_cat-griferia-de-banera","7":"product_cat-grifos-de-ducha-banera","8":"serie-tera","9":"color-cromo","11":"first","12":"instock","13":"taxable","14":"shipping-taxable","15":"product-type-simple"},"_links":{"self":[{"href":"https:\/\/www.valaz.es\/fr\/wp-json\/wp\/v2\/product\/9835","targetHints":{"allow":["GET"]}}],"collection":[{"href":"https:\/\/www.valaz.es\/fr\/wp-json\/wp\/v2\/product"}],"about":[{"href":"https:\/\/www.valaz.es\/fr\/wp-json\/wp\/v2\/types\/product"}],"wp:featuredmedia":[{"embeddable":true,"href":"https:\/\/www.valaz.es\/fr\/wp-json\/wp\/v2\/media\/11133"}],"wp:attachment":[{"href":"https:\/\/www.valaz.es\/fr\/wp-json\/wp\/v2\/media?parent=9835"}],"wp:term":[{"taxonomy":"product_brand","embeddable":true,"href":"https:\/\/www.valaz.es\/fr\/wp-json\/wp\/v2\/product_brand?post=9835"},{"taxonomy":"product_cat","embeddable":true,"href":"https:\/\/www.valaz.es\/fr\/wp-json\/wp\/v2\/product_cat?post=9835"},{"taxonomy":"product_tag","embeddable":true,"href":"https:\/\/www.valaz.es\/fr\/wp-json\/wp\/v2\/product_tag?post=9835"},{"taxonomy":"serie","embeddable":true,"href":"https:\/\/www.valaz.es\/fr\/wp-json\/wp\/v2\/serie?post=9835"},{"taxonomy":"manual-de-instalacion","embeddable":true,"href":"https:\/\/www.valaz.es\/fr\/wp-json\/wp\/v2\/manual-de-instalacion?post=9835"},{"taxonomy":"color","embeddable":true,"href":"https:\/\/www.valaz.es\/fr\/wp-json\/wp\/v2\/color?post=9835"}],"curies":[{"name":"wp","href":"https:\/\/api.w.org\/{rel}","templated":true}]}}