{"id":9779,"date":"2023-12-28T16:14:26","date_gmt":"2023-12-28T15:14:26","guid":{"rendered":"https:\/\/www.valaz.es\/?post_type=product&#038;p=9779"},"modified":"2025-09-03T09:15:01","modified_gmt":"2025-09-03T07:15:01","slug":"grifo-de-bide-curvo-monomando-negro-mate-serie-pisuerga","status":"publish","type":"product","link":"https:\/\/www.valaz.es\/fr\/produit\/grifo-de-bide-curvo-monomando-negro-mate-serie-pisuerga\/","title":{"rendered":"Grifo de bid\u00e9 curvo monomando negro mate &#8211; Serie Pisuerga"},"content":{"rendered":"<p class=\"\" data-start=\"63\" data-end=\"403\">Este grifo monomando curvo para bid\u00e9 de la Serie Pisuerga es ideal para quienes buscan un dise\u00f1o moderno y funcional para su ba\u00f1o. Su acabado negro mate le otorga un toque elegante y contempor\u00e1neo, mientras que el sistema monomando permite un control preciso del flujo y la temperatura del agua, proporcionando comodidad y facilidad de uso.<\/p>\n<p class=\"\" data-start=\"405\" data-end=\"420\"><strong data-start=\"405\" data-end=\"420\">Materiales:<\/strong><\/p>\n<ul data-start=\"422\" data-end=\"493\">\n<li class=\"\" data-start=\"422\" data-end=\"463\">\n<p class=\"\" data-start=\"424\" data-end=\"463\">Cuerpo de grifer\u00eda de lat\u00f3n negro mate.<\/p>\n<\/li>\n<li class=\"\" data-start=\"464\" data-end=\"493\">\n<p class=\"\" data-start=\"466\" data-end=\"493\">Cartucho cer\u00e1mico de 35 mm.<\/p>\n<\/li>\n<\/ul>\n<p class=\"\" data-start=\"495\" data-end=\"516\"><strong data-start=\"495\" data-end=\"516\">Especificaciones:<\/strong><\/p>\n<ul data-start=\"518\" data-end=\"646\">\n<li class=\"\" data-start=\"518\" data-end=\"545\">\n<p class=\"\" data-start=\"520\" data-end=\"545\">Tipo de grifo: Monomando.<\/p>\n<\/li>\n<li class=\"\" data-start=\"546\" data-end=\"568\">\n<p class=\"\" data-start=\"548\" data-end=\"568\">Acabado: Negro mate.<\/p>\n<\/li>\n<li class=\"\" data-start=\"569\" data-end=\"599\">\n<p class=\"\" data-start=\"571\" data-end=\"599\">Cartucho: Cer\u00e1mico de 35 mm.<\/p>\n<\/li>\n<li class=\"\" data-start=\"600\" data-end=\"617\">\n<p class=\"\" data-start=\"602\" data-end=\"617\">Conexi\u00f3n: 1\/2&#8243;.<\/p>\n<\/li>\n<li class=\"\" data-start=\"618\" data-end=\"646\">\n<p class=\"\" data-start=\"620\" data-end=\"646\">Latiguillos 3\/8 incluidos.<\/p>\n<\/li>\n<\/ul>\n","protected":false},"excerpt":{"rendered":"<p>Este grifo monomando curvo para bid\u00e9 de la Serie Pisuerga  [&#8230;]<\/p>\n","protected":false},"featured_media":9775,"template":"","meta":[],"product_brand":[],"product_cat":[54],"product_tag":[],"serie":[382],"manual-de-instalacion":[83],"color":[27],"class_list":{"0":"post-9779","1":"product","2":"type-product","3":"status-publish","4":"has-post-thumbnail","6":"product_cat-grifos-de-bidet","7":"serie-pisuerga","8":"manual-de-instalacion-guia-instalacion-grifo-superficie","9":"color-negro-mate","11":"first","12":"instock","13":"taxable","14":"shipping-taxable","15":"product-type-simple"},"_links":{"self":[{"href":"https:\/\/www.valaz.es\/fr\/wp-json\/wp\/v2\/product\/9779","targetHints":{"allow":["GET"]}}],"collection":[{"href":"https:\/\/www.valaz.es\/fr\/wp-json\/wp\/v2\/product"}],"about":[{"href":"https:\/\/www.valaz.es\/fr\/wp-json\/wp\/v2\/types\/product"}],"wp:featuredmedia":[{"embeddable":true,"href":"https:\/\/www.valaz.es\/fr\/wp-json\/wp\/v2\/media\/9775"}],"wp:attachment":[{"href":"https:\/\/www.valaz.es\/fr\/wp-json\/wp\/v2\/media?parent=9779"}],"wp:term":[{"taxonomy":"product_brand","embeddable":true,"href":"https:\/\/www.valaz.es\/fr\/wp-json\/wp\/v2\/product_brand?post=9779"},{"taxonomy":"product_cat","embeddable":true,"href":"https:\/\/www.valaz.es\/fr\/wp-json\/wp\/v2\/product_cat?post=9779"},{"taxonomy":"product_tag","embeddable":true,"href":"https:\/\/www.valaz.es\/fr\/wp-json\/wp\/v2\/product_tag?post=9779"},{"taxonomy":"serie","embeddable":true,"href":"https:\/\/www.valaz.es\/fr\/wp-json\/wp\/v2\/serie?post=9779"},{"taxonomy":"manual-de-instalacion","embeddable":true,"href":"https:\/\/www.valaz.es\/fr\/wp-json\/wp\/v2\/manual-de-instalacion?post=9779"},{"taxonomy":"color","embeddable":true,"href":"https:\/\/www.valaz.es\/fr\/wp-json\/wp\/v2\/color?post=9779"}],"curies":[{"name":"wp","href":"https:\/\/api.w.org\/{rel}","templated":true}]}}