{"id":9751,"date":"2023-12-28T16:12:19","date_gmt":"2023-12-28T15:12:19","guid":{"rendered":"https:\/\/www.valaz.es\/?post_type=product&#038;p=9751"},"modified":"2026-03-23T09:35:04","modified_gmt":"2026-03-23T08:35:04","slug":"grifo-de-bide-redondo-monomando-negro-mate-serie-viar","status":"publish","type":"product","link":"https:\/\/www.valaz.es\/fr\/produit\/grifo-de-bide-redondo-monomando-negro-mate-serie-viar\/","title":{"rendered":"Grifo de bid\u00e9 redondo monomando negro mate &#8211; Serie Viar"},"content":{"rendered":"<p class=\"\" data-start=\"61\" data-end=\"382\">Este grifo de bid\u00e9 monomando redondo de la Serie Viar con acabado negro mate es perfecto para darle un toque sofisticado y moderno a tu ba\u00f1o. Su dise\u00f1o redondo y su acabado mate ofrecen una est\u00e9tica elegante, mientras que su sistema monomando permite un f\u00e1cil ajuste de temperatura y flujo de agua con un solo movimiento.<\/p>\n<p class=\"\" data-start=\"384\" data-end=\"399\"><strong data-start=\"384\" data-end=\"399\">Materiales:<\/strong><\/p>\n<ul data-start=\"401\" data-end=\"472\">\n<li class=\"\" data-start=\"401\" data-end=\"442\">\n<p class=\"\" data-start=\"403\" data-end=\"442\">Cuerpo de grifer\u00eda de lat\u00f3n negro mate.<\/p>\n<\/li>\n<li class=\"\" data-start=\"443\" data-end=\"472\">\n<p class=\"\" data-start=\"445\" data-end=\"472\">Cartucho cer\u00e1mico de 35 mm.<\/p>\n<\/li>\n<\/ul>\n<p class=\"\" data-start=\"474\" data-end=\"495\"><strong data-start=\"474\" data-end=\"495\">Especificaciones:<\/strong><\/p>\n<ul data-start=\"497\" data-end=\"625\">\n<li class=\"\" data-start=\"497\" data-end=\"524\">\n<p class=\"\" data-start=\"499\" data-end=\"524\">Tipo de grifo: Monomando.<\/p>\n<\/li>\n<li class=\"\" data-start=\"525\" data-end=\"547\">\n<p class=\"\" data-start=\"527\" data-end=\"547\">Acabado: Negro mate.<\/p>\n<\/li>\n<li class=\"\" data-start=\"548\" data-end=\"578\">\n<p class=\"\" data-start=\"550\" data-end=\"578\">Cartucho: Cer\u00e1mico de 35 mm.<\/p>\n<\/li>\n<li class=\"\" data-start=\"579\" data-end=\"596\">\n<p class=\"\" data-start=\"581\" data-end=\"596\">Conexi\u00f3n: 1\/2&#8243;.<\/p>\n<\/li>\n<li class=\"\" data-start=\"597\" data-end=\"625\">\n<p class=\"\" data-start=\"599\" data-end=\"625\">Latiguillos 3\/8 incluidos.<\/p>\n<\/li>\n<\/ul>\n","protected":false},"excerpt":{"rendered":"<p>Este grifo de bid\u00e9 monomando redondo de la Serie Viar  [&#8230;]<\/p>\n","protected":false},"featured_media":9717,"template":"","meta":[],"product_brand":[],"product_cat":[54],"product_tag":[],"serie":[381],"manual-de-instalacion":[83],"color":[27],"class_list":{"0":"post-9751","1":"product","2":"type-product","3":"status-publish","4":"has-post-thumbnail","6":"product_cat-grifos-de-bidet","7":"serie-viar","8":"manual-de-instalacion-guia-instalacion-grifo-superficie","9":"color-negro-mate","11":"first","12":"instock","13":"taxable","14":"shipping-taxable","15":"product-type-simple"},"_links":{"self":[{"href":"https:\/\/www.valaz.es\/fr\/wp-json\/wp\/v2\/product\/9751","targetHints":{"allow":["GET"]}}],"collection":[{"href":"https:\/\/www.valaz.es\/fr\/wp-json\/wp\/v2\/product"}],"about":[{"href":"https:\/\/www.valaz.es\/fr\/wp-json\/wp\/v2\/types\/product"}],"wp:featuredmedia":[{"embeddable":true,"href":"https:\/\/www.valaz.es\/fr\/wp-json\/wp\/v2\/media\/9717"}],"wp:attachment":[{"href":"https:\/\/www.valaz.es\/fr\/wp-json\/wp\/v2\/media?parent=9751"}],"wp:term":[{"taxonomy":"product_brand","embeddable":true,"href":"https:\/\/www.valaz.es\/fr\/wp-json\/wp\/v2\/product_brand?post=9751"},{"taxonomy":"product_cat","embeddable":true,"href":"https:\/\/www.valaz.es\/fr\/wp-json\/wp\/v2\/product_cat?post=9751"},{"taxonomy":"product_tag","embeddable":true,"href":"https:\/\/www.valaz.es\/fr\/wp-json\/wp\/v2\/product_tag?post=9751"},{"taxonomy":"serie","embeddable":true,"href":"https:\/\/www.valaz.es\/fr\/wp-json\/wp\/v2\/serie?post=9751"},{"taxonomy":"manual-de-instalacion","embeddable":true,"href":"https:\/\/www.valaz.es\/fr\/wp-json\/wp\/v2\/manual-de-instalacion?post=9751"},{"taxonomy":"color","embeddable":true,"href":"https:\/\/www.valaz.es\/fr\/wp-json\/wp\/v2\/color?post=9751"}],"curies":[{"name":"wp","href":"https:\/\/api.w.org\/{rel}","templated":true}]}}