{"id":9569,"date":"2023-11-30T15:56:05","date_gmt":"2023-11-30T14:56:05","guid":{"rendered":"https:\/\/www.valaz.es\/?post_type=product&#038;p=9569"},"modified":"2026-04-03T18:13:20","modified_gmt":"2026-04-03T16:13:20","slug":"grifo-cocina-alto-extraible-monomando-oro-rosa-cepillado-serie-eufrates","status":"publish","type":"product","link":"https:\/\/www.valaz.es\/fr\/produit\/grifo-cocina-alto-extraible-monomando-oro-rosa-cepillado-serie-eufrates\/","title":{"rendered":"Grifo cocina alto extra\u00edble monomando oro rosa cepillado &#8211; Serie Eufrates"},"content":{"rendered":"<p class=\"\" data-start=\"82\" data-end=\"523\">Este grifo de cocina alto monomando extra\u00edble de la Serie Eufrates combina funcionalidad y estilo con su acabado en oro rosa cepillado. Perfecto para quienes buscan un toque elegante y moderno en su cocina, su dise\u00f1o alto y extra\u00edble facilita el uso en lavabos grandes y facilita la limpieza. Adem\u00e1s, su ca\u00f1o giratorio a 360\u00b0 permite un acceso completo al fregadero, haciendo de este grifo una opci\u00f3n c\u00f3moda y pr\u00e1ctica para cualquier cocina.<\/p>\n<p class=\"\" data-start=\"525\" data-end=\"540\"><strong data-start=\"525\" data-end=\"540\">Materiales:<\/strong><\/p>\n<ul data-start=\"542\" data-end=\"703\">\n<li class=\"\" data-start=\"542\" data-end=\"591\">\n<p class=\"\" data-start=\"544\" data-end=\"591\">Cuerpo de grifer\u00eda de lat\u00f3n oro rosa cepillado.<\/p>\n<\/li>\n<li class=\"\" data-start=\"592\" data-end=\"635\">\n<p class=\"\" data-start=\"594\" data-end=\"635\">Cartucho cer\u00e1mico \u00f8 35 mm con KTW \/ DVGW.<\/p>\n<\/li>\n<li class=\"\" data-start=\"636\" data-end=\"703\">\n<p class=\"\" data-start=\"638\" data-end=\"703\">Manguera de conexi\u00f3n de 3\/8\u201d + 1\/2&#8243; de acero inoxidable con DVGW.<\/p>\n<\/li>\n<\/ul>\n<p class=\"\" data-start=\"705\" data-end=\"726\"><strong data-start=\"705\" data-end=\"726\">Especificaciones:<\/strong><\/p>\n<ul data-start=\"728\" data-end=\"923\">\n<li class=\"\" data-start=\"728\" data-end=\"770\">\n<p class=\"\" data-start=\"730\" data-end=\"770\">Tipo de grifo: Monomando alto extra\u00edble.<\/p>\n<\/li>\n<li class=\"\" data-start=\"771\" data-end=\"801\">\n<p class=\"\" data-start=\"773\" data-end=\"801\">Acabado: Oro rosa cepillado.<\/p>\n<\/li>\n<li class=\"\" data-start=\"802\" data-end=\"846\">\n<p class=\"\" data-start=\"804\" data-end=\"846\">Cartucho: Cer\u00e1mico \u00f8 35 mm con KTW \/ DVGW.<\/p>\n<\/li>\n<li class=\"\" data-start=\"847\" data-end=\"900\">\n<p class=\"\" data-start=\"849\" data-end=\"900\">Conexi\u00f3n: 3\/8\u201d + 1\/2&#8243; de acero inoxidable con DVGW.<\/p>\n<\/li>\n<li class=\"\" data-start=\"901\" data-end=\"923\">\n<p class=\"\" data-start=\"903\" data-end=\"923\">Ca\u00f1o giratorio 360\u00b0.<\/p>\n<\/li>\n<\/ul>\n","protected":false},"excerpt":{"rendered":"<p>Este grifo de cocina alto monomando extra\u00edble de la Serie  [&#8230;]<\/p>\n","protected":false},"featured_media":9561,"template":"","meta":[],"product_brand":[],"product_cat":[50],"product_tag":[],"serie":[107],"manual-de-instalacion":[83],"color":[62],"class_list":{"0":"post-9569","1":"product","2":"type-product","3":"status-publish","4":"has-post-thumbnail","6":"product_cat-grifos-de-cocina","7":"serie-eufrate","8":"manual-de-instalacion-guia-instalacion-grifo-superficie","9":"color-oro-rosa","11":"first","12":"instock","13":"taxable","14":"shipping-taxable","15":"product-type-simple"},"_links":{"self":[{"href":"https:\/\/www.valaz.es\/fr\/wp-json\/wp\/v2\/product\/9569","targetHints":{"allow":["GET"]}}],"collection":[{"href":"https:\/\/www.valaz.es\/fr\/wp-json\/wp\/v2\/product"}],"about":[{"href":"https:\/\/www.valaz.es\/fr\/wp-json\/wp\/v2\/types\/product"}],"wp:featuredmedia":[{"embeddable":true,"href":"https:\/\/www.valaz.es\/fr\/wp-json\/wp\/v2\/media\/9561"}],"wp:attachment":[{"href":"https:\/\/www.valaz.es\/fr\/wp-json\/wp\/v2\/media?parent=9569"}],"wp:term":[{"taxonomy":"product_brand","embeddable":true,"href":"https:\/\/www.valaz.es\/fr\/wp-json\/wp\/v2\/product_brand?post=9569"},{"taxonomy":"product_cat","embeddable":true,"href":"https:\/\/www.valaz.es\/fr\/wp-json\/wp\/v2\/product_cat?post=9569"},{"taxonomy":"product_tag","embeddable":true,"href":"https:\/\/www.valaz.es\/fr\/wp-json\/wp\/v2\/product_tag?post=9569"},{"taxonomy":"serie","embeddable":true,"href":"https:\/\/www.valaz.es\/fr\/wp-json\/wp\/v2\/serie?post=9569"},{"taxonomy":"manual-de-instalacion","embeddable":true,"href":"https:\/\/www.valaz.es\/fr\/wp-json\/wp\/v2\/manual-de-instalacion?post=9569"},{"taxonomy":"color","embeddable":true,"href":"https:\/\/www.valaz.es\/fr\/wp-json\/wp\/v2\/color?post=9569"}],"curies":[{"name":"wp","href":"https:\/\/api.w.org\/{rel}","templated":true}]}}