{"id":9466,"date":"2023-11-23T15:31:00","date_gmt":"2023-11-23T14:31:00","guid":{"rendered":"https:\/\/www.valaz.es\/?post_type=product&#038;p=9466"},"modified":"2025-10-10T14:54:22","modified_gmt":"2025-10-10T12:54:22","slug":"valvula-click-clack-para-lavabo-o-bide-redondo-oro-claro-rosa-cepillado","status":"publish","type":"product","link":"https:\/\/www.valaz.es\/fr\/produit\/valvula-click-clack-para-lavabo-o-bide-redondo-oro-claro-rosa-cepillado\/","title":{"rendered":"V\u00e1lvula click clack para lavabo o bid\u00e9 redondo oro claro rosa cepillado"},"content":{"rendered":"<p class=\"\" data-start=\"78\" data-end=\"441\">Esta v\u00e1lvula click clack redonda en oro claro rosa cepillado es compatible con todo tipo de lavabos y bid\u00e9s, tanto con como sin rebosadero. Su dise\u00f1o elegante y discreto la convierte en el complemento ideal para lavabos modernos. El sistema de apertura y cierre est\u00e1 dise\u00f1ado para ofrecer una larga durabilidad, garantizando hasta 20.000 usos sin perder eficacia.<\/p>\n<p class=\"\" data-start=\"443\" data-end=\"464\"><strong data-start=\"443\" data-end=\"464\">Especificaciones:<\/strong><\/p>\n<ul data-start=\"466\" data-end=\"710\">\n<li class=\"\" data-start=\"466\" data-end=\"502\">\n<p class=\"\" data-start=\"468\" data-end=\"502\"><strong data-start=\"468\" data-end=\"487\">Tipo de v\u00e1lvula<\/strong>: Click clack<\/p>\n<\/li>\n<li class=\"\" data-start=\"503\" data-end=\"573\">\n<p class=\"\" data-start=\"505\" data-end=\"573\"><strong data-start=\"505\" data-end=\"523\">Compatibilidad<\/strong>: Apta para lavabos y bid\u00e9s con o sin rebosadero<\/p>\n<\/li>\n<li class=\"\" data-start=\"574\" data-end=\"597\">\n<p class=\"\" data-start=\"576\" data-end=\"597\"><strong data-start=\"576\" data-end=\"588\">Material<\/strong>: Lat\u00f3n<\/p>\n<\/li>\n<li class=\"\" data-start=\"598\" data-end=\"639\">\n<p class=\"\" data-start=\"600\" data-end=\"639\"><strong data-start=\"600\" data-end=\"611\">Acabado<\/strong>: Oro claro rosa cepillado<\/p>\n<\/li>\n<li class=\"\" data-start=\"640\" data-end=\"669\">\n<p class=\"\" data-start=\"642\" data-end=\"669\"><strong data-start=\"642\" data-end=\"660\">Rosca inferior<\/strong>: 1\u00a0 \u00a01\/4<\/p>\n<\/li>\n<li class=\"\" data-start=\"670\" data-end=\"710\">\n<p class=\"\" data-start=\"672\" data-end=\"710\"><strong data-start=\"672\" data-end=\"702\">Ciclos de uso garantizados<\/strong>: 20.000<\/p>\n<\/li>\n<\/ul>\n","protected":false},"excerpt":{"rendered":"<p>Esta v\u00e1lvula click clack redonda en oro claro rosa cepillado  [&#8230;]<\/p>\n","protected":false},"featured_media":16093,"template":"","meta":[],"product_brand":[],"product_cat":[387],"product_tag":[],"serie":[],"manual-de-instalacion":[],"color":[62],"class_list":{"0":"post-9466","1":"product","2":"type-product","3":"status-publish","4":"has-post-thumbnail","6":"product_cat-valvulas-y-sifones","7":"color-oro-rosa","9":"first","10":"outofstock","11":"taxable","12":"shipping-taxable","13":"product-type-simple"},"_links":{"self":[{"href":"https:\/\/www.valaz.es\/fr\/wp-json\/wp\/v2\/product\/9466","targetHints":{"allow":["GET"]}}],"collection":[{"href":"https:\/\/www.valaz.es\/fr\/wp-json\/wp\/v2\/product"}],"about":[{"href":"https:\/\/www.valaz.es\/fr\/wp-json\/wp\/v2\/types\/product"}],"wp:featuredmedia":[{"embeddable":true,"href":"https:\/\/www.valaz.es\/fr\/wp-json\/wp\/v2\/media\/16093"}],"wp:attachment":[{"href":"https:\/\/www.valaz.es\/fr\/wp-json\/wp\/v2\/media?parent=9466"}],"wp:term":[{"taxonomy":"product_brand","embeddable":true,"href":"https:\/\/www.valaz.es\/fr\/wp-json\/wp\/v2\/product_brand?post=9466"},{"taxonomy":"product_cat","embeddable":true,"href":"https:\/\/www.valaz.es\/fr\/wp-json\/wp\/v2\/product_cat?post=9466"},{"taxonomy":"product_tag","embeddable":true,"href":"https:\/\/www.valaz.es\/fr\/wp-json\/wp\/v2\/product_tag?post=9466"},{"taxonomy":"serie","embeddable":true,"href":"https:\/\/www.valaz.es\/fr\/wp-json\/wp\/v2\/serie?post=9466"},{"taxonomy":"manual-de-instalacion","embeddable":true,"href":"https:\/\/www.valaz.es\/fr\/wp-json\/wp\/v2\/manual-de-instalacion?post=9466"},{"taxonomy":"color","embeddable":true,"href":"https:\/\/www.valaz.es\/fr\/wp-json\/wp\/v2\/color?post=9466"}],"curies":[{"name":"wp","href":"https:\/\/api.w.org\/{rel}","templated":true}]}}