{"id":9210,"date":"2023-11-24T13:54:35","date_gmt":"2023-11-24T12:54:35","guid":{"rendered":"https:\/\/www.valaz.es\/?post_type=product&#038;p=9210"},"modified":"2025-07-02T17:17:47","modified_gmt":"2025-07-02T15:17:47","slug":"grifo-de-banera-exenta-redondo-con-cano-en-c-cromado-serie-serpis","status":"publish","type":"product","link":"https:\/\/www.valaz.es\/fr\/produit\/grifo-de-banera-exenta-redondo-con-cano-en-c-cromado-serie-serpis\/","title":{"rendered":"Grifo de ba\u00f1era exenta redondo con ca\u00f1o en c cromado &#8211; Serie Serpis"},"content":{"rendered":"<p class=\"\" data-start=\"179\" data-end=\"511\">Este grifo de ba\u00f1era exenta redondo con ca\u00f1o en C cromado de la Serie Serpis es la opci\u00f3n perfecta para aquellos que buscan elegancia y funcionalidad en su ba\u00f1o. Su dise\u00f1o de l\u00edneas modernas y acabado cromado proporcionan un toque de sofisticaci\u00f3n, mientras que el ca\u00f1o en C facilita el flujo de agua para un uso c\u00f3modo y eficiente.<\/p>\n<p class=\"\" data-start=\"513\" data-end=\"528\"><strong data-start=\"513\" data-end=\"528\">Materiales:<\/strong><\/p>\n<ul data-start=\"529\" data-end=\"600\">\n<li class=\"\" data-start=\"529\" data-end=\"570\">\n<p class=\"\" data-start=\"531\" data-end=\"570\"><strong>Cuerpo<\/strong>: lat\u00f3n cromado.<\/p>\n<\/li>\n<li class=\"\" data-start=\"529\" data-end=\"570\">\n<p class=\"\" data-start=\"531\" data-end=\"570\"><strong>Alcachofa de mano:<\/strong> PVC.<\/p>\n<\/li>\n<li class=\"\" data-start=\"571\" data-end=\"600\">\n<p class=\"\" data-start=\"573\" data-end=\"600\"><strong>Cartucho cer\u00e1mico:<\/strong> 35 mm.<\/p>\n<\/li>\n<li data-start=\"495\" data-end=\"535\"><strong>Flexo:<\/strong> Acero inoxidable<\/li>\n<\/ul>\n<p class=\"\" data-start=\"602\" data-end=\"623\"><strong data-start=\"602\" data-end=\"623\">Especificaciones:<\/strong><\/p>\n<ul data-start=\"624\" data-end=\"749\" data-is-last-node=\"\" data-is-only-node=\"\">\n<li class=\"\" data-start=\"624\" data-end=\"651\">\n<p class=\"\" data-start=\"626\" data-end=\"651\"><strong>Tipo de grifo:<\/strong> Monomando.<\/p>\n<\/li>\n<li class=\"\" data-start=\"652\" data-end=\"671\">\n<p class=\"\" data-start=\"654\" data-end=\"671\"><strong>Acabado:<\/strong> Cromado.<\/p>\n<\/li>\n<li class=\"\" data-start=\"672\" data-end=\"702\">\n<p class=\"\" data-start=\"674\" data-end=\"702\"><strong>Cartucho:<\/strong> Cer\u00e1mico de 35 mm.<\/p>\n<\/li>\n<li class=\"\" data-start=\"703\" data-end=\"720\">\n<p class=\"\" data-start=\"705\" data-end=\"720\"><strong>Conexi\u00f3n:<\/strong> 1\/2\u201d.<\/p>\n<\/li>\n<li class=\"\" data-start=\"721\" data-end=\"749\">\n<p class=\"\" data-start=\"723\" data-end=\"749\"><strong>Latiguillos:<\/strong> 3\/8 incluidos.<\/p>\n<\/li>\n<\/ul>\n","protected":false},"excerpt":{"rendered":"<p>Este grifo de ba\u00f1era exenta redondo con ca\u00f1o en C  [&#8230;]<\/p>\n","protected":false},"featured_media":9489,"template":"","meta":[],"product_brand":[],"product_cat":[49],"product_tag":[],"serie":[375],"manual-de-instalacion":[84],"color":[26],"class_list":{"0":"post-9210","1":"product","2":"type-product","3":"status-publish","4":"has-post-thumbnail","6":"product_cat-grifos-de-banera-exenta","7":"serie-serpis","8":"manual-de-instalacion-guia-instalacion-grifo-exenta","9":"color-cromo","11":"first","12":"instock","13":"taxable","14":"shipping-taxable","15":"product-type-simple"},"_links":{"self":[{"href":"https:\/\/www.valaz.es\/fr\/wp-json\/wp\/v2\/product\/9210","targetHints":{"allow":["GET"]}}],"collection":[{"href":"https:\/\/www.valaz.es\/fr\/wp-json\/wp\/v2\/product"}],"about":[{"href":"https:\/\/www.valaz.es\/fr\/wp-json\/wp\/v2\/types\/product"}],"wp:featuredmedia":[{"embeddable":true,"href":"https:\/\/www.valaz.es\/fr\/wp-json\/wp\/v2\/media\/9489"}],"wp:attachment":[{"href":"https:\/\/www.valaz.es\/fr\/wp-json\/wp\/v2\/media?parent=9210"}],"wp:term":[{"taxonomy":"product_brand","embeddable":true,"href":"https:\/\/www.valaz.es\/fr\/wp-json\/wp\/v2\/product_brand?post=9210"},{"taxonomy":"product_cat","embeddable":true,"href":"https:\/\/www.valaz.es\/fr\/wp-json\/wp\/v2\/product_cat?post=9210"},{"taxonomy":"product_tag","embeddable":true,"href":"https:\/\/www.valaz.es\/fr\/wp-json\/wp\/v2\/product_tag?post=9210"},{"taxonomy":"serie","embeddable":true,"href":"https:\/\/www.valaz.es\/fr\/wp-json\/wp\/v2\/serie?post=9210"},{"taxonomy":"manual-de-instalacion","embeddable":true,"href":"https:\/\/www.valaz.es\/fr\/wp-json\/wp\/v2\/manual-de-instalacion?post=9210"},{"taxonomy":"color","embeddable":true,"href":"https:\/\/www.valaz.es\/fr\/wp-json\/wp\/v2\/color?post=9210"}],"curies":[{"name":"wp","href":"https:\/\/api.w.org\/{rel}","templated":true}]}}