{"id":8860,"date":"2022-11-14T17:20:59","date_gmt":"2022-11-14T16:20:59","guid":{"rendered":"https:\/\/www.valaz.es\/producto\/accessoires-de-salle-de-bain-dore-brosse-porte-serviettes-cintre-porte-rouleau\/"},"modified":"2022-11-14T17:20:59","modified_gmt":"2022-11-14T16:20:59","slug":"accesorios-de-bano-en-dorado-cepillado-toallero-percha-portarollos","status":"publish","type":"product","link":"https:\/\/www.valaz.es\/fr\/produit\/accesorios-de-bano-en-dorado-cepillado-toallero-percha-portarollos\/","title":{"rendered":"Accessoires de salle de bain dor\u00e9 bross\u00e9: porte-serviettes+ Cintre+ Porte-rouleau"},"content":{"rendered":"<p>Accessoires de salle de bain or rose: porte-serviettes+ Cintre+ Porte-rouleau<\/p>\n<p>Pouvez choisir si vous voulez 1,2 ou 3 cintres<\/p>\n<p>La dimension du porte-serviettes est de 30 cm \u00e0 l&#8217;ext\u00e9rieur et 25 cm \u00e0 l&#8217;int\u00e9rieur<\/p>\n","protected":false},"excerpt":{"rendered":"<p>Accessoires de salle de bain or rose: porte-serviettes+ Cintre+ Porte-rouleau  [&#8230;]<\/p>\n","protected":false},"featured_media":2532,"template":"","meta":[],"product_brand":[],"product_cat":[],"product_tag":[],"serie":[],"manual-de-instalacion":[],"color":[297],"class_list":{"0":"post-8860","1":"product","2":"type-product","3":"status-publish","4":"has-post-thumbnail","6":"color-dorado-cepillado-fr","8":"first","9":"instock","10":"taxable","11":"shipping-taxable","12":"product-type-variable"},"_links":{"self":[{"href":"https:\/\/www.valaz.es\/fr\/wp-json\/wp\/v2\/product\/8860","targetHints":{"allow":["GET"]}}],"collection":[{"href":"https:\/\/www.valaz.es\/fr\/wp-json\/wp\/v2\/product"}],"about":[{"href":"https:\/\/www.valaz.es\/fr\/wp-json\/wp\/v2\/types\/product"}],"wp:featuredmedia":[{"embeddable":true,"href":"https:\/\/www.valaz.es\/fr\/wp-json\/wp\/v2\/media\/2532"}],"wp:attachment":[{"href":"https:\/\/www.valaz.es\/fr\/wp-json\/wp\/v2\/media?parent=8860"}],"wp:term":[{"taxonomy":"product_brand","embeddable":true,"href":"https:\/\/www.valaz.es\/fr\/wp-json\/wp\/v2\/product_brand?post=8860"},{"taxonomy":"product_cat","embeddable":true,"href":"https:\/\/www.valaz.es\/fr\/wp-json\/wp\/v2\/product_cat?post=8860"},{"taxonomy":"product_tag","embeddable":true,"href":"https:\/\/www.valaz.es\/fr\/wp-json\/wp\/v2\/product_tag?post=8860"},{"taxonomy":"serie","embeddable":true,"href":"https:\/\/www.valaz.es\/fr\/wp-json\/wp\/v2\/serie?post=8860"},{"taxonomy":"manual-de-instalacion","embeddable":true,"href":"https:\/\/www.valaz.es\/fr\/wp-json\/wp\/v2\/manual-de-instalacion?post=8860"},{"taxonomy":"color","embeddable":true,"href":"https:\/\/www.valaz.es\/fr\/wp-json\/wp\/v2\/color?post=8860"}],"curies":[{"name":"wp","href":"https:\/\/api.w.org\/{rel}","templated":true}]}}