{"id":8857,"date":"2023-09-15T08:55:17","date_gmt":"2023-09-15T06:55:17","guid":{"rendered":"https:\/\/www.valaz.es\/producto\/robinet-de-lavabo-encastre-rond-dore-brosse-avec-ouverture-eau-froide-au-centre-serie-selva\/"},"modified":"2023-09-15T08:55:17","modified_gmt":"2023-09-15T06:55:17","slug":"grifo-lavabo-empotrado-redondo-monomando-dorado-cepillado-con-apertura-agua-fria-serie-selva","status":"publish","type":"product","link":"https:\/\/www.valaz.es\/fr\/produit\/grifo-lavabo-empotrado-redondo-monomando-dorado-cepillado-con-apertura-agua-fria-serie-selva\/","title":{"rendered":"Robinet de lavabo encastr\u00e9 rond dor\u00e9 bross\u00e9 avec ouverture eau froide au centre Serie Selva"},"content":{"rendered":"<p>Comprend : Corps du robinet en laiton, cartouche en c\u00e9ramique, mitigeur eau chaude et froide. Ca\u00f1o de 21cm.<\/p>\n<p><span class=\"a-list-item\">Finition: Or mat\/dor\u00e9 bross\u00e9<\/span><\/p>\n","protected":false},"excerpt":{"rendered":"<p>Comprend : Corps du robinet en laiton, cartouche en c\u00e9ramique,  [&#8230;]<\/p>\n","protected":false},"featured_media":8205,"template":"","meta":[],"product_brand":[],"product_cat":[273],"product_tag":[],"serie":[367],"manual-de-instalacion":[217],"color":[355],"class_list":{"0":"post-8857","1":"product","2":"type-product","3":"status-publish","4":"has-post-thumbnail","6":"product_cat-robinets-de-bassin-integres","7":"serie-selva-fr","8":"manual-de-instalacion-guia-instalacion-grifo-lavabo-empotrado-sin-caja-fr","9":"color-oro-mate-cepillado-fr","11":"first","12":"instock","13":"taxable","14":"shipping-taxable","15":"product-type-simple"},"_links":{"self":[{"href":"https:\/\/www.valaz.es\/fr\/wp-json\/wp\/v2\/product\/8857","targetHints":{"allow":["GET"]}}],"collection":[{"href":"https:\/\/www.valaz.es\/fr\/wp-json\/wp\/v2\/product"}],"about":[{"href":"https:\/\/www.valaz.es\/fr\/wp-json\/wp\/v2\/types\/product"}],"wp:featuredmedia":[{"embeddable":true,"href":"https:\/\/www.valaz.es\/fr\/wp-json\/wp\/v2\/media\/8205"}],"wp:attachment":[{"href":"https:\/\/www.valaz.es\/fr\/wp-json\/wp\/v2\/media?parent=8857"}],"wp:term":[{"taxonomy":"product_brand","embeddable":true,"href":"https:\/\/www.valaz.es\/fr\/wp-json\/wp\/v2\/product_brand?post=8857"},{"taxonomy":"product_cat","embeddable":true,"href":"https:\/\/www.valaz.es\/fr\/wp-json\/wp\/v2\/product_cat?post=8857"},{"taxonomy":"product_tag","embeddable":true,"href":"https:\/\/www.valaz.es\/fr\/wp-json\/wp\/v2\/product_tag?post=8857"},{"taxonomy":"serie","embeddable":true,"href":"https:\/\/www.valaz.es\/fr\/wp-json\/wp\/v2\/serie?post=8857"},{"taxonomy":"manual-de-instalacion","embeddable":true,"href":"https:\/\/www.valaz.es\/fr\/wp-json\/wp\/v2\/manual-de-instalacion?post=8857"},{"taxonomy":"color","embeddable":true,"href":"https:\/\/www.valaz.es\/fr\/wp-json\/wp\/v2\/color?post=8857"}],"curies":[{"name":"wp","href":"https:\/\/api.w.org\/{rel}","templated":true}]}}