{"id":8849,"date":"2023-08-30T13:44:43","date_gmt":"2023-08-30T11:44:43","guid":{"rendered":"https:\/\/www.valaz.es\/producto\/robinet-de-cuisine-a-3-voies-systeme-osmose-vintage-chrome-serie-orinoco\/"},"modified":"2023-08-30T13:44:43","modified_gmt":"2023-08-30T11:44:43","slug":"grifo-de-cocina-osmosis-3-vias-diseno-vintage-cromado-serie-orinoco","status":"publish","type":"product","link":"https:\/\/www.valaz.es\/fr\/produit\/grifo-de-cocina-osmosis-3-vias-diseno-vintage-cromado-serie-orinoco\/","title":{"rendered":"Robinet de cuisine \u00e0 3 voies syst\u00e8me osmose vintage chrom\u00e9 serie Orinoco"},"content":{"rendered":"<p>Mitigeur de cuisine avec osmose eau froide et chaude.<\/p>\n<p>Corps du robinet laiton.<\/p>\n<p>Cartouche \u00f8 35 mm avec KTW \/ DVGW.<\/p>\n<p>Taytau de connexion de 3\/8 \u201d + 1\/2\u2033 en acier inoxydable avec DVGW<\/p>\n<p>Rotatif 360\u00ba<\/p>\n","protected":false},"excerpt":{"rendered":"<p>Mitigeur de cuisine avec osmose eau froide et chaude. Corps  [&#8230;]<\/p>\n","protected":false},"featured_media":6935,"template":"","meta":[],"product_brand":[],"product_cat":[277],"product_tag":[],"serie":[365],"manual-de-instalacion":[210],"color":[293],"class_list":{"0":"post-8849","1":"product","2":"type-product","3":"status-publish","4":"has-post-thumbnail","6":"product_cat-robinets-de-cuisine","7":"serie-orinoco-fr","8":"manual-de-instalacion-guia-instalacion-cocina-extraible-fr","9":"color-cromo-fr","11":"first","12":"instock","13":"taxable","14":"shipping-taxable","15":"product-type-simple"},"_links":{"self":[{"href":"https:\/\/www.valaz.es\/fr\/wp-json\/wp\/v2\/product\/8849","targetHints":{"allow":["GET"]}}],"collection":[{"href":"https:\/\/www.valaz.es\/fr\/wp-json\/wp\/v2\/product"}],"about":[{"href":"https:\/\/www.valaz.es\/fr\/wp-json\/wp\/v2\/types\/product"}],"wp:featuredmedia":[{"embeddable":true,"href":"https:\/\/www.valaz.es\/fr\/wp-json\/wp\/v2\/media\/6935"}],"wp:attachment":[{"href":"https:\/\/www.valaz.es\/fr\/wp-json\/wp\/v2\/media?parent=8849"}],"wp:term":[{"taxonomy":"product_brand","embeddable":true,"href":"https:\/\/www.valaz.es\/fr\/wp-json\/wp\/v2\/product_brand?post=8849"},{"taxonomy":"product_cat","embeddable":true,"href":"https:\/\/www.valaz.es\/fr\/wp-json\/wp\/v2\/product_cat?post=8849"},{"taxonomy":"product_tag","embeddable":true,"href":"https:\/\/www.valaz.es\/fr\/wp-json\/wp\/v2\/product_tag?post=8849"},{"taxonomy":"serie","embeddable":true,"href":"https:\/\/www.valaz.es\/fr\/wp-json\/wp\/v2\/serie?post=8849"},{"taxonomy":"manual-de-instalacion","embeddable":true,"href":"https:\/\/www.valaz.es\/fr\/wp-json\/wp\/v2\/manual-de-instalacion?post=8849"},{"taxonomy":"color","embeddable":true,"href":"https:\/\/www.valaz.es\/fr\/wp-json\/wp\/v2\/color?post=8849"}],"curies":[{"name":"wp","href":"https:\/\/api.w.org\/{rel}","templated":true}]}}