{"id":8847,"date":"2023-09-01T12:10:54","date_gmt":"2023-09-01T10:10:54","guid":{"rendered":"https:\/\/www.valaz.es\/producto\/robinet-pour-vasque-a-poser-or-mat-avec-ouverture-eau-froide-au-centre-dore-brosse-bec-droit-serie-nansa\/"},"modified":"2023-09-01T12:10:54","modified_gmt":"2023-09-01T10:10:54","slug":"grifo-de-lavabo-alto-dorado-cepillado-con-apertura-en-agua-fria-monomando-cano-recto-serie-nansa","status":"publish","type":"product","link":"https:\/\/www.valaz.es\/fr\/produit\/grifo-de-lavabo-alto-dorado-cepillado-con-apertura-en-agua-fria-monomando-cano-recto-serie-nansa\/","title":{"rendered":"Robinet pour vasque \u00e0 poser or mat avec ouverture eau froide au centre dor\u00e9 bross\u00e9 bec droit serie Nansa"},"content":{"rendered":"<p>Monocommande pour vasque \u00e0 poser avec ouverture en eau froid au centre.<br \/>\nCouleur or rose bross\u00e9<br \/>\nCartouche c\u00e9ramique de 35 mm.<br \/>\nFlexible d&#8217;alimentation 3\/8 compris<\/p>\n","protected":false},"excerpt":{"rendered":"<p>Monocommande pour vasque \u00e0 poser avec ouverture en eau froid  [&#8230;]<\/p>\n","protected":false},"featured_media":11629,"template":"","meta":[],"product_brand":[],"product_cat":[276],"product_tag":[],"serie":[364],"manual-de-instalacion":[216],"color":[355],"class_list":{"0":"post-8847","1":"product","2":"type-product","3":"status-publish","4":"has-post-thumbnail","6":"product_cat-robinets-de-bassin","7":"serie-nansa-fr","8":"manual-de-instalacion-guia-instalacion-grifo-superficie-fr","9":"color-oro-mate-cepillado-fr","11":"first","12":"outofstock","13":"taxable","14":"shipping-taxable","15":"product-type-simple"},"_links":{"self":[{"href":"https:\/\/www.valaz.es\/fr\/wp-json\/wp\/v2\/product\/8847","targetHints":{"allow":["GET"]}}],"collection":[{"href":"https:\/\/www.valaz.es\/fr\/wp-json\/wp\/v2\/product"}],"about":[{"href":"https:\/\/www.valaz.es\/fr\/wp-json\/wp\/v2\/types\/product"}],"wp:featuredmedia":[{"embeddable":true,"href":"https:\/\/www.valaz.es\/fr\/wp-json\/wp\/v2\/media\/11629"}],"wp:attachment":[{"href":"https:\/\/www.valaz.es\/fr\/wp-json\/wp\/v2\/media?parent=8847"}],"wp:term":[{"taxonomy":"product_brand","embeddable":true,"href":"https:\/\/www.valaz.es\/fr\/wp-json\/wp\/v2\/product_brand?post=8847"},{"taxonomy":"product_cat","embeddable":true,"href":"https:\/\/www.valaz.es\/fr\/wp-json\/wp\/v2\/product_cat?post=8847"},{"taxonomy":"product_tag","embeddable":true,"href":"https:\/\/www.valaz.es\/fr\/wp-json\/wp\/v2\/product_tag?post=8847"},{"taxonomy":"serie","embeddable":true,"href":"https:\/\/www.valaz.es\/fr\/wp-json\/wp\/v2\/serie?post=8847"},{"taxonomy":"manual-de-instalacion","embeddable":true,"href":"https:\/\/www.valaz.es\/fr\/wp-json\/wp\/v2\/manual-de-instalacion?post=8847"},{"taxonomy":"color","embeddable":true,"href":"https:\/\/www.valaz.es\/fr\/wp-json\/wp\/v2\/color?post=8847"}],"curies":[{"name":"wp","href":"https:\/\/api.w.org\/{rel}","templated":true}]}}