{"id":8836,"date":"2023-09-15T08:54:04","date_gmt":"2023-09-15T06:54:04","guid":{"rendered":"https:\/\/www.valaz.es\/producto\/robinet-pour-lavabo-encastre-rond-chrome-bec-fin-et-fixe-serie-deva\/"},"modified":"2023-09-15T08:54:04","modified_gmt":"2023-09-15T06:54:04","slug":"grifo-lavabo-empotrado-redondo-monomando-cromado-cano-fino-y-fijo-serie-deva","status":"publish","type":"product","link":"https:\/\/www.valaz.es\/fr\/produit\/grifo-lavabo-empotrado-redondo-monomando-cromado-cano-fino-y-fijo-serie-deva\/","title":{"rendered":"Robinet pour lavabo encastr\u00e9 rond chrom\u00e9 bec fin et fixe serie Deva"},"content":{"rendered":"<p>Comprend : Corps du robinet en laiton, cartouche en c\u00e9ramique, mitigeur eau chaude et froide. Bec 21 cm.<\/p>\n<p><span class=\"a-list-item\">Finitions: chrom\u00e9<\/span><\/p>\n","protected":false},"excerpt":{"rendered":"<p>Comprend : Corps du robinet en laiton, cartouche en c\u00e9ramique,  [&#8230;]<\/p>\n","protected":false},"featured_media":20558,"template":"","meta":[],"product_brand":[],"product_cat":[273],"product_tag":[],"serie":[361],"manual-de-instalacion":[217],"color":[293],"class_list":{"0":"post-8836","1":"product","2":"type-product","3":"status-publish","4":"has-post-thumbnail","6":"product_cat-robinets-de-bassin-integres","7":"serie-deva-fr","8":"manual-de-instalacion-guia-instalacion-grifo-lavabo-empotrado-sin-caja-fr","9":"color-cromo-fr","11":"first","12":"instock","13":"taxable","14":"shipping-taxable","15":"product-type-simple"},"_links":{"self":[{"href":"https:\/\/www.valaz.es\/fr\/wp-json\/wp\/v2\/product\/8836","targetHints":{"allow":["GET"]}}],"collection":[{"href":"https:\/\/www.valaz.es\/fr\/wp-json\/wp\/v2\/product"}],"about":[{"href":"https:\/\/www.valaz.es\/fr\/wp-json\/wp\/v2\/types\/product"}],"wp:featuredmedia":[{"embeddable":true,"href":"https:\/\/www.valaz.es\/fr\/wp-json\/wp\/v2\/media\/20558"}],"wp:attachment":[{"href":"https:\/\/www.valaz.es\/fr\/wp-json\/wp\/v2\/media?parent=8836"}],"wp:term":[{"taxonomy":"product_brand","embeddable":true,"href":"https:\/\/www.valaz.es\/fr\/wp-json\/wp\/v2\/product_brand?post=8836"},{"taxonomy":"product_cat","embeddable":true,"href":"https:\/\/www.valaz.es\/fr\/wp-json\/wp\/v2\/product_cat?post=8836"},{"taxonomy":"product_tag","embeddable":true,"href":"https:\/\/www.valaz.es\/fr\/wp-json\/wp\/v2\/product_tag?post=8836"},{"taxonomy":"serie","embeddable":true,"href":"https:\/\/www.valaz.es\/fr\/wp-json\/wp\/v2\/serie?post=8836"},{"taxonomy":"manual-de-instalacion","embeddable":true,"href":"https:\/\/www.valaz.es\/fr\/wp-json\/wp\/v2\/manual-de-instalacion?post=8836"},{"taxonomy":"color","embeddable":true,"href":"https:\/\/www.valaz.es\/fr\/wp-json\/wp\/v2\/color?post=8836"}],"curies":[{"name":"wp","href":"https:\/\/api.w.org\/{rel}","templated":true}]}}