{"id":8789,"date":"2023-09-19T17:01:04","date_gmt":"2023-09-19T15:01:04","guid":{"rendered":"https:\/\/www.valaz.es\/producto\/mitigeur-pour-bidet-or-mat-bec-droit-avec-poignee-luxury-dore-brosse-serie-bidasoa\/"},"modified":"2023-09-19T17:01:04","modified_gmt":"2023-09-19T15:01:04","slug":"grifo-de-bide-monomando-oro-mate-cano-recto-maneta-luxury-dorado-cepillado-serie-bidasoa","status":"publish","type":"product","link":"https:\/\/www.valaz.es\/fr\/produit\/grifo-de-bide-monomando-oro-mate-cano-recto-maneta-luxury-dorado-cepillado-serie-bidasoa\/","title":{"rendered":"Mitigeur pour bidet or mat bec droit avec poign\u00e9e luxury dor\u00e9 bross\u00e9 Serie Bidasoa"},"content":{"rendered":"<p>Mitigeur pour bidet<\/p>\n<p>Corps du robinet or mat\/dor\u00e9 bross\u00e9<br \/>\nCartouche c\u00e9ramique de 35 mm.<br \/>\nFlexible d&#8217;alimentation 3\/8<\/p>\n","protected":false},"excerpt":{"rendered":"<p>Mitigeur pour bidet Corps du robinet or mat\/dor\u00e9 bross\u00e9 Cartouche  [&#8230;]<\/p>\n","protected":false},"featured_media":8344,"template":"","meta":[],"product_brand":[],"product_cat":[267],"product_tag":[],"serie":[359],"manual-de-instalacion":[216],"color":[355],"class_list":{"0":"post-8789","1":"product","2":"type-product","3":"status-publish","4":"has-post-thumbnail","6":"product_cat-robinets-de-bidet","7":"serie-bidasoa-fr","8":"manual-de-instalacion-guia-instalacion-grifo-superficie-fr","9":"color-oro-mate-cepillado-fr","11":"first","12":"instock","13":"taxable","14":"shipping-taxable","15":"product-type-simple"},"_links":{"self":[{"href":"https:\/\/www.valaz.es\/fr\/wp-json\/wp\/v2\/product\/8789","targetHints":{"allow":["GET"]}}],"collection":[{"href":"https:\/\/www.valaz.es\/fr\/wp-json\/wp\/v2\/product"}],"about":[{"href":"https:\/\/www.valaz.es\/fr\/wp-json\/wp\/v2\/types\/product"}],"wp:featuredmedia":[{"embeddable":true,"href":"https:\/\/www.valaz.es\/fr\/wp-json\/wp\/v2\/media\/8344"}],"wp:attachment":[{"href":"https:\/\/www.valaz.es\/fr\/wp-json\/wp\/v2\/media?parent=8789"}],"wp:term":[{"taxonomy":"product_brand","embeddable":true,"href":"https:\/\/www.valaz.es\/fr\/wp-json\/wp\/v2\/product_brand?post=8789"},{"taxonomy":"product_cat","embeddable":true,"href":"https:\/\/www.valaz.es\/fr\/wp-json\/wp\/v2\/product_cat?post=8789"},{"taxonomy":"product_tag","embeddable":true,"href":"https:\/\/www.valaz.es\/fr\/wp-json\/wp\/v2\/product_tag?post=8789"},{"taxonomy":"serie","embeddable":true,"href":"https:\/\/www.valaz.es\/fr\/wp-json\/wp\/v2\/serie?post=8789"},{"taxonomy":"manual-de-instalacion","embeddable":true,"href":"https:\/\/www.valaz.es\/fr\/wp-json\/wp\/v2\/manual-de-instalacion?post=8789"},{"taxonomy":"color","embeddable":true,"href":"https:\/\/www.valaz.es\/fr\/wp-json\/wp\/v2\/color?post=8789"}],"curies":[{"name":"wp","href":"https:\/\/api.w.org\/{rel}","templated":true}]}}