{"id":8781,"date":"2023-09-19T16:59:35","date_gmt":"2023-09-19T14:59:35","guid":{"rendered":"https:\/\/www.valaz.es\/producto\/mitigeur-pour-lavabo-bec-droit-or-mat-avec-poignee-luxury-dore-brosse-serie-bidasoa\/"},"modified":"2023-09-19T16:59:35","modified_gmt":"2023-09-19T14:59:35","slug":"grifo-de-lavabo-monomando-oro-mate-cano-recto-maneta-luxury-dorado-cepillado-serie-bidasoa","status":"publish","type":"product","link":"https:\/\/www.valaz.es\/fr\/produit\/grifo-de-lavabo-monomando-oro-mate-cano-recto-maneta-luxury-dorado-cepillado-serie-bidasoa\/","title":{"rendered":"Mitigeur pour lavabo bec droit or mat avec poign\u00e9e luxury dor\u00e9 bross\u00e9 serie Bidasoa"},"content":{"rendered":"<div class=\"descripcion\">\n<p>Mitigeur pour lavabo<br \/>\nCorps du robinet laiton or mat\/dor\u00e9 bross\u00e9<br \/>\nCartouche c\u00e9ramique de 35 mm.<br \/>\nFlexible d&#8217;alimentation 3\/8<\/p>\n<\/div>\n<div class=\"solicita-info\"><\/div>\n","protected":false},"excerpt":{"rendered":"<p>Mitigeur pour lavabo Corps du robinet laiton or mat\/dor\u00e9 bross\u00e9  [&#8230;]<\/p>\n","protected":false},"featured_media":8332,"template":"","meta":[],"product_brand":[],"product_cat":[276],"product_tag":[],"serie":[359],"manual-de-instalacion":[216],"color":[355],"class_list":{"0":"post-8781","1":"product","2":"type-product","3":"status-publish","4":"has-post-thumbnail","6":"product_cat-robinets-de-bassin","7":"serie-bidasoa-fr","8":"manual-de-instalacion-guia-instalacion-grifo-superficie-fr","9":"color-oro-mate-cepillado-fr","11":"first","12":"instock","13":"taxable","14":"shipping-taxable","15":"product-type-simple"},"_links":{"self":[{"href":"https:\/\/www.valaz.es\/fr\/wp-json\/wp\/v2\/product\/8781","targetHints":{"allow":["GET"]}}],"collection":[{"href":"https:\/\/www.valaz.es\/fr\/wp-json\/wp\/v2\/product"}],"about":[{"href":"https:\/\/www.valaz.es\/fr\/wp-json\/wp\/v2\/types\/product"}],"wp:featuredmedia":[{"embeddable":true,"href":"https:\/\/www.valaz.es\/fr\/wp-json\/wp\/v2\/media\/8332"}],"wp:attachment":[{"href":"https:\/\/www.valaz.es\/fr\/wp-json\/wp\/v2\/media?parent=8781"}],"wp:term":[{"taxonomy":"product_brand","embeddable":true,"href":"https:\/\/www.valaz.es\/fr\/wp-json\/wp\/v2\/product_brand?post=8781"},{"taxonomy":"product_cat","embeddable":true,"href":"https:\/\/www.valaz.es\/fr\/wp-json\/wp\/v2\/product_cat?post=8781"},{"taxonomy":"product_tag","embeddable":true,"href":"https:\/\/www.valaz.es\/fr\/wp-json\/wp\/v2\/product_tag?post=8781"},{"taxonomy":"serie","embeddable":true,"href":"https:\/\/www.valaz.es\/fr\/wp-json\/wp\/v2\/serie?post=8781"},{"taxonomy":"manual-de-instalacion","embeddable":true,"href":"https:\/\/www.valaz.es\/fr\/wp-json\/wp\/v2\/manual-de-instalacion?post=8781"},{"taxonomy":"color","embeddable":true,"href":"https:\/\/www.valaz.es\/fr\/wp-json\/wp\/v2\/color?post=8781"}],"curies":[{"name":"wp","href":"https:\/\/api.w.org\/{rel}","templated":true}]}}