{"id":8775,"date":"2023-09-15T09:16:37","date_gmt":"2023-09-15T07:16:37","guid":{"rendered":"https:\/\/www.valaz.es\/producto\/douche-encastre-rond-or-mat-poignee-luxury-dore-brosse-serie-besaya\/"},"modified":"2023-09-15T09:16:37","modified_gmt":"2023-09-15T07:16:37","slug":"ducha-empotrada-monomando-techo-redonda-maneta-luxury-dorada-cepillada-serie-besaya","status":"publish","type":"product","link":"https:\/\/www.valaz.es\/fr\/produit\/ducha-empotrada-monomando-techo-redonda-maneta-luxury-dorada-cepillada-serie-besaya\/","title":{"rendered":"Douche encastr\u00e9 rond or mat poign\u00e9e luxury dor\u00e9 bross\u00e9 Serie Besaya"},"content":{"rendered":"<p>Comprend: pommeau de douche en 20,25 et 30 cm avec support au plafond, 2 voies (pommeau effet pluie et douchette) flexible 150cm<\/p>\n<p>Mat\u00e9riaux: Pommeau de douche en acier inoxydable, mitigeur en laiton, douchette en PVC et flexible en acier inoxydable.<\/p>\n<p>Finition: or mat\/ dor\u00e9 bross\u00e9<\/p>\n<p>Fonctions: Douche avec fonction effet pluie et douchette.<\/p>\n","protected":false},"excerpt":{"rendered":"<p>Comprend: pommeau de douche en 20,25 et 30 cm avec  [&#8230;]<\/p>\n","protected":false},"featured_media":12582,"template":"","meta":[],"product_brand":[],"product_cat":[262],"product_tag":[],"serie":[358],"manual-de-instalacion":[227],"color":[355],"class_list":{"0":"post-8775","1":"product","2":"type-product","3":"status-publish","4":"has-post-thumbnail","6":"product_cat-douches-a-litalienne","7":"pa_tamano-rociador-20cm-fr","8":"pa_tamano-rociador-25cm-fr","9":"pa_tamano-rociador-30cm-fr","10":"serie-besaya-fr","11":"manual-de-instalacion-guia-instalacion-duchas-empotradas-monomando-fr","12":"color-oro-mate-cepillado-fr","14":"first","15":"instock","16":"taxable","17":"shipping-taxable","18":"product-type-variable"},"_links":{"self":[{"href":"https:\/\/www.valaz.es\/fr\/wp-json\/wp\/v2\/product\/8775","targetHints":{"allow":["GET"]}}],"collection":[{"href":"https:\/\/www.valaz.es\/fr\/wp-json\/wp\/v2\/product"}],"about":[{"href":"https:\/\/www.valaz.es\/fr\/wp-json\/wp\/v2\/types\/product"}],"wp:featuredmedia":[{"embeddable":true,"href":"https:\/\/www.valaz.es\/fr\/wp-json\/wp\/v2\/media\/12582"}],"wp:attachment":[{"href":"https:\/\/www.valaz.es\/fr\/wp-json\/wp\/v2\/media?parent=8775"}],"wp:term":[{"taxonomy":"product_brand","embeddable":true,"href":"https:\/\/www.valaz.es\/fr\/wp-json\/wp\/v2\/product_brand?post=8775"},{"taxonomy":"product_cat","embeddable":true,"href":"https:\/\/www.valaz.es\/fr\/wp-json\/wp\/v2\/product_cat?post=8775"},{"taxonomy":"product_tag","embeddable":true,"href":"https:\/\/www.valaz.es\/fr\/wp-json\/wp\/v2\/product_tag?post=8775"},{"taxonomy":"serie","embeddable":true,"href":"https:\/\/www.valaz.es\/fr\/wp-json\/wp\/v2\/serie?post=8775"},{"taxonomy":"manual-de-instalacion","embeddable":true,"href":"https:\/\/www.valaz.es\/fr\/wp-json\/wp\/v2\/manual-de-instalacion?post=8775"},{"taxonomy":"color","embeddable":true,"href":"https:\/\/www.valaz.es\/fr\/wp-json\/wp\/v2\/color?post=8775"}],"curies":[{"name":"wp","href":"https:\/\/api.w.org\/{rel}","templated":true}]}}