{"id":877,"date":"2022-11-14T17:25:31","date_gmt":"2022-11-14T16:25:31","guid":{"rendered":"https:\/\/www.valaz.es\/?post_type=product&#038;p=877"},"modified":"2026-04-02T09:23:09","modified_gmt":"2026-04-02T07:23:09","slug":"accesorios-de-bano-cuadrados-en-negro-mate-toallero-percha-portarollos","status":"publish","type":"product","link":"https:\/\/www.valaz.es\/fr\/produit\/accesorios-de-bano-cuadrados-en-negro-mate-toallero-percha-portarollos\/","title":{"rendered":"Accesorios de ba\u00f1o cuadrados en negro mate Toallero+ Percha+ Portarollos"},"content":{"rendered":"<p class=\"\" data-start=\"506\" data-end=\"769\">Este set de accesorios de ba\u00f1o cuadrados en negro mate es la elecci\u00f3n perfecta para quienes desean un ba\u00f1o moderno, funcional y con una est\u00e9tica uniforme. Con un dise\u00f1o minimalista y acabados definidos, cada pieza ha sido creada para ofrecer durabilidad y estilo.<\/p>\n<p class=\"\" data-start=\"771\" data-end=\"1095\">El conjunto incluye un toallero, un portarollos y una percha, todos fabricados en acero inoxidable SUS304, un material resistente a la humedad, la corrosi\u00f3n y el uso diario. Gracias a su forma cuadrada, estos accesorios se integran perfectamente en ambientes contempor\u00e1neos y aportan un aire sofisticado al espacio del ba\u00f1o.<\/p>\n<p class=\"\" data-start=\"1097\" data-end=\"1355\">El acabado negro mate no solo es elegante, sino tambi\u00e9n muy f\u00e1cil de mantener, ayudando a conservar el aspecto limpio y moderno del ba\u00f1o. Este set combina perfectamente con grifer\u00eda y duchas en negro mate, logrando una est\u00e9tica coherente en todo el ambiente.<\/p>\n<p class=\"\" data-start=\"1357\" data-end=\"1378\"><strong data-start=\"1357\" data-end=\"1377\">Especificaciones<\/strong>:<\/p>\n<ul data-start=\"1379\" data-end=\"1608\">\n<li class=\"\" data-start=\"1379\" data-end=\"1414\">\n<p class=\"\" data-start=\"1381\" data-end=\"1414\">Tipo: Set de accesorios de ba\u00f1o<\/p>\n<\/li>\n<li class=\"\" data-start=\"1415\" data-end=\"1469\">\n<p class=\"\" data-start=\"1417\" data-end=\"1469\">Elementos incluidos: Toallero, portarollos, percha<\/p>\n<\/li>\n<li class=\"\" data-start=\"1470\" data-end=\"1507\">\n<p class=\"\" data-start=\"1472\" data-end=\"1507\">Material: Acero inoxidable SUS304<\/p>\n<\/li>\n<li class=\"\" data-start=\"1508\" data-end=\"1528\">\n<p class=\"\" data-start=\"1510\" data-end=\"1528\">Dise\u00f1o: Cuadrado<\/p>\n<\/li>\n<li class=\"\" data-start=\"1529\" data-end=\"1552\">\n<p class=\"\" data-start=\"1531\" data-end=\"1552\">Acabado: Negro mate<\/p>\n<\/li>\n<li class=\"\" data-start=\"1553\" data-end=\"1608\">\n<p class=\"\" data-start=\"1555\" data-end=\"1608\">Instalaci\u00f3n: Montaje a pared (torniller\u00eda incluida)<\/p>\n<\/li>\n<\/ul>\n","protected":false},"excerpt":{"rendered":"<p>Este set de accesorios de ba\u00f1o cuadrados en negro mate  [&#8230;]<\/p>\n","protected":false},"featured_media":880,"template":"","meta":[],"product_brand":[],"product_cat":[388],"product_tag":[],"serie":[],"manual-de-instalacion":[],"color":[27],"class_list":{"0":"post-877","1":"product","2":"type-product","3":"status-publish","4":"has-post-thumbnail","6":"product_cat-accesorios-2","7":"color-negro-mate","9":"first","10":"instock","11":"taxable","12":"shipping-taxable","13":"product-type-variable"},"_links":{"self":[{"href":"https:\/\/www.valaz.es\/fr\/wp-json\/wp\/v2\/product\/877","targetHints":{"allow":["GET"]}}],"collection":[{"href":"https:\/\/www.valaz.es\/fr\/wp-json\/wp\/v2\/product"}],"about":[{"href":"https:\/\/www.valaz.es\/fr\/wp-json\/wp\/v2\/types\/product"}],"wp:featuredmedia":[{"embeddable":true,"href":"https:\/\/www.valaz.es\/fr\/wp-json\/wp\/v2\/media\/880"}],"wp:attachment":[{"href":"https:\/\/www.valaz.es\/fr\/wp-json\/wp\/v2\/media?parent=877"}],"wp:term":[{"taxonomy":"product_brand","embeddable":true,"href":"https:\/\/www.valaz.es\/fr\/wp-json\/wp\/v2\/product_brand?post=877"},{"taxonomy":"product_cat","embeddable":true,"href":"https:\/\/www.valaz.es\/fr\/wp-json\/wp\/v2\/product_cat?post=877"},{"taxonomy":"product_tag","embeddable":true,"href":"https:\/\/www.valaz.es\/fr\/wp-json\/wp\/v2\/product_tag?post=877"},{"taxonomy":"serie","embeddable":true,"href":"https:\/\/www.valaz.es\/fr\/wp-json\/wp\/v2\/serie?post=877"},{"taxonomy":"manual-de-instalacion","embeddable":true,"href":"https:\/\/www.valaz.es\/fr\/wp-json\/wp\/v2\/manual-de-instalacion?post=877"},{"taxonomy":"color","embeddable":true,"href":"https:\/\/www.valaz.es\/fr\/wp-json\/wp\/v2\/color?post=877"}],"curies":[{"name":"wp","href":"https:\/\/api.w.org\/{rel}","templated":true}]}}