{"id":8758,"date":"2023-09-15T09:14:47","date_gmt":"2023-09-15T07:14:47","guid":{"rendered":"https:\/\/www.valaz.es\/producto\/douche-encastre-rond-chrome-poignee-luxury-serie-besaya\/"},"modified":"2023-09-15T09:14:47","modified_gmt":"2023-09-15T07:14:47","slug":"ducha-empotrada-monomando-pared-redonda-maneta-luxury-cromada-serie-besaya","status":"publish","type":"product","link":"https:\/\/www.valaz.es\/fr\/produit\/ducha-empotrada-monomando-pared-redonda-maneta-luxury-cromada-serie-besaya\/","title":{"rendered":"Douche encastr\u00e9 rond chrom\u00e9 poign\u00e9e luxury Serie Besaya"},"content":{"rendered":"<p>Comprend: Pommeau de douche disponible en 20, 25 et 30 cm avec support au mural. 2 sorties d&#8217;eau (pommeau de douche avec effet pluie et douchette) et flexible de 150cm.<\/p>\n<p>Mat\u00e9riaux: Pommeau de douche en acier inoxydable, mitigeur en laiton, douchette en PVC et flexible en acier inoxydable.<\/p>\n<p>Finition: Chrom\u00e9<\/p>\n<p>Fonctions: Douche avec fonction effet pluie et douchette.<\/p>\n","protected":false},"excerpt":{"rendered":"<p>Comprend: Pommeau de douche disponible en 20, 25 et 30  [&#8230;]<\/p>\n","protected":false},"featured_media":8233,"template":"","meta":[],"product_brand":[],"product_cat":[262],"product_tag":[],"serie":[358],"manual-de-instalacion":[227],"color":[293],"class_list":{"0":"post-8758","1":"product","2":"type-product","3":"status-publish","4":"has-post-thumbnail","6":"product_cat-douches-a-litalienne","7":"pa_tamano-rociador-20cm-fr","8":"pa_tamano-rociador-25cm-fr","9":"pa_tamano-rociador-30cm-fr","10":"serie-besaya-fr","11":"manual-de-instalacion-guia-instalacion-duchas-empotradas-monomando-fr","12":"color-cromo-fr","14":"first","15":"instock","16":"taxable","17":"shipping-taxable","18":"product-type-variable"},"_links":{"self":[{"href":"https:\/\/www.valaz.es\/fr\/wp-json\/wp\/v2\/product\/8758","targetHints":{"allow":["GET"]}}],"collection":[{"href":"https:\/\/www.valaz.es\/fr\/wp-json\/wp\/v2\/product"}],"about":[{"href":"https:\/\/www.valaz.es\/fr\/wp-json\/wp\/v2\/types\/product"}],"wp:featuredmedia":[{"embeddable":true,"href":"https:\/\/www.valaz.es\/fr\/wp-json\/wp\/v2\/media\/8233"}],"wp:attachment":[{"href":"https:\/\/www.valaz.es\/fr\/wp-json\/wp\/v2\/media?parent=8758"}],"wp:term":[{"taxonomy":"product_brand","embeddable":true,"href":"https:\/\/www.valaz.es\/fr\/wp-json\/wp\/v2\/product_brand?post=8758"},{"taxonomy":"product_cat","embeddable":true,"href":"https:\/\/www.valaz.es\/fr\/wp-json\/wp\/v2\/product_cat?post=8758"},{"taxonomy":"product_tag","embeddable":true,"href":"https:\/\/www.valaz.es\/fr\/wp-json\/wp\/v2\/product_tag?post=8758"},{"taxonomy":"serie","embeddable":true,"href":"https:\/\/www.valaz.es\/fr\/wp-json\/wp\/v2\/serie?post=8758"},{"taxonomy":"manual-de-instalacion","embeddable":true,"href":"https:\/\/www.valaz.es\/fr\/wp-json\/wp\/v2\/manual-de-instalacion?post=8758"},{"taxonomy":"color","embeddable":true,"href":"https:\/\/www.valaz.es\/fr\/wp-json\/wp\/v2\/color?post=8758"}],"curies":[{"name":"wp","href":"https:\/\/api.w.org\/{rel}","templated":true}]}}