{"id":8753,"date":"2023-09-15T09:03:20","date_gmt":"2023-09-15T07:03:20","guid":{"rendered":"https:\/\/www.valaz.es\/producto\/mitigeur-pour-lavabo-encastre-chrome-rond-poignee-luxury-serie-besaya\/"},"modified":"2023-09-15T09:03:20","modified_gmt":"2023-09-15T07:03:20","slug":"grifo-lavabo-empotrado-redondo-monomando-cromado-maneta-luxury-serie-besaya","status":"publish","type":"product","link":"https:\/\/www.valaz.es\/fr\/produit\/grifo-lavabo-empotrado-redondo-monomando-cromado-maneta-luxury-serie-besaya\/","title":{"rendered":"Mitigeur pour lavabo encastr\u00e9 chrom\u00e9 rond poign\u00e9e luxury Serie Besaya"},"content":{"rendered":"<p>Comprend : Corps du robinet en laiton, cartouche en c\u00e9ramique, mitigeur eau chaude et froide. Bec 21 cm.<\/p>\n<p>Finitions: chrom\u00e9<\/p>\n","protected":false},"excerpt":{"rendered":"<p>Comprend : Corps du robinet en laiton, cartouche en c\u00e9ramique,  [&#8230;]<\/p>\n","protected":false},"featured_media":8266,"template":"","meta":[],"product_brand":[],"product_cat":[276,273],"product_tag":[],"serie":[358],"manual-de-instalacion":[217],"color":[293],"class_list":{"0":"post-8753","1":"product","2":"type-product","3":"status-publish","4":"has-post-thumbnail","6":"product_cat-robinets-de-bassin","7":"product_cat-robinets-de-bassin-integres","8":"serie-besaya-fr","9":"manual-de-instalacion-guia-instalacion-grifo-lavabo-empotrado-sin-caja-fr","10":"color-cromo-fr","12":"first","13":"instock","14":"taxable","15":"shipping-taxable","16":"product-type-simple"},"_links":{"self":[{"href":"https:\/\/www.valaz.es\/fr\/wp-json\/wp\/v2\/product\/8753","targetHints":{"allow":["GET"]}}],"collection":[{"href":"https:\/\/www.valaz.es\/fr\/wp-json\/wp\/v2\/product"}],"about":[{"href":"https:\/\/www.valaz.es\/fr\/wp-json\/wp\/v2\/types\/product"}],"wp:featuredmedia":[{"embeddable":true,"href":"https:\/\/www.valaz.es\/fr\/wp-json\/wp\/v2\/media\/8266"}],"wp:attachment":[{"href":"https:\/\/www.valaz.es\/fr\/wp-json\/wp\/v2\/media?parent=8753"}],"wp:term":[{"taxonomy":"product_brand","embeddable":true,"href":"https:\/\/www.valaz.es\/fr\/wp-json\/wp\/v2\/product_brand?post=8753"},{"taxonomy":"product_cat","embeddable":true,"href":"https:\/\/www.valaz.es\/fr\/wp-json\/wp\/v2\/product_cat?post=8753"},{"taxonomy":"product_tag","embeddable":true,"href":"https:\/\/www.valaz.es\/fr\/wp-json\/wp\/v2\/product_tag?post=8753"},{"taxonomy":"serie","embeddable":true,"href":"https:\/\/www.valaz.es\/fr\/wp-json\/wp\/v2\/serie?post=8753"},{"taxonomy":"manual-de-instalacion","embeddable":true,"href":"https:\/\/www.valaz.es\/fr\/wp-json\/wp\/v2\/manual-de-instalacion?post=8753"},{"taxonomy":"color","embeddable":true,"href":"https:\/\/www.valaz.es\/fr\/wp-json\/wp\/v2\/color?post=8753"}],"curies":[{"name":"wp","href":"https:\/\/api.w.org\/{rel}","templated":true}]}}