{"id":8745,"date":"2023-08-30T14:21:23","date_gmt":"2023-08-30T12:21:23","guid":{"rendered":"https:\/\/www.valaz.es\/producto\/mitigeur-pour-vasque-a-poser-chrome-rond-avec-ouverture-eau-froid-au-centre-serie-ason\/"},"modified":"2023-08-30T14:21:23","modified_gmt":"2023-08-30T12:21:23","slug":"grifo-de-lavabo-alto-cromado-con-apertura-en-agua-fria-monomando-redondo-serie-ason","status":"publish","type":"product","link":"https:\/\/www.valaz.es\/fr\/produit\/grifo-de-lavabo-alto-cromado-con-apertura-en-agua-fria-monomando-redondo-serie-ason\/","title":{"rendered":"Mitigeur pour vasque \u00e0 poser chrom\u00e9 rond avec ouverture eau froid au centre serie Ason"},"content":{"rendered":"<p>Monocommande pour vasque \u00e0 poser avec ouverture eau froid au centre serie Ason<br \/>\nCorps du robinet laiton chrom\u00e9<br \/>\nCartouche c\u00e9ramique de 35 mm.<br \/>\nFlexible d&#8217;alimentation 3\/8<\/p>\n","protected":false},"excerpt":{"rendered":"<p>Monocommande pour vasque \u00e0 poser avec ouverture eau froid au  [&#8230;]<\/p>\n","protected":false},"featured_media":6909,"template":"","meta":[],"product_brand":[],"product_cat":[276],"product_tag":[],"serie":[357],"manual-de-instalacion":[216],"color":[293],"class_list":{"0":"post-8745","1":"product","2":"type-product","3":"status-publish","4":"has-post-thumbnail","6":"product_cat-robinets-de-bassin","7":"serie-ason-fr","8":"manual-de-instalacion-guia-instalacion-grifo-superficie-fr","9":"color-cromo-fr","11":"first","12":"instock","13":"taxable","14":"shipping-taxable","15":"product-type-simple"},"_links":{"self":[{"href":"https:\/\/www.valaz.es\/fr\/wp-json\/wp\/v2\/product\/8745","targetHints":{"allow":["GET"]}}],"collection":[{"href":"https:\/\/www.valaz.es\/fr\/wp-json\/wp\/v2\/product"}],"about":[{"href":"https:\/\/www.valaz.es\/fr\/wp-json\/wp\/v2\/types\/product"}],"wp:featuredmedia":[{"embeddable":true,"href":"https:\/\/www.valaz.es\/fr\/wp-json\/wp\/v2\/media\/6909"}],"wp:attachment":[{"href":"https:\/\/www.valaz.es\/fr\/wp-json\/wp\/v2\/media?parent=8745"}],"wp:term":[{"taxonomy":"product_brand","embeddable":true,"href":"https:\/\/www.valaz.es\/fr\/wp-json\/wp\/v2\/product_brand?post=8745"},{"taxonomy":"product_cat","embeddable":true,"href":"https:\/\/www.valaz.es\/fr\/wp-json\/wp\/v2\/product_cat?post=8745"},{"taxonomy":"product_tag","embeddable":true,"href":"https:\/\/www.valaz.es\/fr\/wp-json\/wp\/v2\/product_tag?post=8745"},{"taxonomy":"serie","embeddable":true,"href":"https:\/\/www.valaz.es\/fr\/wp-json\/wp\/v2\/serie?post=8745"},{"taxonomy":"manual-de-instalacion","embeddable":true,"href":"https:\/\/www.valaz.es\/fr\/wp-json\/wp\/v2\/manual-de-instalacion?post=8745"},{"taxonomy":"color","embeddable":true,"href":"https:\/\/www.valaz.es\/fr\/wp-json\/wp\/v2\/color?post=8745"}],"curies":[{"name":"wp","href":"https:\/\/api.w.org\/{rel}","templated":true}]}}