{"id":8738,"date":"2023-07-27T14:56:26","date_gmt":"2023-07-27T12:56:26","guid":{"rendered":"https:\/\/www.valaz.es\/producto\/mitigeur-pour-vasque-a-poser-or-mat-cascade-dore-brosse-serie-aljibe\/"},"modified":"2023-07-27T14:56:26","modified_gmt":"2023-07-27T12:56:26","slug":"grifo-de-lavabo-alto-pica-monomando-cascada-dorado-cepillado-serie-aljibe","status":"publish","type":"product","link":"https:\/\/www.valaz.es\/fr\/produit\/grifo-de-lavabo-alto-pica-monomando-cascada-dorado-cepillado-serie-aljibe\/","title":{"rendered":"Mitigeur pour vasque \u00e0 poser or mat cascade dor\u00e9 bross\u00e9 Serie Aljibe"},"content":{"rendered":"<p>Corps du robinet: Laiton<\/p>\n<p>Cartouche c\u00e9ramique monocommande<\/p>\n<p>Eau froide et chaude<\/p>\n<p>Tuyaux de raccordement inclus<\/p>\n","protected":false},"excerpt":{"rendered":"<p>Corps du robinet: Laiton Cartouche c\u00e9ramique monocommande Eau froide et  [&#8230;]<\/p>\n","protected":false},"featured_media":6422,"template":"","meta":[],"product_brand":[],"product_cat":[276],"product_tag":[],"serie":[118],"manual-de-instalacion":[216],"color":[355],"class_list":{"0":"post-8738","1":"product","2":"type-product","3":"status-publish","4":"has-post-thumbnail","6":"product_cat-robinets-de-bassin","7":"serie-aljibe-fr","8":"manual-de-instalacion-guia-instalacion-grifo-superficie-fr","9":"color-oro-mate-cepillado-fr","11":"first","12":"instock","13":"taxable","14":"shipping-taxable","15":"product-type-simple"},"_links":{"self":[{"href":"https:\/\/www.valaz.es\/fr\/wp-json\/wp\/v2\/product\/8738","targetHints":{"allow":["GET"]}}],"collection":[{"href":"https:\/\/www.valaz.es\/fr\/wp-json\/wp\/v2\/product"}],"about":[{"href":"https:\/\/www.valaz.es\/fr\/wp-json\/wp\/v2\/types\/product"}],"wp:featuredmedia":[{"embeddable":true,"href":"https:\/\/www.valaz.es\/fr\/wp-json\/wp\/v2\/media\/6422"}],"wp:attachment":[{"href":"https:\/\/www.valaz.es\/fr\/wp-json\/wp\/v2\/media?parent=8738"}],"wp:term":[{"taxonomy":"product_brand","embeddable":true,"href":"https:\/\/www.valaz.es\/fr\/wp-json\/wp\/v2\/product_brand?post=8738"},{"taxonomy":"product_cat","embeddable":true,"href":"https:\/\/www.valaz.es\/fr\/wp-json\/wp\/v2\/product_cat?post=8738"},{"taxonomy":"product_tag","embeddable":true,"href":"https:\/\/www.valaz.es\/fr\/wp-json\/wp\/v2\/product_tag?post=8738"},{"taxonomy":"serie","embeddable":true,"href":"https:\/\/www.valaz.es\/fr\/wp-json\/wp\/v2\/serie?post=8738"},{"taxonomy":"manual-de-instalacion","embeddable":true,"href":"https:\/\/www.valaz.es\/fr\/wp-json\/wp\/v2\/manual-de-instalacion?post=8738"},{"taxonomy":"color","embeddable":true,"href":"https:\/\/www.valaz.es\/fr\/wp-json\/wp\/v2\/color?post=8738"}],"curies":[{"name":"wp","href":"https:\/\/api.w.org\/{rel}","templated":true}]}}