{"id":8707,"date":"2023-03-09T13:38:03","date_gmt":"2023-03-09T12:38:03","guid":{"rendered":"https:\/\/www.valaz.es\/producto\/robinet-lavabo-encastrable-rond-monocommande-or-vieilli-bec-26cm-serie-guadiana\/"},"modified":"2023-10-18T10:57:33","modified_gmt":"2023-10-18T08:57:33","slug":"grifo-lavabo-empotrado-redondo-monomando-dorado-envejecido-cano-26cm-serie-guadiana","status":"publish","type":"product","link":"https:\/\/www.valaz.es\/fr\/produit\/grifo-lavabo-empotrado-redondo-monomando-dorado-envejecido-cano-26cm-serie-guadiana\/","title":{"rendered":"Robinet lavabo encastrable rond monocommande or vieilli bec 26cm serie Guadiana"},"content":{"rendered":"<p>Comprend : Corps du robinet en laiton, cartouche en c\u00e9ramique, mitigeur eau chaude et froide. Bec 26 cm<\/p>\n<p><span class=\"a-list-item\">Finitions: or vieilli.<\/span><\/p>\n","protected":false},"excerpt":{"rendered":"<p>S\u00e9rie Guadiana aux lignes courbes et rondes. Elle se distingue par sa simplicit\u00e9 et son \u00e9l\u00e9gance, l&#8217;une de nos s\u00e9ries les plus minimalistes et modernes. Vous avez la posibilite d&#8217;acheter la douche encastr\u00e9 au plafond ou au mur, des robinets pour lavabo et bidet. C&#8217;est l&#8217;une des s\u00e9ries les plus compl\u00e8tes en termes de produits avec le meilleur rapport qualit\u00e9-prix. Avec des finitions en chrome, dor\u00e9 bross\u00e9, noir mat, acier bross\u00e9, Gun metal, or vieilli et blanc.<\/p>\n<p>La garantie de tous nos produits est de 3 ans, pour le fonctionnement, la dur\u00e9e de l&#8217;\u00e9maillage et l&#8217;anti-corrosion.<\/p>\n<p>Nous recommandons un entretien correct pour \u00e9viter la d\u00e9t\u00e9rioration due \u00e0 l&#8217;utilisation. S\u00e9chez les gouttes d&#8217;eau avec un chiffon doux apr\u00e8s utilisation, en \u00e9vitant qu&#8217;elles ne se d\u00e9posent sur la surface et ne d\u00e9t\u00e9riorent la finition, n&#8217;utilisez pas d&#8217;\u00e9ponges qui pourraient rayer le robinet, utilisez des nettoyants tels que du vinaigre de nettoyage, de l&#8217;eau chaude et du savon au pH neutre.<\/p>\n<p>&nbsp;<\/p>\n<p><strong>Notre service technique dispose de guides pour tous nos mod\u00e8les encastrables.Si vous avez des questions sur l&#8217;installation, contactez-nous par t\u00e9l\u00e9phone, WhatsApp ou par e-mail.<strong><\/strong><\/strong><\/p>\n<p><strong>N&#8217;oubliez pas qu&#8217;une fois le corps encastrable du robinet est install\u00e9, vous devez v\u00e9rifier son bon fonctionnement (passage d&#8217;eau, cartouche&#8230;), si vous d\u00e9tectez une anomalie, contactez-nous pour vous aider, ne continuez pas avec l&#8217;installation.<\/strong><\/p>\n","protected":false},"featured_media":10688,"template":"","meta":[],"product_brand":[],"product_cat":[276,273],"product_tag":[],"serie":[153],"manual-de-instalacion":[217],"color":[299],"class_list":{"0":"post-8707","1":"product","2":"type-product","3":"status-publish","4":"has-post-thumbnail","6":"product_cat-robinets-de-bassin","7":"product_cat-robinets-de-bassin-integres","8":"serie-guadiana-fr","9":"manual-de-instalacion-guia-instalacion-grifo-lavabo-empotrado-sin-caja-fr","10":"color-dorado-envejecido-fr","12":"first","13":"instock","14":"taxable","15":"shipping-taxable","16":"product-type-simple"},"_links":{"self":[{"href":"https:\/\/www.valaz.es\/fr\/wp-json\/wp\/v2\/product\/8707","targetHints":{"allow":["GET"]}}],"collection":[{"href":"https:\/\/www.valaz.es\/fr\/wp-json\/wp\/v2\/product"}],"about":[{"href":"https:\/\/www.valaz.es\/fr\/wp-json\/wp\/v2\/types\/product"}],"wp:featuredmedia":[{"embeddable":true,"href":"https:\/\/www.valaz.es\/fr\/wp-json\/wp\/v2\/media\/10688"}],"wp:attachment":[{"href":"https:\/\/www.valaz.es\/fr\/wp-json\/wp\/v2\/media?parent=8707"}],"wp:term":[{"taxonomy":"product_brand","embeddable":true,"href":"https:\/\/www.valaz.es\/fr\/wp-json\/wp\/v2\/product_brand?post=8707"},{"taxonomy":"product_cat","embeddable":true,"href":"https:\/\/www.valaz.es\/fr\/wp-json\/wp\/v2\/product_cat?post=8707"},{"taxonomy":"product_tag","embeddable":true,"href":"https:\/\/www.valaz.es\/fr\/wp-json\/wp\/v2\/product_tag?post=8707"},{"taxonomy":"serie","embeddable":true,"href":"https:\/\/www.valaz.es\/fr\/wp-json\/wp\/v2\/serie?post=8707"},{"taxonomy":"manual-de-instalacion","embeddable":true,"href":"https:\/\/www.valaz.es\/fr\/wp-json\/wp\/v2\/manual-de-instalacion?post=8707"},{"taxonomy":"color","embeddable":true,"href":"https:\/\/www.valaz.es\/fr\/wp-json\/wp\/v2\/color?post=8707"}],"curies":[{"name":"wp","href":"https:\/\/api.w.org\/{rel}","templated":true}]}}